{"id":3278,"date":"2021-01-16T23:56:36","date_gmt":"2021-01-16T22:56:36","guid":{"rendered":"http:\/\/1bedrift.no\/?page_id=3278"},"modified":"2024-04-11T10:35:11","modified_gmt":"2024-04-11T08:35:11","slug":"meist","status":"publish","type":"page","link":"https:\/\/1bedrift.no\/et\/meist\/","title":{"rendered":"Meist"},"content":{"rendered":"<div id=\"pl-3278\"  class=\"panel-layout\" ><div id=\"pg-3278-0\"  class=\"panel-grid panel-no-style\" ><div id=\"pgc-3278-0-0\"  class=\"panel-grid-cell\" ><div id=\"panel-3278-0-0-0\" class=\"so-panel widget widget_page-hero-about-widget panel-first-child\" data-index=\"0\" ><div\n\t\t\t\n\t\t\tclass=\"so-widget-page-hero-about-widget so-widget-page-hero-about-widget-base\"\n\t\t\t\n\t\t>\t\t<style>\r\n\t\t\t.page-hero {\r\n\t\t\t\tbackground-image: url('https:\/\/1bedrift&#46;n&#111;&#47;&#119;&#112;&#45;&#99;&#111;&#110;&#116;&#101;&#110;&#116;&#47;&#117;&#112;&#x6c;&#x6f;&#x61;&#x64;&#x73;&#x2f;&#x32;&#x30;&#x32;&#x30;&#x2f;&#x30;&#x34;&#x2f;&#x48;&#x65;&#x61;&#x64;&#x65;&#x72;&#x5f;&#x42;&#x47;_about_us&#64;2x&#45;&#49;&#45;&#49;&#50;&#48;&#48;&#120;&#55;&#49;&#57;&#46;&#106;&#112;&#103;');\r\n\t\t\t}\r\n\r\n\t\t\t@media screen and (min-width: 1200px) {\r\n\t\t\t\t.page-hero {\r\n\t\t\t\t\tbackground-image: url('https:&#47;&#x2f;&#x31;b&#101;&#x64;r&#105;&#x66;&#x74;&#46;&#x6e;&#x6f;\/&#119;&#x70;-&#99;&#x6f;&#x6e;&#116;&#x65;&#x6e;t&#47;&#x75;p&#108;&#x6f;&#x61;&#100;&#x73;&#x2f;2&#48;&#x32;0&#47;&#x30;&#x34;&#47;&#x48;&#x65;a&#100;&#x65;r&#95;&#x42;&#x47;&#95;&#x61;&#x62;o&#117;&#x74;_&#117;&#x73;&#x40;&#50;&#x78;&#x2d;1&#45;&#x73;c&#97;&#x6c;&#x65;&#100;&#x2e;&#x6a;p&#103;');\r\n\t\t\t\t}\r\n\t\t\t}\r\n\t\t<\/style>\r\n\t\r\n<div class=\"tilt-block tilt-block--bottom\">\r\n\t<div class=\"page-hero page-hero--about\">\r\n\t\t<div class=\"row align-center\">\r\n\t\t\t<div class=\"small-12 column\">\r\n\t\t\t\t<div class=\"page-hero__content\">\r\n\t\t\t\t\t<h1 class=\"page-hero__heading title-underline-white title-underline-white--left\">\r\n\t\t\t\t\t\tMeist\t\t\t\t\t<\/h1>\r\n\r\n\t\t\t\t\t<div class=\"page-hero__subheading\">\r\n\t\t\t\t\t\t<p>1Bedrift.no on <strong>esimene platvorm Norras<\/strong>, mis v\u00f5imaldab v\u00e4lisettev\u00f5tjatel Norras registreerimise kulusid lihtsustada, kiireks muuta ja m\u00e4rkimisv\u00e4\u00e4rselt v\u00e4hendada.<\/p>\n<p><strong>K\u00f5ik, mida tegema peab, on:<\/strong><\/p>\n<ul>\n<li>T\u00e4itke l\u00fchike ja h\u00f5lpsasti m\u00f5istetav vorm, kasutades teile k\u00f5ige mugavamat liidese keelt.<\/li>\n<li>Allkirjasta 1Bedrift.no-ga loodud dokumente ning saada neid meie spetsialistidele.<\/li>\n<li>Me teeme siis \u00fclej\u00e4\u00e4nu.<\/li>\n<\/ul>\n<p>Projekt t\u00f6\u00f6tati v\u00e4lja Norras v\u00e4lisettev\u00f5tetega pikaajaliste kogemuste p\u00f5hjal.<\/p>\n\t\t\t\t\t<\/div>\r\n\r\n\t\t\t\t\t\t\t\t\t\t\t<div class=\"page-hero__about-image\">\r\n\t\t\t\t\t\t\t<img decoding=\"async\" src=\"https:\/\/1bedrift.no\/wp-content\/uploads\/2020\/04\/about-us-map.svg\" srcset=\"\" alt=\"\">\r\n\t\t\t\t\t\t<\/div>\r\n\t\t\t\t\t\t\t\t\t<\/div>\r\n\t\t\t<\/div>\r\n\t\t<\/div>\r\n\t<\/div>\r\n<\/div><\/div><\/div><div id=\"panel-3278-0-0-1\" class=\"so-panel widget widget_norus-integration-widget\" data-index=\"1\" ><div\n\t\t\t\n\t\t\tclass=\"so-widget-norus-integration-widget so-widget-norus-integration-widget-base\"\n\t\t\t\n\t\t>\r\n<div class=\"tilt-block tilt-block--top-bottom tilt-block--move-up\">\r\n\t<div class=\"norus-integration\">\r\n\t\t<div class=\"tilt-block__padding-holder\">\r\n\t\t\t<div class=\"row align-center\">\r\n\t\t\t\t<div class=\"small-12 medium-10 large-9 column\">\r\n\t\t\t\t\t<div class=\"norus-integration__logos\">\r\n\t\t\t\t\t\t<div class=\"norus-integration__logo\"\r\n\t\t\t\t\t\t\t style=\"background-image: url('https:\/\/1bedrift.no\/wp-content\/uploads\/2020\/04\/1bedrift-logo-dark.svg')\"><\/div>\r\n\r\n\t\t\t\t\t\t<div class=\"norus-integration__arrow norus-integration__arrow--large show-for-medium\"><\/div>\r\n\t\t\t\t\t\t<div class=\"norus-integration__arrow norus-integration__arrow--small hide-for-medium\"><\/div>\r\n\r\n\t\t\t\t\t\t<div class=\"norus-integration__logo\"\r\n\t\t\t\t\t\t\t style=\"background-image: url('https:\/\/1bedrift.no\/wp-content\/uploads\/2020\/04\/Norus-logo-500x216.png')\"><\/div>\r\n\t\t\t\t\t<\/div>\r\n\r\n\t\t\t\t\t<div class=\"norus-integration__content\">\r\n\t\t\t\t\t\t<p>1Bedrift.no on <a href=\"https:\/\/norus-regnskap.no\">Norus Accounting AS<\/a> juhtivspetsialistidega v\u00e4lja t\u00f6\u00f6tatud ainulaadne platvorm, mis on spetsialiseerunud raamatupidamisele ja maksutoetusteenuste osutamisele igat liiki omandivormis juriidilistele isikutele Norras (alates registreerimisest kuni likvideerimiseni).<\/p>\n<p>V\u00f5tke meiega \u00fchendust endale sobival ajal asjatundlikku abi v\u00f5i n\u00f5u saamiseks.<\/p>\n\t\t\t\t\t<\/div>\r\n\r\n\t\t\t\t\t<div class=\"text-center\">\r\n\t\t\t\t\t\t<a href=\"https:\/\/norus-regnskap.no\/\" class=\"norus-integration__button button button--blue\">\r\n\t\t\t\t\t\t\tVaata rohkem\t\t\t\t\t\t<\/a>\r\n\t\t\t\t\t<\/div>\r\n\t\t\t\t<\/div>\r\n\t\t\t<\/div>\r\n\t\t<\/div>\r\n\t<\/div>\r\n<\/div><\/div><\/div><div id=\"panel-3278-0-0-2\" class=\"so-panel widget widget_team-widget panel-last-child\" data-index=\"2\" ><div\n\t\t\t\n\t\t\tclass=\"so-widget-team-widget so-widget-team-widget-base\"\n\t\t\t\n\t\t>\r\n<div class=\"our-team\">\r\n\t<div class=\"row\">\r\n\t\t<div class=\"column text-center\">\r\n\t\t\t<h2 class=\"our-team__heading heading-h2\">\r\n\t\t\t\tMeie meeskond\t\t\t<\/h2>\r\n\t\t<\/div>\r\n\t<\/div>\r\n\r\n\t<div class=\"our-team-grid\">\r\n\t\t<div class=\"row\">\r\n\t\t\t\t\t\t\t<div class=\"small-12 medium-6 large-4 column\">\r\n\t\t\t\t\t<div class=\"member-card\">\r\n\t\t\t\t\t\t<div class=\"member-card__image\" style=\"background-image:url(https:\/\/1bedrift.no\/wp-content\/uploads\/2022\/10\/agne-lavickiene-400x500.jpg)\"><\/div>\r\n\r\n\t\t\t\t\t\t<h3 class=\"member-card__name\" data-mh=\"member-card__name\">\r\n\t\t\t\t\t\t\tAgne Lavickiene\t\t\t\t\t\t<\/h3>\r\n\r\n\t\t\t\t\t\t<p class=\"member-card__description\">\r\n\t\t\t\t\t\t\tPeadirektor, turundusspetsialist\t\t\t\t\t\t<\/p>\r\n\t\t\t\t\t<\/div>\r\n\t\t\t\t<\/div>\r\n\t\t\t\t\t<\/div>\r\n\t<\/div>\r\n<\/div><\/div><\/div><\/div><\/div><\/div>","protected":false},"excerpt":{"rendered":"<p>Meist 1Bedrift.no on esimene platvorm Norras, mis v\u00f5imaldab v\u00e4lisettev\u00f5tjatel Norras registreerimise kulusid lihtsustada, kiireks muuta ja m\u00e4rkimisv\u00e4\u00e4rselt v\u00e4hendada. K\u00f5ik, mida tegema peab,&#8230;<\/p>\n","protected":false},"author":1,"featured_media":0,"parent":0,"menu_order":0,"comment_status":"closed","ping_status":"closed","template":"","meta":{"_acf_changed":false,"footnotes":""},"class_list":["post-3278","page","type-page","status-publish","hentry"],"acf":[],"yoast_head":"<!-- This site is optimized with the Yoast SEO plugin v25.6 - https:\/\/yoast.com\/wordpress\/plugins\/seo\/ -->\n<title>Meist &#8226; 1bedrift<\/title>\n<meta name=\"robots\" content=\"index, follow, max-snippet:-1, max-image-preview:large, max-video-preview:-1\" \/>\n<link rel=\"canonical\" href=\"https:\/\/1bedrift.no\/et\/meist\/\" \/>\n<meta property=\"og:locale\" content=\"et_EE\" \/>\n<meta property=\"og:type\" content=\"article\" \/>\n<meta property=\"og:title\" content=\"Meist &#8226; 1bedrift\" \/>\n<meta property=\"og:description\" content=\"Meist 1Bedrift.no on esimene platvorm Norras, mis v\u00f5imaldab v\u00e4lisettev\u00f5tjatel Norras registreerimise kulusid lihtsustada, kiireks muuta ja m\u00e4rkimisv\u00e4\u00e4rselt v\u00e4hendada. K\u00f5ik, mida tegema peab,...\" \/>\n<meta property=\"og:url\" content=\"https:\/\/1bedrift.no\/et\/meist\/\" \/>\n<meta property=\"og:site_name\" content=\"1bedrift\" \/>\n<meta property=\"article:modified_time\" content=\"2024-04-11T08:35:11+00:00\" \/>\n<meta property=\"og:image\" content=\"https:\/\/1bedrift.no\/wp-content\/uploads\/2020\/09\/1bedrift-logo-square.png\" \/>\n\t<meta property=\"og:image:width\" content=\"400\" \/>\n\t<meta property=\"og:image:height\" content=\"400\" \/>\n\t<meta property=\"og:image:type\" content=\"image\/png\" \/>\n<meta name=\"twitter:card\" content=\"summary_large_image\" \/>\n<meta name=\"twitter:label1\" content=\"Est. reading time\" \/>\n\t<meta name=\"twitter:data1\" content=\"3 minutit\" \/>\n<script type=\"application\/ld+json\" class=\"yoast-schema-graph\">{\"@context\":\"https:\/\/schema.org\",\"@graph\":[{\"@type\":\"WebPage\",\"@id\":\"https:\/\/1bedrift.no\/et\/meist\/\",\"url\":\"https:\/\/1bedrift.no\/et\/meist\/\",\"name\":\"Meist &#8226; 1bedrift\",\"isPartOf\":{\"@id\":\"https:\/\/1bedrift.no\/et\/#website\"},\"datePublished\":\"2021-01-16T22:56:36+00:00\",\"dateModified\":\"2024-04-11T08:35:11+00:00\",\"breadcrumb\":{\"@id\":\"https:\/\/1bedrift.no\/et\/meist\/#breadcrumb\"},\"inLanguage\":\"et\",\"potentialAction\":[{\"@type\":\"ReadAction\",\"target\":[\"https:\/\/1bedrift.no\/et\/meist\/\"]}]},{\"@type\":\"BreadcrumbList\",\"@id\":\"https:\/\/1bedrift.no\/et\/meist\/#breadcrumb\",\"itemListElement\":[{\"@type\":\"ListItem\",\"position\":1,\"name\":\"Avaleht\",\"item\":\"https:\/\/1bedrift.no\/et\/\"},{\"@type\":\"ListItem\",\"position\":2,\"name\":\"Meist\"}]},{\"@type\":\"WebSite\",\"@id\":\"https:\/\/1bedrift.no\/et\/#website\",\"url\":\"https:\/\/1bedrift.no\/et\/\",\"name\":\"1bedrift\",\"description\":\"Consulting and accounting services\",\"potentialAction\":[{\"@type\":\"SearchAction\",\"target\":{\"@type\":\"EntryPoint\",\"urlTemplate\":\"https:\/\/1bedrift.no\/et\/?s={search_term_string}\"},\"query-input\":{\"@type\":\"PropertyValueSpecification\",\"valueRequired\":true,\"valueName\":\"search_term_string\"}}],\"inLanguage\":\"et\"}]}<\/script>\n<!-- \/ Yoast SEO plugin. -->","yoast_head_json":{"title":"Meist &#8226; 1bedrift","robots":{"index":"index","follow":"follow","max-snippet":"max-snippet:-1","max-image-preview":"max-image-preview:large","max-video-preview":"max-video-preview:-1"},"canonical":"https:\/\/1bedrift.no\/et\/meist\/","og_locale":"et_EE","og_type":"article","og_title":"Meist &#8226; 1bedrift","og_description":"Meist 1Bedrift.no on esimene platvorm Norras, mis v\u00f5imaldab v\u00e4lisettev\u00f5tjatel Norras registreerimise kulusid lihtsustada, kiireks muuta ja m\u00e4rkimisv\u00e4\u00e4rselt v\u00e4hendada. K\u00f5ik, mida tegema peab,...","og_url":"https:\/\/1bedrift.no\/et\/meist\/","og_site_name":"1bedrift","article_modified_time":"2024-04-11T08:35:11+00:00","og_image":[{"width":400,"height":400,"url":"https:\/\/1bedrift.no\/wp-content\/uploads\/2020\/09\/1bedrift-logo-square.png","type":"image\/png"}],"twitter_card":"summary_large_image","twitter_misc":{"Est. reading time":"3 minutit"},"schema":{"@context":"https:\/\/schema.org","@graph":[{"@type":"WebPage","@id":"https:\/\/1bedrift.no\/et\/meist\/","url":"https:\/\/1bedrift.no\/et\/meist\/","name":"Meist &#8226; 1bedrift","isPartOf":{"@id":"https:\/\/1bedrift.no\/et\/#website"},"datePublished":"2021-01-16T22:56:36+00:00","dateModified":"2024-04-11T08:35:11+00:00","breadcrumb":{"@id":"https:\/\/1bedrift.no\/et\/meist\/#breadcrumb"},"inLanguage":"et","potentialAction":[{"@type":"ReadAction","target":["https:\/\/1bedrift.no\/et\/meist\/"]}]},{"@type":"BreadcrumbList","@id":"https:\/\/1bedrift.no\/et\/meist\/#breadcrumb","itemListElement":[{"@type":"ListItem","position":1,"name":"Avaleht","item":"https:\/\/1bedrift.no\/et\/"},{"@type":"ListItem","position":2,"name":"Meist"}]},{"@type":"WebSite","@id":"https:\/\/1bedrift.no\/et\/#website","url":"https:\/\/1bedrift.no\/et\/","name":"1bedrift","description":"Consulting and accounting services","potentialAction":[{"@type":"SearchAction","target":{"@type":"EntryPoint","urlTemplate":"https:\/\/1bedrift.no\/et\/?s={search_term_string}"},"query-input":{"@type":"PropertyValueSpecification","valueRequired":true,"valueName":"search_term_string"}}],"inLanguage":"et"}]}},"_links":{"self":[{"href":"https:\/\/1bedrift.no\/et\/wp-json\/wp\/v2\/pages\/3278","targetHints":{"allow":["GET"]}}],"collection":[{"href":"https:\/\/1bedrift.no\/et\/wp-json\/wp\/v2\/pages"}],"about":[{"href":"https:\/\/1bedrift.no\/et\/wp-json\/wp\/v2\/types\/page"}],"author":[{"embeddable":true,"href":"https:\/\/1bedrift.no\/et\/wp-json\/wp\/v2\/users\/1"}],"replies":[{"embeddable":true,"href":"https:\/\/1bedrift.no\/et\/wp-json\/wp\/v2\/comments?post=3278"}],"version-history":[{"count":4,"href":"https:\/\/1bedrift.no\/et\/wp-json\/wp\/v2\/pages\/3278\/revisions"}],"predecessor-version":[{"id":14417,"href":"https:\/\/1bedrift.no\/et\/wp-json\/wp\/v2\/pages\/3278\/revisions\/14417"}],"wp:attachment":[{"href":"https:\/\/1bedrift.no\/et\/wp-json\/wp\/v2\/media?parent=3278"}],"curies":[{"name":"wp","href":"https:\/\/api.w.org\/{rel}","templated":true}]}}