{"id":1255,"date":"2020-08-17T12:44:53","date_gmt":"2020-08-17T12:44:53","guid":{"rendered":"http:\/\/1bedrift.no\/?page_id=1255"},"modified":"2024-04-11T10:11:15","modified_gmt":"2024-04-11T08:11:15","slug":"nachalo","status":"publish","type":"page","link":"https:\/\/1bedrift.no\/lt\/","title":{"rendered":"Paslaugos"},"content":{"rendered":"<div id=\"pl-1255\"  class=\"panel-layout\" ><div id=\"pg-1255-0\"  class=\"panel-grid panel-no-style\" ><div id=\"pgc-1255-0-0\"  class=\"panel-grid-cell\" ><div id=\"panel-1255-0-0-0\" class=\"so-panel widget widget_services-widget panel-first-child panel-last-child\" data-index=\"0\" ><div\n\t\t\t\n\t\t\tclass=\"so-widget-services-widget so-widget-services-widget-base\"\n\t\t\t\n\t\t>\r\n<div class=\"tilt-block tilt-block--bottom\">\r\n\t<div class=\"services-landing tilt-block__padding-holder\">\r\n\r\n\t\t\t\t<style>\r\n\t\t\t.page-hero {\r\n\t\t\t\tbackground-image: url('https:\/&#47;&#49;&#x62;&#x65;&#x64;&#x72;i&#102;&#116;&#46;&#x6e;&#x6f;&#x2f;wp&#45;&#99;&#x6f;&#x6e;&#x74;en&#116;&#47;&#x75;&#x70;&#x6c;oa&#100;&#115;&#x2f;&#x32;&#x30;20&#47;&#48;&#x34;&#x2f;&#x48;ea&#100;&#101;&#x72;&#x5f;&#x42;&#x47;_&#72;&#111;&#x6d;&#x65;&#x40;&#x32;x&#45;&#49;&#45;&#x31;&#x32;&#x30;0x&#51;&#50;&#x39;&#x2e;&#x6a;pg');\r\n\t\t\t}\r\n\r\n\t\t\t@media screen and (min-width: 1200px) {\r\n\t\t\t\t.page-hero {\r\n\t\t\t\t\tbackground-image: url('https:&#47;\/&#49;b&#101;d&#x72;i&#x66;t&#x2e;n&#x6f;\/&#x77;p&#x2d;c&#x6f;n&#x74;e&#x6e;t&#x2f;&#117;&#x70;&#108;&#x6f;&#97;&#x64;&#115;&#x2f;&#50;&#x30;&#50;&#x30;&#47;&#x30;&#52;&#x2f;&#72;&#x65;&#97;&#x64;&#101;&#x72;&#95;&#x42;&#71;_&#72;o&#109;e&#x40;2&#x78;-&#x31;-&#x73;c&#x61;l&#x65;d&#x2e;j&#x70;g');\r\n\t\t\t\t}\r\n\t\t\t}\r\n\t\t<\/style>\r\n\t\r\n<div class=\"tilt-block tilt-block--bottom\">\r\n\t<div class=\"page-hero page-hero--services\">\r\n\t\t<div class=\"row align-center\">\r\n\t\t\t<div class=\"small-12 large-8 column text-center\">\r\n\t\t\t\t<div class=\"page-hero__content\">\r\n\t\t\t\t\t<h1 class=\"page-hero__heading\">\r\n\t\t\t\t\t\tM\u016aS\u0172 PASLAUGOS\t\t\t\t\t<\/h1>\r\n\r\n\t\t\t\t\t<div class=\"page-hero__subheading\">\r\n\t\t\t\t\t\t<p>1Bedrift.no yra unikali platforma, kuri pad\u0117s \u012fregistruoti savo \u012fmon\u0119, taip pat greitai, lengvai, efektyviai ir savaranki\u0161kai \u012fforminti visus reikalingus pakeitimus j\u016bs\u0173 \u012fmon\u0117je..<\/p>\n<p>Dokumentams formuoti naudok savo gimt\u0105j\u0105 ar patogi\u0105 s\u0105sajos kalb\u0105. Galutin\u012f rezultat\u0105 gausi formatu, kurio oficialiai reikalaujama Norvegijoje.<\/p>\n<p>Platform\u0105 suk\u016br\u0117 \u012fmon\u0117s <a href=\"https:\/\/norus-regnskap.no\/\">Norus Accounting AS<\/a> ekspertai.<\/p>\n\t\t\t\t\t<\/div>\r\n\t\t\t\t<\/div>\r\n\t\t\t<\/div>\r\n\t\t<\/div>\r\n\t<\/div>\r\n<\/div>\r\n\r\n\t\t<div class=\"services-grid\">\r\n\r\n\t\t\t<div class=\"row\">\r\n\t\t\t\t\t\t\t\t\t<div class=\"small-12 medium-6 large-4 column services-grid__item\">\r\n\t\t\t\t\t\t<div class=\"service-card \">\r\n\t\t\t\t\t\t\t<a href=\"https:\/\/1bedrift.no\/lt\/produktas\/juridinio-ir-arba-pasto-adreso-imonei-suteikimas\/\" class=\"service-card__image\"\r\n\t\t\t\t\t\t\t   style=\"background-image:url(https:\/\/1bedrift.no\/wp-content\/uploads\/2020\/04\/Virtual_adress.png)\"><\/a>\r\n\r\n\t\t\t\t\t\t\t<h3 class=\"service-card__title\" data-mh=\"service-card__title\">\r\n\t\t\t\t\t\t\t\t<a href=\"https:\/\/1bedrift.no\/lt\/produktas\/juridinio-ir-arba-pasto-adreso-imonei-suteikimas\/\">\r\n\t\t\t\t\t\t\t\t\tJuridinio ir\/arba pa\u0161to adreso \u012fmonei suteikimas\t\t\t\t\t\t\t\t<\/a>\r\n\t\t\t\t\t\t\t<\/h3>\r\n\r\n\t\t\t\t\t\t\t<p class=\"service-card__description\" data-mh=\"service-card__description\">\r\n\t\t\t\t\t\t\t\t\t\t\t\t\t\t\t<\/p>\r\n\r\n\t\t\t\t\t\t\t<a href=\"https:\/\/1bedrift.no\/lt\/produktas\/juridinio-ir-arba-pasto-adreso-imonei-suteikimas\/\" class=\"service-card__link\">\r\n\t\t\t\t\t\t\t\tPla\u010diau\t\t\t\t\t\t\t\t<svg xmlns=\"http:\/\/www.w3.org\/2000\/svg\" width=\"22\" height=\"12\" viewBox=\"0 0 22 12\"><path d=\"M1 7c-.1 0-.3 0-.4-.1-.1 0-.2-.1-.3-.2C.1 6.6 0 6.3 0 6c0-.3.1-.5.3-.7.1-.1.2-.1.3-.2.2-.1.5-.1.8 0 .1 0 .2.1.3.2.2.2.3.5.3.7 0 .3-.1.5-.3.7l-.3.3H1z\" fill=\"#ff5512\"\/><path d=\"M21.7 5.3L16.8.4c-.4-.4-1-.4-1.4 0-.4.4-.4 1 0 1.4L18.6 5H4.5c-.6 0-1 .4-1 1s.4 1 1 1h14.1l-3.2 3.2c-.4.4-.4 1 0 1.4.2.2.5.3.7.3.2 0 .5-.1.7-.3l4.9-4.9c.4-.3.4-1 0-1.4z\" fill=\"#2177d6\"\/><\/svg>\n\t\t\t\t\t\t\t<\/a>\r\n\t\t\t\t\t\t<\/div>\r\n\t\t\t\t\t<\/div>\r\n\t\t\t\t\t\t\t\t\t<div class=\"small-12 medium-6 large-4 column services-grid__item\">\r\n\t\t\t\t\t\t<div class=\"service-card \">\r\n\t\t\t\t\t\t\t<a href=\"https:\/\/1bedrift.no\/lt\/produktas\/registruotos-ir-paruostos-veikti-imones-pirkimas\/\" class=\"service-card__image\"\r\n\t\t\t\t\t\t\t   style=\"background-image:url(https:\/\/1bedrift.no\/wp-content\/uploads\/2020\/04\/Sale_of_companies.png)\"><\/a>\r\n\r\n\t\t\t\t\t\t\t<h3 class=\"service-card__title\" data-mh=\"service-card__title\">\r\n\t\t\t\t\t\t\t\t<a href=\"https:\/\/1bedrift.no\/lt\/produktas\/registruotos-ir-paruostos-veikti-imones-pirkimas\/\">\r\n\t\t\t\t\t\t\t\t\tRegistruotos ir paruo\u0161tos veikti \u012fmon\u0117s pirkimas\t\t\t\t\t\t\t\t<\/a>\r\n\t\t\t\t\t\t\t<\/h3>\r\n\r\n\t\t\t\t\t\t\t<p class=\"service-card__description\" data-mh=\"service-card__description\">\r\n\t\t\t\t\t\t\t\t\t\t\t\t\t\t\t<\/p>\r\n\r\n\t\t\t\t\t\t\t<a href=\"https:\/\/1bedrift.no\/lt\/produktas\/registruotos-ir-paruostos-veikti-imones-pirkimas\/\" class=\"service-card__link\">\r\n\t\t\t\t\t\t\t\tPla\u010diau\t\t\t\t\t\t\t\t<svg xmlns=\"http:\/\/www.w3.org\/2000\/svg\" width=\"22\" height=\"12\" viewBox=\"0 0 22 12\"><path d=\"M1 7c-.1 0-.3 0-.4-.1-.1 0-.2-.1-.3-.2C.1 6.6 0 6.3 0 6c0-.3.1-.5.3-.7.1-.1.2-.1.3-.2.2-.1.5-.1.8 0 .1 0 .2.1.3.2.2.2.3.5.3.7 0 .3-.1.5-.3.7l-.3.3H1z\" fill=\"#ff5512\"\/><path d=\"M21.7 5.3L16.8.4c-.4-.4-1-.4-1.4 0-.4.4-.4 1 0 1.4L18.6 5H4.5c-.6 0-1 .4-1 1s.4 1 1 1h14.1l-3.2 3.2c-.4.4-.4 1 0 1.4.2.2.5.3.7.3.2 0 .5-.1.7-.3l4.9-4.9c.4-.3.4-1 0-1.4z\" fill=\"#2177d6\"\/><\/svg>\n\t\t\t\t\t\t\t<\/a>\r\n\t\t\t\t\t\t<\/div>\r\n\t\t\t\t\t<\/div>\r\n\t\t\t\t\t\t\t\t\t<div class=\"small-12 medium-6 large-4 column services-grid__item\">\r\n\t\t\t\t\t\t<div class=\"service-card \">\r\n\t\t\t\t\t\t\t<a href=\"https:\/\/1bedrift.no\/lt\/produktas\/akcines-bendroves-registravimas\/\" class=\"service-card__image\"\r\n\t\t\t\t\t\t\t   style=\"background-image:url(https:\/\/1bedrift.no\/wp-content\/uploads\/2020\/04\/AS_registration.png)\"><\/a>\r\n\r\n\t\t\t\t\t\t\t<h3 class=\"service-card__title\" data-mh=\"service-card__title\">\r\n\t\t\t\t\t\t\t\t<a href=\"https:\/\/1bedrift.no\/lt\/produktas\/akcines-bendroves-registravimas\/\">\r\n\t\t\t\t\t\t\t\t\tAkcin\u0117s bendrov\u0117s registravimas (AS)\t\t\t\t\t\t\t\t<\/a>\r\n\t\t\t\t\t\t\t<\/h3>\r\n\r\n\t\t\t\t\t\t\t<p class=\"service-card__description\" data-mh=\"service-card__description\">\r\n\t\t\t\t\t\t\t\t\t\t\t\t\t\t\t<\/p>\r\n\r\n\t\t\t\t\t\t\t<a href=\"https:\/\/1bedrift.no\/lt\/produktas\/akcines-bendroves-registravimas\/\" class=\"service-card__link\">\r\n\t\t\t\t\t\t\t\tPla\u010diau\t\t\t\t\t\t\t\t<svg xmlns=\"http:\/\/www.w3.org\/2000\/svg\" width=\"22\" height=\"12\" viewBox=\"0 0 22 12\"><path d=\"M1 7c-.1 0-.3 0-.4-.1-.1 0-.2-.1-.3-.2C.1 6.6 0 6.3 0 6c0-.3.1-.5.3-.7.1-.1.2-.1.3-.2.2-.1.5-.1.8 0 .1 0 .2.1.3.2.2.2.3.5.3.7 0 .3-.1.5-.3.7l-.3.3H1z\" fill=\"#ff5512\"\/><path d=\"M21.7 5.3L16.8.4c-.4-.4-1-.4-1.4 0-.4.4-.4 1 0 1.4L18.6 5H4.5c-.6 0-1 .4-1 1s.4 1 1 1h14.1l-3.2 3.2c-.4.4-.4 1 0 1.4.2.2.5.3.7.3.2 0 .5-.1.7-.3l4.9-4.9c.4-.3.4-1 0-1.4z\" fill=\"#2177d6\"\/><\/svg>\n\t\t\t\t\t\t\t<\/a>\r\n\t\t\t\t\t\t<\/div>\r\n\t\t\t\t\t<\/div>\r\n\t\t\t\t\t\t\t\t\t<div class=\"small-12 medium-6 large-4 column services-grid__item\">\r\n\t\t\t\t\t\t<div class=\"service-card \">\r\n\t\t\t\t\t\t\t<a href=\"https:\/\/1bedrift.no\/lt\/produktas\/registration-of-foreign-company-branch-in-norway\/\" class=\"service-card__image\"\r\n\t\t\t\t\t\t\t   style=\"background-image:url(https:\/\/1bedrift.no\/wp-content\/uploads\/2020\/04\/NUF_registration.png)\"><\/a>\r\n\r\n\t\t\t\t\t\t\t<h3 class=\"service-card__title\" data-mh=\"service-card__title\">\r\n\t\t\t\t\t\t\t\t<a href=\"https:\/\/1bedrift.no\/lt\/produktas\/registration-of-foreign-company-branch-in-norway\/\">\r\n\t\t\t\t\t\t\t\t\tU\u017esienio bendrov\u0117s Norvegijos filialo registravimas (NUF)\t\t\t\t\t\t\t\t<\/a>\r\n\t\t\t\t\t\t\t<\/h3>\r\n\r\n\t\t\t\t\t\t\t<p class=\"service-card__description\" data-mh=\"service-card__description\">\r\n\t\t\t\t\t\t\t\t\t\t\t\t\t\t\t<\/p>\r\n\r\n\t\t\t\t\t\t\t<a href=\"https:\/\/1bedrift.no\/lt\/produktas\/registration-of-foreign-company-branch-in-norway\/\" class=\"service-card__link\">\r\n\t\t\t\t\t\t\t\tPla\u010diau\t\t\t\t\t\t\t\t<svg xmlns=\"http:\/\/www.w3.org\/2000\/svg\" width=\"22\" height=\"12\" viewBox=\"0 0 22 12\"><path d=\"M1 7c-.1 0-.3 0-.4-.1-.1 0-.2-.1-.3-.2C.1 6.6 0 6.3 0 6c0-.3.1-.5.3-.7.1-.1.2-.1.3-.2.2-.1.5-.1.8 0 .1 0 .2.1.3.2.2.2.3.5.3.7 0 .3-.1.5-.3.7l-.3.3H1z\" fill=\"#ff5512\"\/><path d=\"M21.7 5.3L16.8.4c-.4-.4-1-.4-1.4 0-.4.4-.4 1 0 1.4L18.6 5H4.5c-.6 0-1 .4-1 1s.4 1 1 1h14.1l-3.2 3.2c-.4.4-.4 1 0 1.4.2.2.5.3.7.3.2 0 .5-.1.7-.3l4.9-4.9c.4-.3.4-1 0-1.4z\" fill=\"#2177d6\"\/><\/svg>\n\t\t\t\t\t\t\t<\/a>\r\n\t\t\t\t\t\t<\/div>\r\n\t\t\t\t\t<\/div>\r\n\t\t\t\t\t\t\t\t\t<div class=\"small-12 medium-6 large-4 column services-grid__item\">\r\n\t\t\t\t\t\t<div class=\"service-card \">\r\n\t\t\t\t\t\t\t<a href=\"https:\/\/1bedrift.no\/lt\/produktas\/holdingo-registravimas\/\" class=\"service-card__image\"\r\n\t\t\t\t\t\t\t   style=\"background-image:url(https:\/\/1bedrift.no\/wp-content\/uploads\/2020\/04\/Holding_registration.png)\"><\/a>\r\n\r\n\t\t\t\t\t\t\t<h3 class=\"service-card__title\" data-mh=\"service-card__title\">\r\n\t\t\t\t\t\t\t\t<a href=\"https:\/\/1bedrift.no\/lt\/produktas\/holdingo-registravimas\/\">\r\n\t\t\t\t\t\t\t\t\tHoldingo registravimas\t\t\t\t\t\t\t\t<\/a>\r\n\t\t\t\t\t\t\t<\/h3>\r\n\r\n\t\t\t\t\t\t\t<p class=\"service-card__description\" data-mh=\"service-card__description\">\r\n\t\t\t\t\t\t\t\t\t\t\t\t\t\t\t<\/p>\r\n\r\n\t\t\t\t\t\t\t<a href=\"https:\/\/1bedrift.no\/lt\/produktas\/holdingo-registravimas\/\" class=\"service-card__link\">\r\n\t\t\t\t\t\t\t\tPla\u010diau\t\t\t\t\t\t\t\t<svg xmlns=\"http:\/\/www.w3.org\/2000\/svg\" width=\"22\" height=\"12\" viewBox=\"0 0 22 12\"><path d=\"M1 7c-.1 0-.3 0-.4-.1-.1 0-.2-.1-.3-.2C.1 6.6 0 6.3 0 6c0-.3.1-.5.3-.7.1-.1.2-.1.3-.2.2-.1.5-.1.8 0 .1 0 .2.1.3.2.2.2.3.5.3.7 0 .3-.1.5-.3.7l-.3.3H1z\" fill=\"#ff5512\"\/><path d=\"M21.7 5.3L16.8.4c-.4-.4-1-.4-1.4 0-.4.4-.4 1 0 1.4L18.6 5H4.5c-.6 0-1 .4-1 1s.4 1 1 1h14.1l-3.2 3.2c-.4.4-.4 1 0 1.4.2.2.5.3.7.3.2 0 .5-.1.7-.3l4.9-4.9c.4-.3.4-1 0-1.4z\" fill=\"#2177d6\"\/><\/svg>\n\t\t\t\t\t\t\t<\/a>\r\n\t\t\t\t\t\t<\/div>\r\n\t\t\t\t\t<\/div>\r\n\t\t\t\t\t\t\t\t\t<div class=\"small-12 medium-6 large-4 column services-grid__item\">\r\n\t\t\t\t\t\t<div class=\"service-card \">\r\n\t\t\t\t\t\t\t<a href=\"https:\/\/1bedrift.no\/lt\/produktas\/registration-of-private-enterprise\/\" class=\"service-card__image\"\r\n\t\t\t\t\t\t\t   style=\"background-image:url(https:\/\/1bedrift.no\/wp-content\/uploads\/2020\/04\/EPF_registration.png)\"><\/a>\r\n\r\n\t\t\t\t\t\t\t<h3 class=\"service-card__title\" data-mh=\"service-card__title\">\r\n\t\t\t\t\t\t\t\t<a href=\"https:\/\/1bedrift.no\/lt\/produktas\/registration-of-private-enterprise\/\">\r\n\t\t\t\t\t\t\t\t\tIndividualios \u012fmon\u0117s registravimas (ENK)\t\t\t\t\t\t\t\t<\/a>\r\n\t\t\t\t\t\t\t<\/h3>\r\n\r\n\t\t\t\t\t\t\t<p class=\"service-card__description\" data-mh=\"service-card__description\">\r\n\t\t\t\t\t\t\t\t\t\t\t\t\t\t\t<\/p>\r\n\r\n\t\t\t\t\t\t\t<a href=\"https:\/\/1bedrift.no\/lt\/produktas\/registration-of-private-enterprise\/\" class=\"service-card__link\">\r\n\t\t\t\t\t\t\t\tPla\u010diau\t\t\t\t\t\t\t\t<svg xmlns=\"http:\/\/www.w3.org\/2000\/svg\" width=\"22\" height=\"12\" viewBox=\"0 0 22 12\"><path d=\"M1 7c-.1 0-.3 0-.4-.1-.1 0-.2-.1-.3-.2C.1 6.6 0 6.3 0 6c0-.3.1-.5.3-.7.1-.1.2-.1.3-.2.2-.1.5-.1.8 0 .1 0 .2.1.3.2.2.2.3.5.3.7 0 .3-.1.5-.3.7l-.3.3H1z\" fill=\"#ff5512\"\/><path d=\"M21.7 5.3L16.8.4c-.4-.4-1-.4-1.4 0-.4.4-.4 1 0 1.4L18.6 5H4.5c-.6 0-1 .4-1 1s.4 1 1 1h14.1l-3.2 3.2c-.4.4-.4 1 0 1.4.2.2.5.3.7.3.2 0 .5-.1.7-.3l4.9-4.9c.4-.3.4-1 0-1.4z\" fill=\"#2177d6\"\/><\/svg>\n\t\t\t\t\t\t\t<\/a>\r\n\t\t\t\t\t\t<\/div>\r\n\t\t\t\t\t<\/div>\r\n\t\t\t\t\r\n\t\t\t\t<div class=\"small-12 large-4 column\"><\/div>\r\n\r\n\t\t\t\t<div class=\"small-12 large-8 column\">\r\n\t\t\t\t\t<div class=\"services-grid-contacts\">\r\n\r\n\t\t\t\t\t\t<h3 class=\"services-grid-contacts__heading title-underline-blue title-underline-blue--right\">\r\n\t\t\t\t\t\t\tSUSISIEKITE SU MUMIS\t\t\t\t\t\t<\/h3>\r\n\r\n\t\t\t\t\t\t<div class=\"services-grid-contacts__subheading\">\r\n\t\t\t\t\t\t\t<p>Mes mielai jums pad\u0117sime ir pakonsultuosime visais r\u016bpimais klausimais<\/p>\n\t\t\t\t\t\t<\/div>\r\n\r\n\t\t\t\t\t\t<div class=\"services-grid-contacts__items\">\r\n\t\t\t\t\t\t\t\r\n\r\n\t\t\t\t\t\t\t\r\n\t\t\t\t\t\t\t\t<a href=\"&#109;&#97;&#x69;l&#116;&#x6f;&#x3a;s&#117;&#x70;&#x70;o&#114;&#x74;&#x40;1&#98;&#x65;&#x64;r&#105;&#x66;&#x74;&#46;&#110;&#x6f;\"\r\n\t\t\t\t\t\t\t\t   class=\"services-grid-contacts__item services-grid-contacts__item--email\">\r\n\t\t\t\t\t\t\t\t\t&#x73;&#117;&#112;p&#x6f;&#x72;&#116;&#64;&#x31;&#x62;&#101;d&#x72;&#x69;&#102;t&#x2e;&#x6e;&#111;\t\t\t\t\t\t\t\t<\/a>\r\n\r\n\t\t\t\t\t\t\t\t\t\t\t\t\t\t<\/div>\r\n\t\t\t\t\t<\/div>\r\n\t\t\t\t<\/div>\r\n\t\t\t<\/div>\r\n\t\t<\/div>\r\n\t<\/div>\r\n<\/div>\r\n\r\n<script>\r\n    jQuery(function ($) {\r\n        $('.services-grid__view-more').on('click', function () {\r\n            $(this).remove();\r\n            $('.services-grid').addClass('services-grid--view-more');\r\n        });\r\n    })\r\n<\/script>\r\n<\/div><\/div><\/div><\/div><\/div>","protected":false},"excerpt":{"rendered":"<p>M\u016aS\u0172 PASLAUGOS 1Bedrift.no yra unikali platforma, kuri pad\u0117s \u012fregistruoti savo \u012fmon\u0119, taip pat greitai, lengvai, efektyviai ir savaranki\u0161kai \u012fforminti visus reikalingus pakeitimus&#8230;<\/p>\n","protected":false},"author":1,"featured_media":0,"parent":0,"menu_order":0,"comment_status":"closed","ping_status":"closed","template":"","meta":{"_acf_changed":false,"footnotes":""},"class_list":["post-1255","page","type-page","status-publish","hentry"],"acf":[],"yoast_head":"<!-- This site is optimized with the Yoast SEO plugin v27.5 - https:\/\/yoast.com\/product\/yoast-seo-wordpress\/ -->\n<title>Paslaugos &#8226; 1bedrift<\/title>\n<meta name=\"robots\" content=\"index, follow, max-snippet:-1, max-image-preview:large, max-video-preview:-1\" \/>\n<link rel=\"canonical\" href=\"https:\/\/1bedrift.no\/lt\/\" \/>\n<meta property=\"og:locale\" content=\"lt_LT\" \/>\n<meta property=\"og:type\" content=\"article\" \/>\n<meta property=\"og:title\" content=\"Paslaugos &#8226; 1bedrift\" \/>\n<meta property=\"og:description\" content=\"M\u016aS\u0172 PASLAUGOS 1Bedrift.no yra unikali platforma, kuri pad\u0117s \u012fregistruoti savo \u012fmon\u0119, taip pat greitai, lengvai, efektyviai ir savaranki\u0161kai \u012fforminti visus reikalingus pakeitimus...\" \/>\n<meta property=\"og:url\" content=\"https:\/\/1bedrift.no\/lt\/\" \/>\n<meta property=\"og:site_name\" content=\"1bedrift\" \/>\n<meta property=\"article:modified_time\" content=\"2024-04-11T08:11:15+00:00\" \/>\n<meta property=\"og:image\" content=\"https:\/\/1bedrift.no\/wp-content\/uploads\/2020\/09\/1bedrift-logo-square.png\" \/>\n\t<meta property=\"og:image:width\" content=\"400\" \/>\n\t<meta property=\"og:image:height\" content=\"400\" \/>\n\t<meta property=\"og:image:type\" content=\"image\/png\" \/>\n<meta name=\"twitter:card\" content=\"summary_large_image\" \/>\n<meta name=\"twitter:label1\" content=\"Est. reading time\" \/>\n\t<meta name=\"twitter:data1\" content=\"2 minut\u0117s\" \/>\n<script type=\"application\/ld+json\" class=\"yoast-schema-graph\">{\"@context\":\"https:\\\/\\\/schema.org\",\"@graph\":[{\"@type\":\"WebPage\",\"@id\":\"https:\\\/\\\/1bedrift.no\\\/lt\\\/\",\"url\":\"https:\\\/\\\/1bedrift.no\\\/lt\\\/\",\"name\":\"Paslaugos &#8226; 1bedrift\",\"isPartOf\":{\"@id\":\"https:\\\/\\\/1bedrift.no\\\/lt\\\/#website\"},\"datePublished\":\"2020-08-17T12:44:53+00:00\",\"dateModified\":\"2024-04-11T08:11:15+00:00\",\"breadcrumb\":{\"@id\":\"https:\\\/\\\/1bedrift.no\\\/lt\\\/#breadcrumb\"},\"inLanguage\":\"lt-LT\",\"potentialAction\":[{\"@type\":\"ReadAction\",\"target\":[\"https:\\\/\\\/1bedrift.no\\\/lt\\\/\"]}]},{\"@type\":\"BreadcrumbList\",\"@id\":\"https:\\\/\\\/1bedrift.no\\\/lt\\\/#breadcrumb\",\"itemListElement\":[{\"@type\":\"ListItem\",\"position\":1,\"name\":\"\u012e pagrindin\u012f\",\"item\":\"https:\\\/\\\/1bedrift.no\\\/lt\\\/\"},{\"@type\":\"ListItem\",\"position\":2,\"name\":\"Paslaugos\"}]},{\"@type\":\"WebSite\",\"@id\":\"https:\\\/\\\/1bedrift.no\\\/lt\\\/#website\",\"url\":\"https:\\\/\\\/1bedrift.no\\\/lt\\\/\",\"name\":\"1bedrift\",\"description\":\"Consulting and accounting services\",\"potentialAction\":[{\"@type\":\"SearchAction\",\"target\":{\"@type\":\"EntryPoint\",\"urlTemplate\":\"https:\\\/\\\/1bedrift.no\\\/lt\\\/?s={search_term_string}\"},\"query-input\":{\"@type\":\"PropertyValueSpecification\",\"valueRequired\":true,\"valueName\":\"search_term_string\"}}],\"inLanguage\":\"lt-LT\"}]}<\/script>\n<!-- \/ Yoast SEO plugin. -->","yoast_head_json":{"title":"Paslaugos &#8226; 1bedrift","robots":{"index":"index","follow":"follow","max-snippet":"max-snippet:-1","max-image-preview":"max-image-preview:large","max-video-preview":"max-video-preview:-1"},"canonical":"https:\/\/1bedrift.no\/lt\/","og_locale":"lt_LT","og_type":"article","og_title":"Paslaugos &#8226; 1bedrift","og_description":"M\u016aS\u0172 PASLAUGOS 1Bedrift.no yra unikali platforma, kuri pad\u0117s \u012fregistruoti savo \u012fmon\u0119, taip pat greitai, lengvai, efektyviai ir savaranki\u0161kai \u012fforminti visus reikalingus pakeitimus...","og_url":"https:\/\/1bedrift.no\/lt\/","og_site_name":"1bedrift","article_modified_time":"2024-04-11T08:11:15+00:00","og_image":[{"width":400,"height":400,"url":"https:\/\/1bedrift.no\/wp-content\/uploads\/2020\/09\/1bedrift-logo-square.png","type":"image\/png"}],"twitter_card":"summary_large_image","twitter_misc":{"Est. reading time":"2 minut\u0117s"},"schema":{"@context":"https:\/\/schema.org","@graph":[{"@type":"WebPage","@id":"https:\/\/1bedrift.no\/lt\/","url":"https:\/\/1bedrift.no\/lt\/","name":"Paslaugos &#8226; 1bedrift","isPartOf":{"@id":"https:\/\/1bedrift.no\/lt\/#website"},"datePublished":"2020-08-17T12:44:53+00:00","dateModified":"2024-04-11T08:11:15+00:00","breadcrumb":{"@id":"https:\/\/1bedrift.no\/lt\/#breadcrumb"},"inLanguage":"lt-LT","potentialAction":[{"@type":"ReadAction","target":["https:\/\/1bedrift.no\/lt\/"]}]},{"@type":"BreadcrumbList","@id":"https:\/\/1bedrift.no\/lt\/#breadcrumb","itemListElement":[{"@type":"ListItem","position":1,"name":"\u012e pagrindin\u012f","item":"https:\/\/1bedrift.no\/lt\/"},{"@type":"ListItem","position":2,"name":"Paslaugos"}]},{"@type":"WebSite","@id":"https:\/\/1bedrift.no\/lt\/#website","url":"https:\/\/1bedrift.no\/lt\/","name":"1bedrift","description":"Consulting and accounting services","potentialAction":[{"@type":"SearchAction","target":{"@type":"EntryPoint","urlTemplate":"https:\/\/1bedrift.no\/lt\/?s={search_term_string}"},"query-input":{"@type":"PropertyValueSpecification","valueRequired":true,"valueName":"search_term_string"}}],"inLanguage":"lt-LT"}]}},"_links":{"self":[{"href":"https:\/\/1bedrift.no\/lt\/wp-json\/wp\/v2\/pages\/1255","targetHints":{"allow":["GET"]}}],"collection":[{"href":"https:\/\/1bedrift.no\/lt\/wp-json\/wp\/v2\/pages"}],"about":[{"href":"https:\/\/1bedrift.no\/lt\/wp-json\/wp\/v2\/types\/page"}],"author":[{"embeddable":true,"href":"https:\/\/1bedrift.no\/lt\/wp-json\/wp\/v2\/users\/1"}],"replies":[{"embeddable":true,"href":"https:\/\/1bedrift.no\/lt\/wp-json\/wp\/v2\/comments?post=1255"}],"version-history":[{"count":6,"href":"https:\/\/1bedrift.no\/lt\/wp-json\/wp\/v2\/pages\/1255\/revisions"}],"predecessor-version":[{"id":14401,"href":"https:\/\/1bedrift.no\/lt\/wp-json\/wp\/v2\/pages\/1255\/revisions\/14401"}],"wp:attachment":[{"href":"https:\/\/1bedrift.no\/lt\/wp-json\/wp\/v2\/media?parent=1255"}],"curies":[{"name":"wp","href":"https:\/\/api.w.org\/{rel}","templated":true}]}}