{"id":1790,"date":"2020-10-05T00:53:32","date_gmt":"2020-10-04T22:53:32","guid":{"rendered":"http:\/\/1bedrift.no\/?page_id=1790"},"modified":"2024-04-11T10:33:30","modified_gmt":"2024-04-11T08:33:30","slug":"about-us","status":"publish","type":"page","link":"https:\/\/1bedrift.no\/lt\/about-us\/","title":{"rendered":"Apie mus"},"content":{"rendered":"<div id=\"pl-1790\"  class=\"panel-layout\" ><div id=\"pg-1790-0\"  class=\"panel-grid panel-no-style\" ><div id=\"pgc-1790-0-0\"  class=\"panel-grid-cell\" ><div id=\"panel-1790-0-0-0\" class=\"so-panel widget widget_page-hero-about-widget panel-first-child\" data-index=\"0\" ><div\n\t\t\t\n\t\t\tclass=\"so-widget-page-hero-about-widget so-widget-page-hero-about-widget-base\"\n\t\t\t\n\t\t>\t\t<style>\r\n\t\t\t.page-hero {\r\n\t\t\t\tbackground-image: url('https:\/\/&#49;&#98;&#101;&#x64;&#x72;&#x69;&#x66;t&#46;&#110;&#111;&#47;&#x77;&#x70;&#x2d;&#x63;on&#116;&#101;&#110;&#x74;&#x2f;&#x75;&#x70;lo&#97;&#100;&#115;&#x2f;&#x32;&#x30;&#x32;0\/&#48;&#52;&#47;&#x48;&#x65;&#x61;&#x64;er&#95;&#66;&#71;&#x5f;&#x61;&#x62;&#x6f;ut&#95;&#117;&#115;&#x40;&#x32;&#x78;&#x2d;1-&#49;&#50;&#48;&#x30;&#x78;&#x37;&#x31;9&#46;&#106;&#112;&#103;');\r\n\t\t\t}\r\n\r\n\t\t\t@media screen and (min-width: 1200px) {\r\n\t\t\t\t.page-hero {\r\n\t\t\t\t\tbackground-image: url('https:&#x2f;&#x2f;&#x31;&#x62;&#x65;&#x64;&#x72;&#x69;&#x66;&#x74;&#x2e;&#x6e;&#x6f;&#x2f;&#x77;&#x70;&#x2d;&#x63;&#x6f;&#x6e;&#x74;&#x65;&#110;&#116;&#47;&#117;&#112;&#108;&#111;&#97;&#100;&#115;&#47;&#50;&#48;&#50;&#48;\/04\/Header_B&#x47;&#x5f;&#x61;&#x62;&#x6f;&#x75;&#x74;&#x5f;&#x75;&#x73;&#x40;&#x32;&#x78;&#x2d;&#x31;&#x2d;&#x73;&#x63;&#x61;&#x6c;&#x65;&#x64;&#x2e;&#106;&#112;&#103;');\r\n\t\t\t\t}\r\n\t\t\t}\r\n\t\t<\/style>\r\n\t\r\n<div class=\"tilt-block tilt-block--bottom\">\r\n\t<div class=\"page-hero page-hero--about\">\r\n\t\t<div class=\"row align-center\">\r\n\t\t\t<div class=\"small-12 column\">\r\n\t\t\t\t<div class=\"page-hero__content\">\r\n\t\t\t\t\t<h1 class=\"page-hero__heading title-underline-white title-underline-white--left\">\r\n\t\t\t\t\t\tApie mus\t\t\t\t\t<\/h1>\r\n\r\n\t\t\t\t\t<div class=\"page-hero__subheading\">\r\n\t\t\t\t\t\t<p>1Bedrift.no\u00a0 projektas yra pirma Norvegijoje ir vienintel\u0117 tokio pob\u016bd\u017eio platforma, leid\u017eianti u\u017esienio verslininkams supaprastinti, pagreitinti ir, kas svarbu, atpiginti registravimo procesus Norvegijoje.<\/p>\n<p><strong>Viskas, k\u0105 jums reikia padaryti, tai:<\/strong><\/p>\n<ul>\n<li>U\u017epildyti nedidel\u0119 ir lengvai suprantam\u0105 schem\u0105 naudojant Jums patogi\u0105 s\u0105sajos kalb\u0105.<\/li>\n<li>I\u0161si\u0173sti m\u016bs\u0173 specialistams pasira\u0161ytus dokumentus, kuriuos automati\u0161kai sugeneruoja 1Bedrift.no .<\/li>\n<li>Vis\u0105 kit\u0105 mes padarysime u\u017e Jus.<\/li>\n<\/ul>\n<p>Projektas buvo sukurtas atsi\u017evelgiant \u012f ilgamet\u0119 patirt\u012f dirbant su u\u017esienio \u012fmon\u0117mis Norvegijos teritorijoje.<\/p>\n\t\t\t\t\t<\/div>\r\n\r\n\t\t\t\t\t\t\t\t\t\t\t<div class=\"page-hero__about-image\">\r\n\t\t\t\t\t\t\t<img decoding=\"async\" src=\"https:\/\/1bedrift.no\/wp-content\/uploads\/2020\/04\/about-us-map.svg\" srcset=\"\" alt=\"\">\r\n\t\t\t\t\t\t<\/div>\r\n\t\t\t\t\t\t\t\t\t<\/div>\r\n\t\t\t<\/div>\r\n\t\t<\/div>\r\n\t<\/div>\r\n<\/div><\/div><\/div><div id=\"panel-1790-0-0-1\" class=\"so-panel widget widget_norus-integration-widget\" data-index=\"1\" ><div\n\t\t\t\n\t\t\tclass=\"so-widget-norus-integration-widget so-widget-norus-integration-widget-base\"\n\t\t\t\n\t\t>\r\n<div class=\"tilt-block tilt-block--top-bottom tilt-block--move-up\">\r\n\t<div class=\"norus-integration\">\r\n\t\t<div class=\"tilt-block__padding-holder\">\r\n\t\t\t<div class=\"row align-center\">\r\n\t\t\t\t<div class=\"small-12 medium-10 large-9 column\">\r\n\t\t\t\t\t<div class=\"norus-integration__logos\">\r\n\t\t\t\t\t\t<div class=\"norus-integration__logo\"\r\n\t\t\t\t\t\t\t style=\"background-image: url('https:\/\/1bedrift.no\/wp-content\/uploads\/2020\/04\/1bedrift-logo-dark.svg')\"><\/div>\r\n\r\n\t\t\t\t\t\t<div class=\"norus-integration__arrow norus-integration__arrow--large show-for-medium\"><\/div>\r\n\t\t\t\t\t\t<div class=\"norus-integration__arrow norus-integration__arrow--small hide-for-medium\"><\/div>\r\n\r\n\t\t\t\t\t\t<div class=\"norus-integration__logo\"\r\n\t\t\t\t\t\t\t style=\"background-image: url('https:\/\/1bedrift.no\/wp-content\/uploads\/2020\/04\/Norus-logo-500x216.png')\"><\/div>\r\n\t\t\t\t\t<\/div>\r\n\r\n\t\t\t\t\t<div class=\"norus-integration__content\">\r\n\t\t\t\t\t\t<p>1Bedrift.no yra unikali platforma, kuri\u0105 suk\u016br\u0117 pirmaujantys \u012fmon\u0117s <a href=\"https:\/\/norus-regnskap.no\/\">Norus Accounting AS<\/a> konsultantai, besispecializuojantys buhalterin\u0117je apskaitoje Norvegijoje, teikiantys mokes\u010di\u0173 apskaitos paslaugas vis\u0173 form\u0173 nuosavyb\u0117s juridiniams asmenims, nuo registravimo iki likvidavimo.<\/p>\n<p>Visada galite kreiptis \u012f m\u016bs\u0173 specialistus d\u0117l profesionalios pagalbos ar konsultacijos.<\/p>\n\t\t\t\t\t<\/div>\r\n\r\n\t\t\t\t\t<div class=\"text-center\">\r\n\t\t\t\t\t\t<a href=\"https:\/\/norus-regnskap.no\/\" class=\"norus-integration__button button button--blue\">\r\n\t\t\t\t\t\t\tRodyti daugiau\t\t\t\t\t\t<\/a>\r\n\t\t\t\t\t<\/div>\r\n\t\t\t\t<\/div>\r\n\t\t\t<\/div>\r\n\t\t<\/div>\r\n\t<\/div>\r\n<\/div><\/div><\/div><div id=\"panel-1790-0-0-2\" class=\"so-panel widget widget_team-widget panel-last-child\" data-index=\"2\" ><div\n\t\t\t\n\t\t\tclass=\"so-widget-team-widget so-widget-team-widget-base\"\n\t\t\t\n\t\t>\r\n<div class=\"our-team\">\r\n\t<div class=\"row\">\r\n\t\t<div class=\"column text-center\">\r\n\t\t\t<h2 class=\"our-team__heading heading-h2\">\r\n\t\t\t\tOur team\t\t\t<\/h2>\r\n\t\t<\/div>\r\n\t<\/div>\r\n\r\n\t<div class=\"our-team-grid\">\r\n\t\t<div class=\"row\">\r\n\t\t\t\t\t\t\t<div class=\"small-12 medium-6 large-4 column\">\r\n\t\t\t\t\t<div class=\"member-card\">\r\n\t\t\t\t\t\t<div class=\"member-card__image\" style=\"background-image:url(https:\/\/1bedrift.no\/wp-content\/uploads\/2022\/10\/agne-lavickiene-400x500.jpg)\"><\/div>\r\n\r\n\t\t\t\t\t\t<h3 class=\"member-card__name\" data-mh=\"member-card__name\">\r\n\t\t\t\t\t\t\tAgne Lavickiene\t\t\t\t\t\t<\/h3>\r\n\r\n\t\t\t\t\t\t<p class=\"member-card__description\">\r\n\t\t\t\t\t\t\tGeneralinis direktorius, rinkodaros specialistas\t\t\t\t\t\t<\/p>\r\n\t\t\t\t\t<\/div>\r\n\t\t\t\t<\/div>\r\n\t\t\t\t\t\t\t<div class=\"small-12 medium-6 large-4 column\">\r\n\t\t\t\t\t<div class=\"member-card\">\r\n\t\t\t\t\t\t<div class=\"member-card__image\" style=\"background-image:url(https:\/\/1bedrift.no\/wp-content\/uploads\/2020\/12\/alexey-don.jpg)\"><\/div>\r\n\r\n\t\t\t\t\t\t<h3 class=\"member-card__name\" data-mh=\"member-card__name\">\r\n\t\t\t\t\t\t\tAlexey Don\t\t\t\t\t\t<\/h3>\r\n\r\n\t\t\t\t\t\t<p class=\"member-card__description\">\r\n\t\t\t\t\t\t\tPublic accountant, lawyer. Member of  the Accounting Norway Association\t\t\t\t\t\t<\/p>\r\n\t\t\t\t\t<\/div>\r\n\t\t\t\t<\/div>\r\n\t\t\t\t\t\t\t<div class=\"small-12 medium-6 large-4 column\">\r\n\t\t\t\t\t<div class=\"member-card\">\r\n\t\t\t\t\t\t<div class=\"member-card__image\" style=\"background-image:url(https:\/\/1bedrift.no\/wp-content\/uploads\/2020\/04\/sandra-latotinaite-400x500.jpg)\"><\/div>\r\n\r\n\t\t\t\t\t\t<h3 class=\"member-card__name\" data-mh=\"member-card__name\">\r\n\t\t\t\t\t\t\tSandra Latotinaite\t\t\t\t\t\t<\/h3>\r\n\r\n\t\t\t\t\t\t<p class=\"member-card__description\">\r\n\t\t\t\t\t\t\tAdvokat. Member of the Norwegian Bar Association\t\t\t\t\t\t<\/p>\r\n\t\t\t\t\t<\/div>\r\n\t\t\t\t<\/div>\r\n\t\t\t\t\t<\/div>\r\n\t<\/div>\r\n<\/div><\/div><\/div><\/div><\/div><\/div>","protected":false},"excerpt":{"rendered":"<p>Apie mus 1Bedrift.no\u00a0 projektas yra pirma Norvegijoje ir vienintel\u0117 tokio pob\u016bd\u017eio platforma, leid\u017eianti u\u017esienio verslininkams supaprastinti, pagreitinti ir, kas svarbu, atpiginti registravimo&#8230;<\/p>\n","protected":false},"author":1,"featured_media":0,"parent":0,"menu_order":0,"comment_status":"closed","ping_status":"closed","template":"","meta":{"_acf_changed":false,"footnotes":""},"class_list":["post-1790","page","type-page","status-publish","hentry"],"acf":[],"yoast_head":"<!-- This site is optimized with the Yoast SEO plugin v25.6 - https:\/\/yoast.com\/wordpress\/plugins\/seo\/ -->\n<title>Apie mus &#8226; 1bedrift<\/title>\n<meta name=\"robots\" content=\"index, follow, max-snippet:-1, max-image-preview:large, max-video-preview:-1\" \/>\n<link rel=\"canonical\" href=\"https:\/\/1bedrift.no\/lt\/about-us\/\" \/>\n<meta property=\"og:locale\" content=\"lt_LT\" \/>\n<meta property=\"og:type\" content=\"article\" \/>\n<meta property=\"og:title\" content=\"Apie mus &#8226; 1bedrift\" \/>\n<meta property=\"og:description\" content=\"Apie mus 1Bedrift.no\u00a0 projektas yra pirma Norvegijoje ir vienintel\u0117 tokio pob\u016bd\u017eio platforma, leid\u017eianti u\u017esienio verslininkams supaprastinti, pagreitinti ir, kas svarbu, atpiginti registravimo...\" \/>\n<meta property=\"og:url\" content=\"https:\/\/1bedrift.no\/lt\/about-us\/\" \/>\n<meta property=\"og:site_name\" content=\"1bedrift\" \/>\n<meta property=\"article:modified_time\" content=\"2024-04-11T08:33:30+00:00\" \/>\n<meta property=\"og:image\" content=\"https:\/\/1bedrift.no\/wp-content\/uploads\/2020\/09\/1bedrift-logo-square.png\" \/>\n\t<meta property=\"og:image:width\" content=\"400\" \/>\n\t<meta property=\"og:image:height\" content=\"400\" \/>\n\t<meta property=\"og:image:type\" content=\"image\/png\" \/>\n<meta name=\"twitter:card\" content=\"summary_large_image\" \/>\n<meta name=\"twitter:label1\" content=\"Est. reading time\" \/>\n\t<meta name=\"twitter:data1\" content=\"2 minut\u0117s\" \/>\n<script type=\"application\/ld+json\" class=\"yoast-schema-graph\">{\"@context\":\"https:\/\/schema.org\",\"@graph\":[{\"@type\":\"WebPage\",\"@id\":\"https:\/\/1bedrift.no\/lt\/about-us\/\",\"url\":\"https:\/\/1bedrift.no\/lt\/about-us\/\",\"name\":\"Apie mus &#8226; 1bedrift\",\"isPartOf\":{\"@id\":\"https:\/\/1bedrift.no\/lt\/#website\"},\"datePublished\":\"2020-10-04T22:53:32+00:00\",\"dateModified\":\"2024-04-11T08:33:30+00:00\",\"breadcrumb\":{\"@id\":\"https:\/\/1bedrift.no\/lt\/about-us\/#breadcrumb\"},\"inLanguage\":\"lt-LT\",\"potentialAction\":[{\"@type\":\"ReadAction\",\"target\":[\"https:\/\/1bedrift.no\/lt\/about-us\/\"]}]},{\"@type\":\"BreadcrumbList\",\"@id\":\"https:\/\/1bedrift.no\/lt\/about-us\/#breadcrumb\",\"itemListElement\":[{\"@type\":\"ListItem\",\"position\":1,\"name\":\"\u012e pagrindin\u012f\",\"item\":\"https:\/\/1bedrift.no\/lt\/\"},{\"@type\":\"ListItem\",\"position\":2,\"name\":\"Apie mus\"}]},{\"@type\":\"WebSite\",\"@id\":\"https:\/\/1bedrift.no\/lt\/#website\",\"url\":\"https:\/\/1bedrift.no\/lt\/\",\"name\":\"1bedrift\",\"description\":\"Consulting and accounting services\",\"potentialAction\":[{\"@type\":\"SearchAction\",\"target\":{\"@type\":\"EntryPoint\",\"urlTemplate\":\"https:\/\/1bedrift.no\/lt\/?s={search_term_string}\"},\"query-input\":{\"@type\":\"PropertyValueSpecification\",\"valueRequired\":true,\"valueName\":\"search_term_string\"}}],\"inLanguage\":\"lt-LT\"}]}<\/script>\n<!-- \/ Yoast SEO plugin. -->","yoast_head_json":{"title":"Apie mus &#8226; 1bedrift","robots":{"index":"index","follow":"follow","max-snippet":"max-snippet:-1","max-image-preview":"max-image-preview:large","max-video-preview":"max-video-preview:-1"},"canonical":"https:\/\/1bedrift.no\/lt\/about-us\/","og_locale":"lt_LT","og_type":"article","og_title":"Apie mus &#8226; 1bedrift","og_description":"Apie mus 1Bedrift.no\u00a0 projektas yra pirma Norvegijoje ir vienintel\u0117 tokio pob\u016bd\u017eio platforma, leid\u017eianti u\u017esienio verslininkams supaprastinti, pagreitinti ir, kas svarbu, atpiginti registravimo...","og_url":"https:\/\/1bedrift.no\/lt\/about-us\/","og_site_name":"1bedrift","article_modified_time":"2024-04-11T08:33:30+00:00","og_image":[{"width":400,"height":400,"url":"https:\/\/1bedrift.no\/wp-content\/uploads\/2020\/09\/1bedrift-logo-square.png","type":"image\/png"}],"twitter_card":"summary_large_image","twitter_misc":{"Est. reading time":"2 minut\u0117s"},"schema":{"@context":"https:\/\/schema.org","@graph":[{"@type":"WebPage","@id":"https:\/\/1bedrift.no\/lt\/about-us\/","url":"https:\/\/1bedrift.no\/lt\/about-us\/","name":"Apie mus &#8226; 1bedrift","isPartOf":{"@id":"https:\/\/1bedrift.no\/lt\/#website"},"datePublished":"2020-10-04T22:53:32+00:00","dateModified":"2024-04-11T08:33:30+00:00","breadcrumb":{"@id":"https:\/\/1bedrift.no\/lt\/about-us\/#breadcrumb"},"inLanguage":"lt-LT","potentialAction":[{"@type":"ReadAction","target":["https:\/\/1bedrift.no\/lt\/about-us\/"]}]},{"@type":"BreadcrumbList","@id":"https:\/\/1bedrift.no\/lt\/about-us\/#breadcrumb","itemListElement":[{"@type":"ListItem","position":1,"name":"\u012e pagrindin\u012f","item":"https:\/\/1bedrift.no\/lt\/"},{"@type":"ListItem","position":2,"name":"Apie mus"}]},{"@type":"WebSite","@id":"https:\/\/1bedrift.no\/lt\/#website","url":"https:\/\/1bedrift.no\/lt\/","name":"1bedrift","description":"Consulting and accounting services","potentialAction":[{"@type":"SearchAction","target":{"@type":"EntryPoint","urlTemplate":"https:\/\/1bedrift.no\/lt\/?s={search_term_string}"},"query-input":{"@type":"PropertyValueSpecification","valueRequired":true,"valueName":"search_term_string"}}],"inLanguage":"lt-LT"}]}},"_links":{"self":[{"href":"https:\/\/1bedrift.no\/lt\/wp-json\/wp\/v2\/pages\/1790","targetHints":{"allow":["GET"]}}],"collection":[{"href":"https:\/\/1bedrift.no\/lt\/wp-json\/wp\/v2\/pages"}],"about":[{"href":"https:\/\/1bedrift.no\/lt\/wp-json\/wp\/v2\/types\/page"}],"author":[{"embeddable":true,"href":"https:\/\/1bedrift.no\/lt\/wp-json\/wp\/v2\/users\/1"}],"replies":[{"embeddable":true,"href":"https:\/\/1bedrift.no\/lt\/wp-json\/wp\/v2\/comments?post=1790"}],"version-history":[{"count":5,"href":"https:\/\/1bedrift.no\/lt\/wp-json\/wp\/v2\/pages\/1790\/revisions"}],"predecessor-version":[{"id":14414,"href":"https:\/\/1bedrift.no\/lt\/wp-json\/wp\/v2\/pages\/1790\/revisions\/14414"}],"wp:attachment":[{"href":"https:\/\/1bedrift.no\/lt\/wp-json\/wp\/v2\/media?parent=1790"}],"curies":[{"name":"wp","href":"https:\/\/api.w.org\/{rel}","templated":true}]}}