{"id":2305,"date":"2020-10-14T23:08:53","date_gmt":"2020-10-14T21:08:53","guid":{"rendered":"http:\/\/1bedrift.no\/?page_id=2305"},"modified":"2020-10-14T23:08:53","modified_gmt":"2020-10-14T21:08:53","slug":"privatumo-politika","status":"publish","type":"page","link":"https:\/\/1bedrift.no\/lt\/privatumo-politika\/","title":{"rendered":"Privatumo politika"},"content":{"rendered":"<p>MES stengiam\u0117s apsaugoti ir gerbti j\u016bs\u0173 privatum\u0105, tod\u0117l mes maksimaliai rimtai \u017ei\u016brime \u012f j\u016bs\u0173 asmenin\u0117s informacijos apsaug\u0105. Visa 1bedrift.no surinkta asmenin\u0117 informacija naudojama tik projekto metu ir laikantis galiojan\u010di\u0173 Norvegijos konfidencialumo \u012fstatym\u0173.<\/p>\n<p>\u017demiau galite perskaityti apie tai, kaip mes tvarkome J\u016bs\u0173 informacij\u0105 ir kokia informacija saugoma\u00a0 1Bedrift.no serveriuose<\/p>\n<p><span style=\"color: #ff0000;\"><strong>Naudodamiesi m\u016bs\u0173 servisu j\u016bs sutinkate, kad b\u016bt\u0173 tvarkoma ir saugoma j\u016bs\u0173 asmenin\u0117 informacija ir trafiko duomen\u0173 informacija.<\/strong><\/span><\/p>\n<h2>Kokia asmenin\u0117 informacija renkama ir kaip ji naudojama?<\/h2>\n<ul>\n<li>Mes renkame informacij\u0105 apie jus, kaip 1Bedrift.no klient\u0105, kad gal\u0117tume teikti J\u016bs\u0173 u\u017esakytas paslaugas. Be asmenin\u0117s informacijos, tokios kaip: vardas, pavard\u0117, adresai, asmeniniai registraciniai numeriai ir kt., mes negal\u0117sime pad\u0117ti jums \u012fregistruoti \u012fmon\u0117s ar atlikti joki\u0173 kit\u0173 jums reikaling\u0173 pakeitim\u0173 ar veiksm\u0173.<br \/>\nAsmenin\u0117s informacijos perdavimas mums yra savanori\u0161kas, ta\u010diau taip pat ir asmens duomenys yra b\u016btini mums teikiant paslaugas, nes visuose registravimo dokumentuose, be joki\u0173 i\u0161im\u010di\u0173, jie turi b\u016bti nurodyti.<\/li>\n<li>Informacija apie J\u016bs\u0173 \u012fsigytas paslaugas, s\u0105skait\u0173 ir kvit\u0173 kopijos, marketingo leidimai ir bet koki\u0173 kontakt\u0173 su m\u016bs\u0173 aptarnavimo skyriumi.<br \/>\nMums reikia \u0161ios informacijos, kad gal\u0117tume atlikti 1Bedrift.no AS vidaus apskait\u0105, taip pat patobulinti m\u016bs\u0173 paslaugas kontroliuodami klient\u0173 aktyvum\u0105.<\/li>\n<li>Mes renkame kuo i\u0161samesn\u0119 informacij\u0105 apie 1Bedrift.no platformos naudojim\u0105, pavyzd\u017eiui, apsilankym\u0173 aktyvumo svetain\u0117je \u017eurnal\u0105, technin\u0119 informacij\u0105 apie J\u016bs\u0173 naudojam\u0105 \u012frengin\u012f, apsilankymo laik\u0105 ir dat\u0105, operacin\u0119 sistem\u0105 ir nar\u0161ykl\u0119, IP adresus, ekrano dyd\u012f ir kt., \u012fskaitant slapuk\u0173 naudojim\u0105.<br \/>\nMums reikia \u0161ios informacijos marketolog\u0173 darbui, kurie reklamuoja 1Bedrift.no projekt\u0105, ir IT skyriui, kuris tobulina m\u016bs\u0173 projekt\u0105.<\/li>\n<li>Informacija apie J\u016bs\u0173 prieig\u0105 prie sistemos.<br \/>\n\u0160i informacija reikalinga techninei ar kitai pagalbai \u012fgyvendinti, jei Jums kyla ka\u017ekoki\u0173 klausim\u0173.<\/li>\n<\/ul>\n<h2>Su kuo galime pasidalinti j\u016bs\u0173 asmenine informacija?<\/h2>\n<p>Visa surinkta informacija yra konfidenciali ir naudojama tik \u012fgyvendinant 1Bedrift.no paslaugas, ta\u010diau kai kuriais atvejais mes privalome pateikti j\u016bs\u0173 duomenis kitoms organizacijoms, ta\u010diau tik tuo atveju, jei tai reglamentuoja dabartiniai Norvegijos \u012fstatymai.<\/p>\n<p>Pavyzd\u017eiui:<\/p>\n<ul>\n<li>registravimo palatai J\u016bs\u0173 \u012fsigytos paslaugos teikimui \u012fgyvendinti<\/li>\n<li>subrangov\u0173 organizacijoms, teikian\u010dioms mums savo paslaugas ir produktus (pavyzd\u017eiui, apskaitos \u012fmonei Norus Accounting AS, jei reikia atlikti \u012fvairias konsultacijas)<\/li>\n<li>siejant su 1Bedrift.no AS pardavimu ar \u012fmon\u0117s susijungimu<\/li>\n<li>kitais \u012fstatym\u0173 nustatytais atvejais, pavyzd\u017eiui, teismo ar kit\u0173 oficiali\u0173 organ\u0173 pra\u0161ymu.<\/li>\n<\/ul>\n<p>Pagrindin\u0117 taisykl\u0117 yra ta, kad bet kokia J\u016bs\u0173 pateikta informacija gali b\u016bti naudojama tik J\u016bs\u0173 pasirinktoms paslaugoms teikti.<\/p>\n<p>1Bedrift.no imasi speciali\u0173 atsargumo priemoni\u0173, kad u\u017etikrint\u0173 J\u016bs\u0173 duomen\u0173 i\u0161saugojim\u0105. Visi 1Bedrift.no darbuotojai, taip pat visos subrangov\u0173 organizacijos yra pasira\u0161iusios sutart\u012f d\u0117l bet koki\u0173 su m\u016bs\u0173 klientais susijusi\u0173 duomen\u0173 neskleidimo, ypa\u010d \u0161ios taisykl\u0117s galioja \u012fmon\u0117ms, esan\u010dioms u\u017e Norvegijos rib\u0173.<\/p>\n<h2>Slapukai<\/h2>\n<p>1Bedrift.no naudoja slapukus ir kitas pana\u0161ias technologijas, kad nustatyt\u0173 populiariausias paslaugas ir da\u017eniausiai lankomus svetain\u0117s www.1bedrift.no puslapius.<br \/>\n\u0160i\u0105 informacij\u0105 mes naudojame, pavyzd\u017eiui, analizuodami paslaugas ir nukreipdami reklam\u0105 internete.<\/p>\n<h2>K\u0105 Jus galite?<\/h2>\n<ul>\n<li>J\u016bs turite teis\u0119 tur\u0117ti prieig\u0105 prie informacijos, kuri Jus lie\u010dia<\/li>\n<li>Galite pareikalauti i\u0161trinti ar i\u0161taisyti bet kokius su jumis susijusius duomenis<\/li>\n<\/ul>\n<p>1Bedrift.no komanda \u012fsipareigoja atsakyti \u012f visas gautas pretenzijas ra\u0161tu arba el. pa\u0161tu <a href=\"ma&#105;&#108;&#116;&#111;&#x3a;&#x73;&#x75;&#x70;&#x70;or&#116;&#64;&#49;&#98;&#x65;&#x64;&#x72;&#x69;&#x66;t&#46;&#110;&#111;\">&#x73;&#x75;&#112;&#112;o&#x72;&#x74;&#x40;&#49;be&#x64;&#x72;&#105;&#102;t&#x2e;&#x6e;&#x6f;<\/a> per 30 darbo dien\u0173.<\/p>\n","protected":false},"excerpt":{"rendered":"<p>MES stengiam\u0117s apsaugoti ir gerbti j\u016bs\u0173 privatum\u0105, tod\u0117l mes maksimaliai rimtai \u017ei\u016brime \u012f j\u016bs\u0173 asmenin\u0117s informacijos apsaug\u0105. Visa 1bedrift.no surinkta asmenin\u0117 informacija&#8230;<\/p>\n","protected":false},"author":1,"featured_media":0,"parent":0,"menu_order":0,"comment_status":"closed","ping_status":"closed","template":"","meta":{"_acf_changed":false,"footnotes":""},"class_list":["post-2305","page","type-page","status-publish","hentry"],"acf":[],"yoast_head":"<!-- This site is optimized with the Yoast SEO plugin v25.6 - https:\/\/yoast.com\/wordpress\/plugins\/seo\/ -->\n<title>Privatumo politika &#8226; 1bedrift<\/title>\n<meta name=\"robots\" content=\"index, follow, max-snippet:-1, max-image-preview:large, max-video-preview:-1\" \/>\n<link rel=\"canonical\" href=\"https:\/\/1bedrift.no\/lt\/privatumo-politika\/\" \/>\n<meta property=\"og:locale\" content=\"lt_LT\" \/>\n<meta property=\"og:type\" content=\"article\" \/>\n<meta property=\"og:title\" content=\"Privatumo politika &#8226; 1bedrift\" \/>\n<meta property=\"og:description\" content=\"MES stengiam\u0117s apsaugoti ir gerbti j\u016bs\u0173 privatum\u0105, tod\u0117l mes maksimaliai rimtai \u017ei\u016brime \u012f j\u016bs\u0173 asmenin\u0117s informacijos apsaug\u0105. Visa 1bedrift.no surinkta asmenin\u0117 informacija...\" \/>\n<meta property=\"og:url\" content=\"https:\/\/1bedrift.no\/lt\/privatumo-politika\/\" \/>\n<meta property=\"og:site_name\" content=\"1bedrift\" \/>\n<meta property=\"og:image\" content=\"https:\/\/1bedrift.no\/wp-content\/uploads\/2020\/09\/1bedrift-logo-square.png\" \/>\n\t<meta property=\"og:image:width\" content=\"400\" \/>\n\t<meta property=\"og:image:height\" content=\"400\" \/>\n\t<meta property=\"og:image:type\" content=\"image\/png\" \/>\n<meta name=\"twitter:card\" content=\"summary_large_image\" \/>\n<meta name=\"twitter:label1\" content=\"Est. reading time\" \/>\n\t<meta name=\"twitter:data1\" content=\"3 minut\u0117s\" \/>\n<script type=\"application\/ld+json\" class=\"yoast-schema-graph\">{\"@context\":\"https:\/\/schema.org\",\"@graph\":[{\"@type\":\"WebPage\",\"@id\":\"https:\/\/1bedrift.no\/lt\/privatumo-politika\/\",\"url\":\"https:\/\/1bedrift.no\/lt\/privatumo-politika\/\",\"name\":\"Privatumo politika &#8226; 1bedrift\",\"isPartOf\":{\"@id\":\"https:\/\/1bedrift.no\/lt\/#website\"},\"datePublished\":\"2020-10-14T21:08:53+00:00\",\"breadcrumb\":{\"@id\":\"https:\/\/1bedrift.no\/lt\/privatumo-politika\/#breadcrumb\"},\"inLanguage\":\"lt-LT\",\"potentialAction\":[{\"@type\":\"ReadAction\",\"target\":[\"https:\/\/1bedrift.no\/lt\/privatumo-politika\/\"]}]},{\"@type\":\"BreadcrumbList\",\"@id\":\"https:\/\/1bedrift.no\/lt\/privatumo-politika\/#breadcrumb\",\"itemListElement\":[{\"@type\":\"ListItem\",\"position\":1,\"name\":\"\u012e pagrindin\u012f\",\"item\":\"https:\/\/1bedrift.no\/lt\/\"},{\"@type\":\"ListItem\",\"position\":2,\"name\":\"Privatumo politika\"}]},{\"@type\":\"WebSite\",\"@id\":\"https:\/\/1bedrift.no\/lt\/#website\",\"url\":\"https:\/\/1bedrift.no\/lt\/\",\"name\":\"1bedrift\",\"description\":\"Consulting and accounting services\",\"potentialAction\":[{\"@type\":\"SearchAction\",\"target\":{\"@type\":\"EntryPoint\",\"urlTemplate\":\"https:\/\/1bedrift.no\/lt\/?s={search_term_string}\"},\"query-input\":{\"@type\":\"PropertyValueSpecification\",\"valueRequired\":true,\"valueName\":\"search_term_string\"}}],\"inLanguage\":\"lt-LT\"}]}<\/script>\n<!-- \/ Yoast SEO plugin. -->","yoast_head_json":{"title":"Privatumo politika &#8226; 1bedrift","robots":{"index":"index","follow":"follow","max-snippet":"max-snippet:-1","max-image-preview":"max-image-preview:large","max-video-preview":"max-video-preview:-1"},"canonical":"https:\/\/1bedrift.no\/lt\/privatumo-politika\/","og_locale":"lt_LT","og_type":"article","og_title":"Privatumo politika &#8226; 1bedrift","og_description":"MES stengiam\u0117s apsaugoti ir gerbti j\u016bs\u0173 privatum\u0105, tod\u0117l mes maksimaliai rimtai \u017ei\u016brime \u012f j\u016bs\u0173 asmenin\u0117s informacijos apsaug\u0105. Visa 1bedrift.no surinkta asmenin\u0117 informacija...","og_url":"https:\/\/1bedrift.no\/lt\/privatumo-politika\/","og_site_name":"1bedrift","og_image":[{"width":400,"height":400,"url":"https:\/\/1bedrift.no\/wp-content\/uploads\/2020\/09\/1bedrift-logo-square.png","type":"image\/png"}],"twitter_card":"summary_large_image","twitter_misc":{"Est. reading time":"3 minut\u0117s"},"schema":{"@context":"https:\/\/schema.org","@graph":[{"@type":"WebPage","@id":"https:\/\/1bedrift.no\/lt\/privatumo-politika\/","url":"https:\/\/1bedrift.no\/lt\/privatumo-politika\/","name":"Privatumo politika &#8226; 1bedrift","isPartOf":{"@id":"https:\/\/1bedrift.no\/lt\/#website"},"datePublished":"2020-10-14T21:08:53+00:00","breadcrumb":{"@id":"https:\/\/1bedrift.no\/lt\/privatumo-politika\/#breadcrumb"},"inLanguage":"lt-LT","potentialAction":[{"@type":"ReadAction","target":["https:\/\/1bedrift.no\/lt\/privatumo-politika\/"]}]},{"@type":"BreadcrumbList","@id":"https:\/\/1bedrift.no\/lt\/privatumo-politika\/#breadcrumb","itemListElement":[{"@type":"ListItem","position":1,"name":"\u012e pagrindin\u012f","item":"https:\/\/1bedrift.no\/lt\/"},{"@type":"ListItem","position":2,"name":"Privatumo politika"}]},{"@type":"WebSite","@id":"https:\/\/1bedrift.no\/lt\/#website","url":"https:\/\/1bedrift.no\/lt\/","name":"1bedrift","description":"Consulting and accounting services","potentialAction":[{"@type":"SearchAction","target":{"@type":"EntryPoint","urlTemplate":"https:\/\/1bedrift.no\/lt\/?s={search_term_string}"},"query-input":{"@type":"PropertyValueSpecification","valueRequired":true,"valueName":"search_term_string"}}],"inLanguage":"lt-LT"}]}},"_links":{"self":[{"href":"https:\/\/1bedrift.no\/lt\/wp-json\/wp\/v2\/pages\/2305","targetHints":{"allow":["GET"]}}],"collection":[{"href":"https:\/\/1bedrift.no\/lt\/wp-json\/wp\/v2\/pages"}],"about":[{"href":"https:\/\/1bedrift.no\/lt\/wp-json\/wp\/v2\/types\/page"}],"author":[{"embeddable":true,"href":"https:\/\/1bedrift.no\/lt\/wp-json\/wp\/v2\/users\/1"}],"replies":[{"embeddable":true,"href":"https:\/\/1bedrift.no\/lt\/wp-json\/wp\/v2\/comments?post=2305"}],"version-history":[{"count":1,"href":"https:\/\/1bedrift.no\/lt\/wp-json\/wp\/v2\/pages\/2305\/revisions"}],"predecessor-version":[{"id":2306,"href":"https:\/\/1bedrift.no\/lt\/wp-json\/wp\/v2\/pages\/2305\/revisions\/2306"}],"wp:attachment":[{"href":"https:\/\/1bedrift.no\/lt\/wp-json\/wp\/v2\/media?parent=2305"}],"curies":[{"name":"wp","href":"https:\/\/api.w.org\/{rel}","templated":true}]}}