{"id":2325,"date":"2020-10-15T00:07:36","date_gmt":"2020-10-14T22:07:36","guid":{"rendered":"http:\/\/1bedrift.no\/?page_id=2325"},"modified":"2024-04-09T11:30:39","modified_gmt":"2024-04-09T09:30:39","slug":"kontaktai","status":"publish","type":"page","link":"https:\/\/1bedrift.no\/lt\/kontaktai\/","title":{"rendered":"Kontaktai"},"content":{"rendered":"<div id=\"pl-2325\"  class=\"panel-layout\" ><div id=\"pg-2325-0\"  class=\"panel-grid panel-no-style\" ><div id=\"pgc-2325-0-0\"  class=\"panel-grid-cell\" ><div id=\"panel-2325-0-0-0\" class=\"so-panel widget widget_page-hero-contact-widget panel-first-child\" data-index=\"0\" ><div\n\t\t\t\n\t\t\tclass=\"so-widget-page-hero-contact-widget so-widget-page-hero-contact-widget-base\"\n\t\t\t\n\t\t>\t\t<style>\r\n\t\t\t.page-hero {\r\n\t\t\t\tbackground-image: url('https:&#x2f;&#x2f;&#49;&#98;e&#x64;&#x72;&#x69;&#102;t&#46;&#x6e;&#x6f;&#47;&#119;p&#x2d;&#x63;&#x6f;&#110;te&#x6e;&#x74;&#47;&#117;p&#x6c;&#x6f;&#x61;&#100;s\/&#x32;&#x30;&#50;&#48;\/&#x30;&#x34;&#x2f;&#72;&#101;a&#x64;&#x65;&#114;&#95;B&#x47;&#x5f;&#x4f;&#112;&#101;n&#x2d;&#x73;&#x65;&#114;vi&#x63;&#x65;&#64;&#50;x&#x2d;&#x31;&#x2d;&#49;20&#x30;&#x78;&#51;&#54;8&#x2e;&#x6a;&#x70;&#103;');\r\n\t\t\t}\r\n\r\n\t\t\t@media screen and (min-width: 1200px) {\r\n\t\t\t\t.page-hero {\r\n\t\t\t\t\tbackground-image: url('https:\/\/1bedri&#102;&#116;&#46;&#110;&#111;&#47;&#119;&#112;&#45;&#99;&#x6f;&#x6e;&#x74;&#x65;&#x6e;&#x74;&#x2f;&#x75;&#x70;&#x6c;&#x6f;&#x61;&#x64;&#x73;&#x2f;2020\/04\/&#72;&#101;&#97;&#100;&#101;&#114;&#95;&#66;&#71;&#95;&#x4f;&#x70;&#x65;&#x6e;&#x2d;&#x73;&#x65;&#x72;&#x76;&#x69;&#x63;&#x65;&#x40;&#x32;&#x78;-1-scale&#100;&#46;&#106;&#112;&#103;');\r\n\t\t\t\t}\r\n\t\t\t}\r\n\t\t<\/style>\r\n\t\r\n<div class=\"tilt-block tilt-block--bottom\">\r\n\t<div class=\"page-hero page-hero--contact\">\r\n\t\t<div class=\"row align-center\">\r\n\t\t\t<div class=\"small-12 column\">\r\n\t\t\t\t<div class=\"page-hero__content\">\r\n\t\t\t\t\t<h1 class=\"page-hero__heading title-underline-white title-underline-white--left\">\r\n\t\t\t\t\t\tKontaktai\t\t\t\t\t<\/h1>\r\n\r\n\t\t\t\t\t\t\t\t\t<\/div>\r\n\t\t\t<\/div>\r\n\t\t<\/div>\r\n\t<\/div>\r\n<\/div><\/div><\/div><div id=\"panel-2325-0-0-1\" class=\"so-panel widget widget_contacts-map-widget\" data-index=\"1\" ><div\n\t\t\t\n\t\t\tclass=\"so-widget-contacts-map-widget so-widget-contacts-map-widget-base\"\n\t\t\t\n\t\t>\r\n<link rel=\"stylesheet\" href=\"https:\/\/unpkg.com\/leaflet\/dist\/leaflet.css\"\/>\r\n\r\n<script>\r\n\tjQuery(function () {\r\n\t\tfunction loadScript(callback) {\r\n\t\t\tvar scriptTag = document.createElement('script');\r\n\r\n\t\t\tscriptTag.src = 'https:\/\/unpkg.com\/leaflet\/dist\/leaflet.js';\r\n\r\n\t\t\tscriptTag.onload = callback;\r\n\r\n\t\t\tdocument.head.appendChild(scriptTag);\r\n\t\t}\r\n\r\n\t\tfunction initMap() {\r\n\t\t\tif (!isLeafletInstalled()) {\r\n\t\t\t\tloadScript(drawMap);\r\n\t\t\t}\r\n\t\t}\r\n\r\n\t\tfunction drawMap() {\r\n\t\t\tvar mapId = 'contacts-map-6c88057c';\r\n\t\t\tvar lat =59.92861270981858;\r\n\t\t\tvar lng = 10.782083225138178;\r\n\t\t\tvar latCenter =59.92861270981858;\r\n\t\t\tvar lngCenter = 10.782083225138178;\r\n\t\t\tvar zoomLevel = 13;\r\n\r\n\t\t\tvar iconSrc = 'https:\/\/1bedrift.no\/wp-content\/uploads\/2020\/05\/1bedrift-pin.svg';\r\n\t\t\tvar pinUrl = 'https:\/\/www.google.com\/maps\/place\/1Bedrift.no+AS\/@59.928545,10.7795569,17z\/data=!3m1!4b1!4m6!3m5!1s0x46416f7e2a8e9ac1:0xec936f94cc47089d!8m2!3d59.9285423!4d10.7821318!16s%2Fg%2F11jh427tmz?entry=ttu';\r\n\t\t\tvar iconWidth = 153;\r\n\t\t\tvar iconHeight = 76;\r\n\r\n\t\t\tvar map = L.map(mapId).setView([latCenter, lngCenter], zoomLevel);\r\n\r\n\t\t\tL.tileLayer('https:\/\/{s}.tile.openstreetmap.org\/{z}\/{x}\/{y}.png', {\r\n\t\t\t\tattribution: '&copy; <a href=\"https:\/\/www.openstreetmap.org\/copyright\">OpenStreetMap<\/a> contributors'\r\n\t\t\t}).addTo(map);\r\n\r\n\t\t\t\/\/ Define custom marker icon\r\n\t\t\tvar customIcon = L.icon({\r\n\t\t\t\ticonUrl: iconSrc,\r\n\t\t\t\ticonSize: [iconWidth, iconHeight], \/\/ size of the icon\r\n\t\t\t\ticonAnchor: [iconWidth, iconHeight], \/\/ point of the icon which will correspond to marker's location\r\n\t\t\t});\r\n\r\n\t\t\t\/\/ Add custom marker with custom icon\r\n\t\t\tvar customMarker = L.marker([lat, lng], {icon: customIcon}).addTo(map);\r\n\r\n\t\t\tif (pinUrl) {\r\n\t\t\t\tcustomMarker.on('click', function () {\r\n\t\t\t\t\twindow.open(pinUrl, '_blank');\r\n\t\t\t\t});\r\n\t\t\t}\r\n\t\t}\r\n\r\n\t\tfunction isLeafletInstalled() {\r\n\t\t\treturn !!window.L;\r\n\t\t}\r\n\r\n\t\tinitMap();\r\n\t});\r\n<\/script>\r\n<div class=\"tilt-block tilt-block--top-bottom tilt-block--move-up\">\r\n\t<div class=\"contacts-map-container\">\r\n\t\t<div id=\"contacts-map-6c88057c\" class=\"contacts-map\"\r\n\t\t\t style=\"position: absolute;top: 0;bottom: 0;left: 0;right: 0;\"><\/div>\r\n\t<\/div>\r\n<\/div><\/div><\/div><div id=\"panel-2325-0-0-2\" class=\"so-panel widget widget_contact-us-form-widget panel-last-child\" data-index=\"2\" ><div\n\t\t\t\n\t\t\tclass=\"so-widget-contact-us-form-widget so-widget-contact-us-form-widget-base\"\n\t\t\t\n\t\t>\r\n<div class=\"tilt-block tilt-block--top-bottom tilt-block--move-up\">\r\n\t<div class=\"contact-us-form\">\r\n\t\t<div class=\"tilt-block__padding-holder\">\r\n\t\t\t<div class=\"show-for-large\">\r\n\t\t\t\t<div class=\"row\">\r\n\t\t\t\t\t<div class=\"column\">\r\n\t\t\t\t\t\t<h2 class=\"heading-h2\">\r\n\t\t\t\t\t\t\tSusisiekite su mumis\t\t\t\t\t\t<\/h2>\r\n\t\t\t\t\t<\/div>\r\n\t\t\t\t<\/div>\r\n\t\t\t<\/div>\r\n\r\n\t\t\t<div class=\"row\">\r\n\t\t\t\t<div class=\"small-12 large-6 column\">\r\n\t\t\t\t\t<div class=\"contact-us-form__contacts\">\r\n\t\t\t\t\t\t\t\t\t\t\t\t\t<a href=\"tel:004745656280\"\r\n\t\t\t\t\t\t\t   class=\"contact-us-form__item contact-us-form__item--phone\">\r\n\t\t\t\t\t\t\t\t<span class='phone-code'>+47<\/span> 456 56 280\t\t\t\t\t\t\t<\/a>\r\n\t\t\t\t\t\t\t<br>\r\n\t\t\t\t\t\t\r\n\t\t\t\t\t\t\r\n\t\t\t\t\t\t\t<a href=\"m&#97;&#x69;&#x6c;t&#111;&#58;&#x73;&#x75;p&#112;&#x6f;&#x72;t&#64;&#49;&#x62;&#x65;d&#114;&#x69;&#x66;t&#46;&#110;&#x6f;\"\r\n\t\t\t\t\t\t\t   class=\"contact-us-form__item contact-us-form__item--email\">\r\n\t\t\t\t\t\t\t\t&#115;&#117;&#x70;p&#111;&#x72;&#x74;&#64;&#49;&#x62;&#x65;d&#114;&#x69;f&#116;&#x2e;&#x6e;o\t\t\t\t\t\t\t<\/a>\r\n\t\t\t\t\t\t\t<br>\r\n\t\t\t\t\t\t\t\r\n\t\t\t\t\t\t\t\t\t\t\t\t\t<a href=\"https:\/\/www.google.com\/maps\/place\/Hasleveien+28A,+0571+Oslo\" target=\"_blank\" rel=\"noopener\"\r\n\t\t\t\t\t\t\t   class=\"contact-us-form__item contact-us-form__item--address\">\r\n\t\t\t\t\t\t\t\tHasleveien 28A, 0571 Oslo\t\t\t\t\t\t\t<\/a>\r\n\t\t\t\t\t\t\r\n\t\t\t\t\t\t\t\t\t\t\t\t\t<style>\r\n                                .contact-us-form__item--company {\r\n                                    margin-bottom: 0;\r\n                                }\r\n\r\n                                .contact-us-form__item--company p {\r\n                                    display: inline-block;\r\n                                    font-size: 1.25rem;\r\n                                    font-weight: 300;\r\n                                    color: #47575f;\r\n                                    margin-bottom: 0;\r\n                                    text-decoration: none;\r\n                                }\r\n\r\n                                @media print, screen and (min-width: 64em) {\r\n                                    .contact-us-form__item p {\r\n                                        font-size: 1.625rem;\r\n                                    }\r\n                                }\r\n\t\t\t\t\t\t\t<\/style>\r\n\t\t\t\t\t\t\t<br>\r\n\t\t\t\t\t\t\t<div class=\"contact-us-form__item contact-us-form__item--company\">\r\n\t\t\t\t\t\t\t\t<p>1bedrift.no AS<br \/>\nOrganizacijos numeris: 919 223 510<\/p>\n\t\t\t\t\t\t\t<\/div>\r\n\t\t\t\t\t\t\r\n\t\t\t\t\t\t<div class=\"contact-us-form__social\">\r\n\t\t\t\t\t\t\t\t\t\t\t\t\t\t\t<a href=\"https:\/\/www.facebook.com\/1Bedrift.no\/\" target=\"_blank\"\r\n\t\t\t\t\t\t\t\t   rel=\"noopener\"\r\n\t\t\t\t\t\t\t\t   class=\"contact-us-form__social-item contact-us-form__social-item--fb\">\r\n\t\t\t\t\t\t\t\t\t<span class=\"show-for-sr\">Facebook<\/span>\r\n\t\t\t\t\t\t\t\t<\/a>\r\n\t\t\t\t\t\t\t\r\n\t\t\t\t\t\t\t\t\t\t\t\t\t\t\t<a href=\"https:\/\/www.instagram.com\/1bedrift.no_as\/\" target=\"_blank\"\r\n\t\t\t\t\t\t\t\t   rel=\"noopener\"\r\n\t\t\t\t\t\t\t\t   class=\"contact-us-form__social-item contact-us-form__social-item--ig\">\r\n\t\t\t\t\t\t\t\t\t<span class=\"show-for-sr\">Instagram<\/span>\r\n\t\t\t\t\t\t\t\t<\/a>\r\n\t\t\t\t\t\t\t\t\t\t\t\t\t<\/div>\r\n\t\t\t\t\t<\/div>\r\n\t\t\t\t<\/div>\r\n\r\n\t\t\t\t<div class=\"small-12 large-6 column\">\r\n\t\t\t\t\t<h2 class=\"heading-h2 hide-for-large\">\r\n\t\t\t\t\t\tSusisiekite su mumis\t\t\t\t\t<\/h2>\r\n\r\n\t\t\t\t\t\n<div class=\"wpcf7 no-js\" id=\"wpcf7-f2347-o1\" lang=\"en-US\" dir=\"ltr\" data-wpcf7-id=\"2347\">\n<div class=\"screen-reader-response\"><p role=\"status\" aria-live=\"polite\" aria-atomic=\"true\"><\/p> <ul><\/ul><\/div>\n<form action=\"\/lt\/wp-json\/wp\/v2\/pages\/2325#wpcf7-f2347-o1\" method=\"post\" class=\"wpcf7-form init\" aria-label=\"Contact form\" novalidate=\"novalidate\" data-status=\"init\">\n<fieldset class=\"hidden-fields-container\"><input type=\"hidden\" name=\"_wpcf7\" value=\"2347\" \/><input type=\"hidden\" name=\"_wpcf7_version\" value=\"6.1.1\" \/><input type=\"hidden\" name=\"_wpcf7_locale\" value=\"en_US\" \/><input type=\"hidden\" name=\"_wpcf7_unit_tag\" value=\"wpcf7-f2347-o1\" \/><input type=\"hidden\" name=\"_wpcf7_container_post\" value=\"0\" \/><input type=\"hidden\" name=\"_wpcf7_posted_data_hash\" value=\"\" \/><input type=\"hidden\" name=\"_wpcf7_recaptcha_response\" value=\"\" \/>\n<\/fieldset>\n<div class=\"row\">\n\t<div class=\"small-12 medium-6 column\">\n\t\t<label>\n\t\t\t<span class=\"form-label\">Vardas *<\/span>\n\t\t\t<span class=\"wpcf7-form-control-wrap\" data-name=\"your-name\"><input size=\"40\" maxlength=\"400\" class=\"wpcf7-form-control wpcf7-text wpcf7-validates-as-required\" aria-required=\"true\" aria-invalid=\"false\" value=\"\" type=\"text\" name=\"your-name\" \/><\/span>\n\t\t<\/label>\n\t<\/div>\n\n\t<div class=\"small-12 medium-6 column\">\n\t\t<label>\n\t\t\t<span class=\"form-label\">Telefonas *<\/span>\n\t\t\t<span class=\"wpcf7-form-control-wrap\" data-name=\"your-phone\"><input size=\"40\" maxlength=\"400\" class=\"wpcf7-form-control wpcf7-text wpcf7-validates-as-required\" aria-required=\"true\" aria-invalid=\"false\" value=\"\" type=\"text\" name=\"your-phone\" \/><\/span>\n\t\t<\/label>\n\t<\/div>\n\n\t<div class=\"small-12 column\">\n\t\t<label>\n\t\t\t<span class=\"form-label\">El. pa\u0161tas *<\/span>\n\t\t\t<span class=\"wpcf7-form-control-wrap\" data-name=\"your-email\"><input size=\"40\" maxlength=\"400\" class=\"wpcf7-form-control wpcf7-email wpcf7-validates-as-required wpcf7-text wpcf7-validates-as-email\" aria-required=\"true\" aria-invalid=\"false\" value=\"\" type=\"email\" name=\"your-email\" \/><\/span>\n\t\t<\/label>\n\t<\/div>\n\n\t<div class=\"small-12 column\">\n\t\t<label>\n\t\t\t<span class=\"form-label\">J\u016bs\u0173 \u017einut\u0117 *<\/span>\n\t\t\t<span class=\"wpcf7-form-control-wrap\" data-name=\"your-message\"><textarea cols=\"40\" rows=\"7\" maxlength=\"2000\" class=\"wpcf7-form-control wpcf7-textarea wpcf7-validates-as-required\" aria-required=\"true\" aria-invalid=\"false\" name=\"your-message\"><\/textarea><\/span>\n\t\t<\/label>\n\t<\/div>\n\n\t<div class=\"small-12 column text-center large-text-left\">\n\t\t<input class=\"wpcf7-form-control wpcf7-submit has-spinner button button--blue\" type=\"submit\" value=\"Si\u0173sti\" \/>\n\t<\/div>\n<\/div><div class=\"wpcf7-response-output\" aria-hidden=\"true\"><\/div>\n<\/form>\n<\/div>\n\t\t\t\t<\/div>\r\n\t\t\t<\/div>\r\n\t\t<\/div>\r\n\t<\/div>\r\n<\/div><\/div><\/div><\/div><\/div><\/div>","protected":false},"excerpt":{"rendered":"<p>Kontaktai Susisiekite su mumis +47 456 56 280 &#115;u&#x70;p&#x6f;r&#x74;&#64;&#x31;&#98;&#x65;&#100;&#x72;&#105;&#x66;&#116;&#46;&#110;o Hasleveien 28A, 0571 Oslo 1bedrift.no AS Organizacijos numeris: 919 223 510 Facebook Instagram&#8230;<\/p>\n","protected":false},"author":1,"featured_media":0,"parent":0,"menu_order":0,"comment_status":"closed","ping_status":"closed","template":"","meta":{"_acf_changed":false,"footnotes":""},"class_list":["post-2325","page","type-page","status-publish","hentry"],"acf":[],"yoast_head":"<!-- This site is optimized with the Yoast SEO plugin v25.6 - https:\/\/yoast.com\/wordpress\/plugins\/seo\/ -->\n<title>Kontaktai &#8226; 1bedrift<\/title>\n<meta name=\"robots\" content=\"index, follow, max-snippet:-1, max-image-preview:large, max-video-preview:-1\" \/>\n<link rel=\"canonical\" href=\"https:\/\/1bedrift.no\/lt\/kontaktai\/\" \/>\n<meta property=\"og:locale\" content=\"lt_LT\" \/>\n<meta property=\"og:type\" content=\"article\" \/>\n<meta property=\"og:title\" content=\"Kontaktai &#8226; 1bedrift\" \/>\n<meta property=\"og:description\" content=\"Kontaktai Susisiekite su mumis +47 456 56 280 &#x73;&#x75;&#x70;&#112;&#111;rt&#x40;&#x31;&#x62;&#101;&#100;ri&#x66;&#x74;&#x2e;&#110;&#111; Hasleveien 28A, 0571 Oslo 1bedrift.no AS Organizacijos numeris: 919 223 510 Facebook Instagram...\" \/>\n<meta property=\"og:url\" content=\"https:\/\/1bedrift.no\/lt\/kontaktai\/\" \/>\n<meta property=\"og:site_name\" content=\"1bedrift\" \/>\n<meta property=\"article:modified_time\" content=\"2024-04-09T09:30:39+00:00\" \/>\n<meta property=\"og:image\" content=\"https:\/\/1bedrift.no\/wp-content\/uploads\/2020\/09\/1bedrift-logo-square.png\" \/>\n\t<meta property=\"og:image:width\" content=\"400\" \/>\n\t<meta property=\"og:image:height\" content=\"400\" \/>\n\t<meta property=\"og:image:type\" content=\"image\/png\" \/>\n<meta name=\"twitter:card\" content=\"summary_large_image\" \/>\n<meta name=\"twitter:label1\" content=\"Est. reading time\" \/>\n\t<meta name=\"twitter:data1\" content=\"1 minut\u0117\" \/>\n<script type=\"application\/ld+json\" class=\"yoast-schema-graph\">{\"@context\":\"https:\/\/schema.org\",\"@graph\":[{\"@type\":\"WebPage\",\"@id\":\"https:\/\/1bedrift.no\/lt\/kontaktai\/\",\"url\":\"https:\/\/1bedrift.no\/lt\/kontaktai\/\",\"name\":\"Kontaktai &#8226; 1bedrift\",\"isPartOf\":{\"@id\":\"https:\/\/1bedrift.no\/lt\/#website\"},\"datePublished\":\"2020-10-14T22:07:36+00:00\",\"dateModified\":\"2024-04-09T09:30:39+00:00\",\"breadcrumb\":{\"@id\":\"https:\/\/1bedrift.no\/lt\/kontaktai\/#breadcrumb\"},\"inLanguage\":\"lt-LT\",\"potentialAction\":[{\"@type\":\"ReadAction\",\"target\":[\"https:\/\/1bedrift.no\/lt\/kontaktai\/\"]}]},{\"@type\":\"BreadcrumbList\",\"@id\":\"https:\/\/1bedrift.no\/lt\/kontaktai\/#breadcrumb\",\"itemListElement\":[{\"@type\":\"ListItem\",\"position\":1,\"name\":\"\u012e pagrindin\u012f\",\"item\":\"https:\/\/1bedrift.no\/lt\/\"},{\"@type\":\"ListItem\",\"position\":2,\"name\":\"Kontaktai\"}]},{\"@type\":\"WebSite\",\"@id\":\"https:\/\/1bedrift.no\/lt\/#website\",\"url\":\"https:\/\/1bedrift.no\/lt\/\",\"name\":\"1bedrift\",\"description\":\"Consulting and accounting services\",\"potentialAction\":[{\"@type\":\"SearchAction\",\"target\":{\"@type\":\"EntryPoint\",\"urlTemplate\":\"https:\/\/1bedrift.no\/lt\/?s={search_term_string}\"},\"query-input\":{\"@type\":\"PropertyValueSpecification\",\"valueRequired\":true,\"valueName\":\"search_term_string\"}}],\"inLanguage\":\"lt-LT\"}]}<\/script>\n<!-- \/ Yoast SEO plugin. -->","yoast_head_json":{"title":"Kontaktai &#8226; 1bedrift","robots":{"index":"index","follow":"follow","max-snippet":"max-snippet:-1","max-image-preview":"max-image-preview:large","max-video-preview":"max-video-preview:-1"},"canonical":"https:\/\/1bedrift.no\/lt\/kontaktai\/","og_locale":"lt_LT","og_type":"article","og_title":"Kontaktai &#8226; 1bedrift","og_description":"Kontaktai Susisiekite su mumis +47 456 56 280 s&#117;&#112;&#x70;&#x6f;&#x72;t&#64;&#49;&#x62;&#x65;&#x64;ri&#102;&#x74;&#x2e;&#x6e;o Hasleveien 28A, 0571 Oslo 1bedrift.no AS Organizacijos numeris: 919 223 510 Facebook Instagram...","og_url":"https:\/\/1bedrift.no\/lt\/kontaktai\/","og_site_name":"1bedrift","article_modified_time":"2024-04-09T09:30:39+00:00","og_image":[{"width":400,"height":400,"url":"https:\/\/1bedrift.no\/wp-content\/uploads\/2020\/09\/1bedrift-logo-square.png","type":"image\/png"}],"twitter_card":"summary_large_image","twitter_misc":{"Est. reading time":"1 minut\u0117"},"schema":{"@context":"https:\/\/schema.org","@graph":[{"@type":"WebPage","@id":"https:\/\/1bedrift.no\/lt\/kontaktai\/","url":"https:\/\/1bedrift.no\/lt\/kontaktai\/","name":"Kontaktai &#8226; 1bedrift","isPartOf":{"@id":"https:\/\/1bedrift.no\/lt\/#website"},"datePublished":"2020-10-14T22:07:36+00:00","dateModified":"2024-04-09T09:30:39+00:00","breadcrumb":{"@id":"https:\/\/1bedrift.no\/lt\/kontaktai\/#breadcrumb"},"inLanguage":"lt-LT","potentialAction":[{"@type":"ReadAction","target":["https:\/\/1bedrift.no\/lt\/kontaktai\/"]}]},{"@type":"BreadcrumbList","@id":"https:\/\/1bedrift.no\/lt\/kontaktai\/#breadcrumb","itemListElement":[{"@type":"ListItem","position":1,"name":"\u012e pagrindin\u012f","item":"https:\/\/1bedrift.no\/lt\/"},{"@type":"ListItem","position":2,"name":"Kontaktai"}]},{"@type":"WebSite","@id":"https:\/\/1bedrift.no\/lt\/#website","url":"https:\/\/1bedrift.no\/lt\/","name":"1bedrift","description":"Consulting and accounting services","potentialAction":[{"@type":"SearchAction","target":{"@type":"EntryPoint","urlTemplate":"https:\/\/1bedrift.no\/lt\/?s={search_term_string}"},"query-input":{"@type":"PropertyValueSpecification","valueRequired":true,"valueName":"search_term_string"}}],"inLanguage":"lt-LT"}]}},"_links":{"self":[{"href":"https:\/\/1bedrift.no\/lt\/wp-json\/wp\/v2\/pages\/2325","targetHints":{"allow":["GET"]}}],"collection":[{"href":"https:\/\/1bedrift.no\/lt\/wp-json\/wp\/v2\/pages"}],"about":[{"href":"https:\/\/1bedrift.no\/lt\/wp-json\/wp\/v2\/types\/page"}],"author":[{"embeddable":true,"href":"https:\/\/1bedrift.no\/lt\/wp-json\/wp\/v2\/users\/1"}],"replies":[{"embeddable":true,"href":"https:\/\/1bedrift.no\/lt\/wp-json\/wp\/v2\/comments?post=2325"}],"version-history":[{"count":5,"href":"https:\/\/1bedrift.no\/lt\/wp-json\/wp\/v2\/pages\/2325\/revisions"}],"predecessor-version":[{"id":14390,"href":"https:\/\/1bedrift.no\/lt\/wp-json\/wp\/v2\/pages\/2325\/revisions\/14390"}],"wp:attachment":[{"href":"https:\/\/1bedrift.no\/lt\/wp-json\/wp\/v2\/media?parent=2325"}],"curies":[{"name":"wp","href":"https:\/\/api.w.org\/{rel}","templated":true}]}}