{"id":1254,"date":"2020-08-17T12:50:55","date_gmt":"2020-08-17T12:50:55","guid":{"rendered":"http:\/\/1bedrift.no\/?page_id=1254"},"modified":"2024-04-11T10:11:09","modified_gmt":"2024-04-11T08:11:09","slug":"sakums","status":"publish","type":"page","link":"https:\/\/1bedrift.no\/lv\/","title":{"rendered":"Pakalpojumi"},"content":{"rendered":"<div id=\"pl-1254\"  class=\"panel-layout\" ><div id=\"pg-1254-0\"  class=\"panel-grid panel-no-style\" ><div id=\"pgc-1254-0-0\"  class=\"panel-grid-cell\" ><div id=\"panel-1254-0-0-0\" class=\"so-panel widget widget_services-widget panel-first-child panel-last-child\" data-index=\"0\" ><div\n\t\t\t\n\t\t\tclass=\"so-widget-services-widget so-widget-services-widget-base\"\n\t\t\t\n\t\t>\r\n<div class=\"tilt-block tilt-block--bottom\">\r\n\t<div class=\"services-landing tilt-block__padding-holder\">\r\n\r\n\t\t\t\t<style>\r\n\t\t\t.page-hero {\r\n\t\t\t\tbackground-image: url('https:&#x2f;&#x2f;&#x31;&#x62;&#x65;&#x64;&#x72;&#x69;&#102;&#116;&#46;&#110;&#111;&#47;&#119;p-co&#x6e;&#x74;&#x65;&#x6e;&#x74;&#x2f;&#x75;&#x70;&#x6c;&#111;&#97;&#100;&#115;&#47;&#50;&#48;20\/0&#x34;&#x2f;&#x48;&#x65;&#x61;&#x64;&#x65;&#x72;&#x5f;&#66;&#71;&#95;&#72;&#111;&#109;&#101;&#64;2x-&#x31;&#x2d;&#x31;&#x32;&#x30;&#x30;&#x78;&#x33;&#x32;&#57;&#46;&#106;&#112;&#103;');\r\n\t\t\t}\r\n\r\n\t\t\t@media screen and (min-width: 1200px) {\r\n\t\t\t\t.page-hero {\r\n\t\t\t\t\tbackground-image: url('https:&#x2f;\/&#x31;&#98;&#x65;&#100;&#x72;&#x69;f&#x74;&#46;&#x6e;&#111;&#x2f;&#119;p&#x2d;&#99;&#x6f;&#110;&#x74;&#101;n&#x74;&#47;&#x75;&#112;&#x6c;&#111;a&#x64;s&#x2f;&#50;&#x30;&#50;0&#x2f;0&#x34;&#47;&#x48;&#101;a&#x64;e&#x72;&#95;&#x42;&#71;_&#x48;o&#x6d;&#101;&#x40;&#50;x&#x2d;1&#x2d;&#115;&#x63;&#97;l&#x65;d&#x2e;&#106;&#x70;&#103;');\r\n\t\t\t\t}\r\n\t\t\t}\r\n\t\t<\/style>\r\n\t\r\n<div class=\"tilt-block tilt-block--bottom\">\r\n\t<div class=\"page-hero page-hero--services\">\r\n\t\t<div class=\"row align-center\">\r\n\t\t\t<div class=\"small-12 large-8 column text-center\">\r\n\t\t\t\t<div class=\"page-hero__content\">\r\n\t\t\t\t\t<h1 class=\"page-hero__heading\">\r\n\t\t\t\t\t\tM\u016aSU PAKALPOJUMI\t\t\t\t\t<\/h1>\r\n\r\n\t\t\t\t\t<div class=\"page-hero__subheading\">\r\n\t\t\t\t\t\t<p>1Bedrift.no ir unik\u0101la platforma, kas pal\u012bdz\u0113s re\u0123istr\u0113t savu uz\u0146\u0113mumu, k\u0101 ar\u012b noform\u0113t visas nepiecie\u0161am\u0101s izmai\u0146as sav\u0101 uz\u0146\u0113mum\u0101 \u0101tri, viegli, kvalitat\u012bvi.<\/p>\n<p>Izmantojiet savu dzimto vai tev jebkuru citu valodu dokumentu noform\u0113\u0161anai. Gala rezult\u0101ts tiek noform\u0113ts Norv\u0113\u0123ij\u0101 ofici\u0101li noteikt\u0101 form\u0101t\u0101.<\/p>\n<p>Platformu izveidoju\u0161i uz\u0146\u0113muma <a href=\"https:\/\/norus-regnskap.no\/lv\/\">Norus Accounting AS<\/a> eksperti.<\/p>\n\t\t\t\t\t<\/div>\r\n\t\t\t\t<\/div>\r\n\t\t\t<\/div>\r\n\t\t<\/div>\r\n\t<\/div>\r\n<\/div>\r\n\r\n\t\t<div class=\"services-grid\">\r\n\r\n\t\t\t<div class=\"row\">\r\n\t\t\t\t\t\t\t\t\t<div class=\"small-12 medium-6 large-4 column services-grid__item\">\r\n\t\t\t\t\t\t<div class=\"service-card \">\r\n\t\t\t\t\t\t\t<a href=\"https:\/\/1bedrift.no\/lv\/product\/juridiskas-un-vai-e-pasta-adreses-nodrosinasana-uznemumam\/\" class=\"service-card__image\"\r\n\t\t\t\t\t\t\t   style=\"background-image:url(https:\/\/1bedrift.no\/wp-content\/uploads\/2020\/04\/Virtual_adress.png)\"><\/a>\r\n\r\n\t\t\t\t\t\t\t<h3 class=\"service-card__title\" data-mh=\"service-card__title\">\r\n\t\t\t\t\t\t\t\t<a href=\"https:\/\/1bedrift.no\/lv\/product\/juridiskas-un-vai-e-pasta-adreses-nodrosinasana-uznemumam\/\">\r\n\t\t\t\t\t\t\t\t\tJuridisk\u0101s un \/ vai e-pasta adreses nodro\u0161in\u0101\u0161ana uz\u0146\u0113mumam\t\t\t\t\t\t\t\t<\/a>\r\n\t\t\t\t\t\t\t<\/h3>\r\n\r\n\t\t\t\t\t\t\t<p class=\"service-card__description\" data-mh=\"service-card__description\">\r\n\t\t\t\t\t\t\t\t\t\t\t\t\t\t\t<\/p>\r\n\r\n\t\t\t\t\t\t\t<a href=\"https:\/\/1bedrift.no\/lv\/product\/juridiskas-un-vai-e-pasta-adreses-nodrosinasana-uznemumam\/\" class=\"service-card__link\">\r\n\t\t\t\t\t\t\t\tLas\u012bt vair\u0101k\t\t\t\t\t\t\t\t<svg xmlns=\"http:\/\/www.w3.org\/2000\/svg\" width=\"22\" height=\"12\" viewBox=\"0 0 22 12\"><path d=\"M1 7c-.1 0-.3 0-.4-.1-.1 0-.2-.1-.3-.2C.1 6.6 0 6.3 0 6c0-.3.1-.5.3-.7.1-.1.2-.1.3-.2.2-.1.5-.1.8 0 .1 0 .2.1.3.2.2.2.3.5.3.7 0 .3-.1.5-.3.7l-.3.3H1z\" fill=\"#ff5512\"\/><path d=\"M21.7 5.3L16.8.4c-.4-.4-1-.4-1.4 0-.4.4-.4 1 0 1.4L18.6 5H4.5c-.6 0-1 .4-1 1s.4 1 1 1h14.1l-3.2 3.2c-.4.4-.4 1 0 1.4.2.2.5.3.7.3.2 0 .5-.1.7-.3l4.9-4.9c.4-.3.4-1 0-1.4z\" fill=\"#2177d6\"\/><\/svg>\n\t\t\t\t\t\t\t<\/a>\r\n\t\t\t\t\t\t<\/div>\r\n\t\t\t\t\t<\/div>\r\n\t\t\t\t\t\t\t\t\t<div class=\"small-12 medium-6 large-4 column services-grid__item\">\r\n\t\t\t\t\t\t<div class=\"service-card \">\r\n\t\t\t\t\t\t\t<a href=\"https:\/\/1bedrift.no\/lv\/product\/jau-registreta-un-darbam-gatava-uznemuma-iegade\/\" class=\"service-card__image\"\r\n\t\t\t\t\t\t\t   style=\"background-image:url(https:\/\/1bedrift.no\/wp-content\/uploads\/2020\/04\/Sale_of_companies.png)\"><\/a>\r\n\r\n\t\t\t\t\t\t\t<h3 class=\"service-card__title\" data-mh=\"service-card__title\">\r\n\t\t\t\t\t\t\t\t<a href=\"https:\/\/1bedrift.no\/lv\/product\/jau-registreta-un-darbam-gatava-uznemuma-iegade\/\">\r\n\t\t\t\t\t\t\t\t\tJau re\u0123istr\u0113ta un darbam gatava uz\u0146\u0113muma ieg\u0101de\t\t\t\t\t\t\t\t<\/a>\r\n\t\t\t\t\t\t\t<\/h3>\r\n\r\n\t\t\t\t\t\t\t<p class=\"service-card__description\" data-mh=\"service-card__description\">\r\n\t\t\t\t\t\t\t\t\t\t\t\t\t\t\t<\/p>\r\n\r\n\t\t\t\t\t\t\t<a href=\"https:\/\/1bedrift.no\/lv\/product\/jau-registreta-un-darbam-gatava-uznemuma-iegade\/\" class=\"service-card__link\">\r\n\t\t\t\t\t\t\t\tLas\u012bt vair\u0101k\t\t\t\t\t\t\t\t<svg xmlns=\"http:\/\/www.w3.org\/2000\/svg\" width=\"22\" height=\"12\" viewBox=\"0 0 22 12\"><path d=\"M1 7c-.1 0-.3 0-.4-.1-.1 0-.2-.1-.3-.2C.1 6.6 0 6.3 0 6c0-.3.1-.5.3-.7.1-.1.2-.1.3-.2.2-.1.5-.1.8 0 .1 0 .2.1.3.2.2.2.3.5.3.7 0 .3-.1.5-.3.7l-.3.3H1z\" fill=\"#ff5512\"\/><path d=\"M21.7 5.3L16.8.4c-.4-.4-1-.4-1.4 0-.4.4-.4 1 0 1.4L18.6 5H4.5c-.6 0-1 .4-1 1s.4 1 1 1h14.1l-3.2 3.2c-.4.4-.4 1 0 1.4.2.2.5.3.7.3.2 0 .5-.1.7-.3l4.9-4.9c.4-.3.4-1 0-1.4z\" fill=\"#2177d6\"\/><\/svg>\n\t\t\t\t\t\t\t<\/a>\r\n\t\t\t\t\t\t<\/div>\r\n\t\t\t\t\t<\/div>\r\n\t\t\t\t\t\t\t\t\t<div class=\"small-12 medium-6 large-4 column services-grid__item\">\r\n\t\t\t\t\t\t<div class=\"service-card \">\r\n\t\t\t\t\t\t\t<a href=\"https:\/\/1bedrift.no\/lv\/product\/akciju-sabiedribas-registracija\/\" class=\"service-card__image\"\r\n\t\t\t\t\t\t\t   style=\"background-image:url(https:\/\/1bedrift.no\/wp-content\/uploads\/2020\/04\/AS_registration.png)\"><\/a>\r\n\r\n\t\t\t\t\t\t\t<h3 class=\"service-card__title\" data-mh=\"service-card__title\">\r\n\t\t\t\t\t\t\t\t<a href=\"https:\/\/1bedrift.no\/lv\/product\/akciju-sabiedribas-registracija\/\">\r\n\t\t\t\t\t\t\t\t\tAkciju sabiedr\u012bbas re\u0123istr\u0101cija (AS)\t\t\t\t\t\t\t\t<\/a>\r\n\t\t\t\t\t\t\t<\/h3>\r\n\r\n\t\t\t\t\t\t\t<p class=\"service-card__description\" data-mh=\"service-card__description\">\r\n\t\t\t\t\t\t\t\t\t\t\t\t\t\t\t<\/p>\r\n\r\n\t\t\t\t\t\t\t<a href=\"https:\/\/1bedrift.no\/lv\/product\/akciju-sabiedribas-registracija\/\" class=\"service-card__link\">\r\n\t\t\t\t\t\t\t\tLas\u012bt vair\u0101k\t\t\t\t\t\t\t\t<svg xmlns=\"http:\/\/www.w3.org\/2000\/svg\" width=\"22\" height=\"12\" viewBox=\"0 0 22 12\"><path d=\"M1 7c-.1 0-.3 0-.4-.1-.1 0-.2-.1-.3-.2C.1 6.6 0 6.3 0 6c0-.3.1-.5.3-.7.1-.1.2-.1.3-.2.2-.1.5-.1.8 0 .1 0 .2.1.3.2.2.2.3.5.3.7 0 .3-.1.5-.3.7l-.3.3H1z\" fill=\"#ff5512\"\/><path d=\"M21.7 5.3L16.8.4c-.4-.4-1-.4-1.4 0-.4.4-.4 1 0 1.4L18.6 5H4.5c-.6 0-1 .4-1 1s.4 1 1 1h14.1l-3.2 3.2c-.4.4-.4 1 0 1.4.2.2.5.3.7.3.2 0 .5-.1.7-.3l4.9-4.9c.4-.3.4-1 0-1.4z\" fill=\"#2177d6\"\/><\/svg>\n\t\t\t\t\t\t\t<\/a>\r\n\t\t\t\t\t\t<\/div>\r\n\t\t\t\t\t<\/div>\r\n\t\t\t\t\t\t\t\t\t<div class=\"small-12 medium-6 large-4 column services-grid__item\">\r\n\t\t\t\t\t\t<div class=\"service-card \">\r\n\t\t\t\t\t\t\t<a href=\"https:\/\/1bedrift.no\/lv\/product\/arvalstu-uznemuma-filiales-registracija-norvegija\/\" class=\"service-card__image\"\r\n\t\t\t\t\t\t\t   style=\"background-image:url(https:\/\/1bedrift.no\/wp-content\/uploads\/2020\/04\/NUF_registration.png)\"><\/a>\r\n\r\n\t\t\t\t\t\t\t<h3 class=\"service-card__title\" data-mh=\"service-card__title\">\r\n\t\t\t\t\t\t\t\t<a href=\"https:\/\/1bedrift.no\/lv\/product\/arvalstu-uznemuma-filiales-registracija-norvegija\/\">\r\n\t\t\t\t\t\t\t\t\t\u0100rvalstu uz\u0146\u0113muma fili\u0101les re\u0123istr\u0101cija Norv\u0113\u0123ij\u0101 (NUF)\t\t\t\t\t\t\t\t<\/a>\r\n\t\t\t\t\t\t\t<\/h3>\r\n\r\n\t\t\t\t\t\t\t<p class=\"service-card__description\" data-mh=\"service-card__description\">\r\n\t\t\t\t\t\t\t\t\t\t\t\t\t\t\t<\/p>\r\n\r\n\t\t\t\t\t\t\t<a href=\"https:\/\/1bedrift.no\/lv\/product\/arvalstu-uznemuma-filiales-registracija-norvegija\/\" class=\"service-card__link\">\r\n\t\t\t\t\t\t\t\tLas\u012bt vair\u0101k\t\t\t\t\t\t\t\t<svg xmlns=\"http:\/\/www.w3.org\/2000\/svg\" width=\"22\" height=\"12\" viewBox=\"0 0 22 12\"><path d=\"M1 7c-.1 0-.3 0-.4-.1-.1 0-.2-.1-.3-.2C.1 6.6 0 6.3 0 6c0-.3.1-.5.3-.7.1-.1.2-.1.3-.2.2-.1.5-.1.8 0 .1 0 .2.1.3.2.2.2.3.5.3.7 0 .3-.1.5-.3.7l-.3.3H1z\" fill=\"#ff5512\"\/><path d=\"M21.7 5.3L16.8.4c-.4-.4-1-.4-1.4 0-.4.4-.4 1 0 1.4L18.6 5H4.5c-.6 0-1 .4-1 1s.4 1 1 1h14.1l-3.2 3.2c-.4.4-.4 1 0 1.4.2.2.5.3.7.3.2 0 .5-.1.7-.3l4.9-4.9c.4-.3.4-1 0-1.4z\" fill=\"#2177d6\"\/><\/svg>\n\t\t\t\t\t\t\t<\/a>\r\n\t\t\t\t\t\t<\/div>\r\n\t\t\t\t\t<\/div>\r\n\t\t\t\t\t\t\t\t\t<div class=\"small-12 medium-6 large-4 column services-grid__item\">\r\n\t\t\t\t\t\t<div class=\"service-card \">\r\n\t\t\t\t\t\t\t<a href=\"https:\/\/1bedrift.no\/lv\/product\/holdinga-registracija\/\" class=\"service-card__image\"\r\n\t\t\t\t\t\t\t   style=\"background-image:url(https:\/\/1bedrift.no\/wp-content\/uploads\/2020\/04\/Holding_registration.png)\"><\/a>\r\n\r\n\t\t\t\t\t\t\t<h3 class=\"service-card__title\" data-mh=\"service-card__title\">\r\n\t\t\t\t\t\t\t\t<a href=\"https:\/\/1bedrift.no\/lv\/product\/holdinga-registracija\/\">\r\n\t\t\t\t\t\t\t\t\tHoldinga re\u0123istr\u0101cija\t\t\t\t\t\t\t\t<\/a>\r\n\t\t\t\t\t\t\t<\/h3>\r\n\r\n\t\t\t\t\t\t\t<p class=\"service-card__description\" data-mh=\"service-card__description\">\r\n\t\t\t\t\t\t\t\t\t\t\t\t\t\t\t<\/p>\r\n\r\n\t\t\t\t\t\t\t<a href=\"https:\/\/1bedrift.no\/lv\/product\/holdinga-registracija\/\" class=\"service-card__link\">\r\n\t\t\t\t\t\t\t\tLas\u012bt vair\u0101k\t\t\t\t\t\t\t\t<svg xmlns=\"http:\/\/www.w3.org\/2000\/svg\" width=\"22\" height=\"12\" viewBox=\"0 0 22 12\"><path d=\"M1 7c-.1 0-.3 0-.4-.1-.1 0-.2-.1-.3-.2C.1 6.6 0 6.3 0 6c0-.3.1-.5.3-.7.1-.1.2-.1.3-.2.2-.1.5-.1.8 0 .1 0 .2.1.3.2.2.2.3.5.3.7 0 .3-.1.5-.3.7l-.3.3H1z\" fill=\"#ff5512\"\/><path d=\"M21.7 5.3L16.8.4c-.4-.4-1-.4-1.4 0-.4.4-.4 1 0 1.4L18.6 5H4.5c-.6 0-1 .4-1 1s.4 1 1 1h14.1l-3.2 3.2c-.4.4-.4 1 0 1.4.2.2.5.3.7.3.2 0 .5-.1.7-.3l4.9-4.9c.4-.3.4-1 0-1.4z\" fill=\"#2177d6\"\/><\/svg>\n\t\t\t\t\t\t\t<\/a>\r\n\t\t\t\t\t\t<\/div>\r\n\t\t\t\t\t<\/div>\r\n\t\t\t\t\t\t\t\t\t<div class=\"small-12 medium-6 large-4 column services-grid__item\">\r\n\t\t\t\t\t\t<div class=\"service-card \">\r\n\t\t\t\t\t\t\t<a href=\"https:\/\/1bedrift.no\/lv\/product\/privata-uznemuma-registracija\/\" class=\"service-card__image\"\r\n\t\t\t\t\t\t\t   style=\"background-image:url(https:\/\/1bedrift.no\/wp-content\/uploads\/2020\/04\/EPF_registration.png)\"><\/a>\r\n\r\n\t\t\t\t\t\t\t<h3 class=\"service-card__title\" data-mh=\"service-card__title\">\r\n\t\t\t\t\t\t\t\t<a href=\"https:\/\/1bedrift.no\/lv\/product\/privata-uznemuma-registracija\/\">\r\n\t\t\t\t\t\t\t\t\tPriv\u0101ta uz\u0146\u0113muma re\u0123istr\u0101cija (ENK)\t\t\t\t\t\t\t\t<\/a>\r\n\t\t\t\t\t\t\t<\/h3>\r\n\r\n\t\t\t\t\t\t\t<p class=\"service-card__description\" data-mh=\"service-card__description\">\r\n\t\t\t\t\t\t\t\t\t\t\t\t\t\t\t<\/p>\r\n\r\n\t\t\t\t\t\t\t<a href=\"https:\/\/1bedrift.no\/lv\/product\/privata-uznemuma-registracija\/\" class=\"service-card__link\">\r\n\t\t\t\t\t\t\t\tLas\u012bt vair\u0101k\t\t\t\t\t\t\t\t<svg xmlns=\"http:\/\/www.w3.org\/2000\/svg\" width=\"22\" height=\"12\" viewBox=\"0 0 22 12\"><path d=\"M1 7c-.1 0-.3 0-.4-.1-.1 0-.2-.1-.3-.2C.1 6.6 0 6.3 0 6c0-.3.1-.5.3-.7.1-.1.2-.1.3-.2.2-.1.5-.1.8 0 .1 0 .2.1.3.2.2.2.3.5.3.7 0 .3-.1.5-.3.7l-.3.3H1z\" fill=\"#ff5512\"\/><path d=\"M21.7 5.3L16.8.4c-.4-.4-1-.4-1.4 0-.4.4-.4 1 0 1.4L18.6 5H4.5c-.6 0-1 .4-1 1s.4 1 1 1h14.1l-3.2 3.2c-.4.4-.4 1 0 1.4.2.2.5.3.7.3.2 0 .5-.1.7-.3l4.9-4.9c.4-.3.4-1 0-1.4z\" fill=\"#2177d6\"\/><\/svg>\n\t\t\t\t\t\t\t<\/a>\r\n\t\t\t\t\t\t<\/div>\r\n\t\t\t\t\t<\/div>\r\n\t\t\t\t\r\n\t\t\t\t<div class=\"small-12 large-4 column\"><\/div>\r\n\r\n\t\t\t\t<div class=\"small-12 large-8 column\">\r\n\t\t\t\t\t<div class=\"services-grid-contacts\">\r\n\r\n\t\t\t\t\t\t<h3 class=\"services-grid-contacts__heading title-underline-blue title-underline-blue--right\">\r\n\t\t\t\t\t\t\tSAZINIETIES AR MUMS\t\t\t\t\t\t<\/h3>\r\n\r\n\t\t\t\t\t\t<div class=\"services-grid-contacts__subheading\">\r\n\t\t\t\t\t\t\t<p>M\u0113s b\u016bsim priec\u012bgi pal\u012bdz\u0113t un konsult\u0113t J\u016bs visos jaut\u0101jumos.<\/p>\n\t\t\t\t\t\t<\/div>\r\n\r\n\t\t\t\t\t\t<div class=\"services-grid-contacts__items\">\r\n\t\t\t\t\t\t\t\r\n\r\n\t\t\t\t\t\t\t\r\n\t\t\t\t\t\t\t\t<a href=\"&#x6d;&#97;&#105;l&#x74;&#x6f;&#58;s&#x75;&#x70;&#112;or&#x74;&#64;&#49;b&#x65;&#x64;&#114;i&#x66;&#x74;&#46;&#110;o\"\r\n\t\t\t\t\t\t\t\t   class=\"services-grid-contacts__item services-grid-contacts__item--email\">\r\n\t\t\t\t\t\t\t\t\t&#115;&#x75;&#x70;&#112;&#x6f;&#x72;t&#x40;&#x31;b&#101;&#x64;r&#105;&#x66;t&#46;&#x6e;o\t\t\t\t\t\t\t\t<\/a>\r\n\r\n\t\t\t\t\t\t\t\t\t\t\t\t\t\t<\/div>\r\n\t\t\t\t\t<\/div>\r\n\t\t\t\t<\/div>\r\n\t\t\t<\/div>\r\n\t\t<\/div>\r\n\t<\/div>\r\n<\/div>\r\n\r\n<script>\r\n    jQuery(function ($) {\r\n        $('.services-grid__view-more').on('click', function () {\r\n            $(this).remove();\r\n            $('.services-grid').addClass('services-grid--view-more');\r\n        });\r\n    })\r\n<\/script>\r\n<\/div><\/div><\/div><\/div><\/div>","protected":false},"excerpt":{"rendered":"<p>M\u016aSU PAKALPOJUMI 1Bedrift.no ir unik\u0101la platforma, kas pal\u012bdz\u0113s re\u0123istr\u0113t savu uz\u0146\u0113mumu, k\u0101 ar\u012b noform\u0113t visas nepiecie\u0161am\u0101s izmai\u0146as sav\u0101 uz\u0146\u0113mum\u0101 \u0101tri, viegli, kvalitat\u012bvi&#8230;.<\/p>\n","protected":false},"author":1,"featured_media":0,"parent":0,"menu_order":0,"comment_status":"closed","ping_status":"closed","template":"","meta":{"_acf_changed":false,"footnotes":""},"class_list":["post-1254","page","type-page","status-publish","hentry"],"acf":[],"yoast_head":"<!-- This site is optimized with the Yoast SEO plugin v25.6 - https:\/\/yoast.com\/wordpress\/plugins\/seo\/ -->\n<title>Pakalpojumi &#8226; 1bedrift<\/title>\n<meta name=\"robots\" content=\"index, follow, max-snippet:-1, max-image-preview:large, max-video-preview:-1\" \/>\n<link rel=\"canonical\" href=\"https:\/\/1bedrift.no\/lv\/\" \/>\n<meta property=\"og:locale\" content=\"lv_LV\" \/>\n<meta property=\"og:type\" content=\"article\" \/>\n<meta property=\"og:title\" content=\"Pakalpojumi &#8226; 1bedrift\" \/>\n<meta property=\"og:description\" content=\"M\u016aSU PAKALPOJUMI 1Bedrift.no ir unik\u0101la platforma, kas pal\u012bdz\u0113s re\u0123istr\u0113t savu uz\u0146\u0113mumu, k\u0101 ar\u012b noform\u0113t visas nepiecie\u0161am\u0101s izmai\u0146as sav\u0101 uz\u0146\u0113mum\u0101 \u0101tri, viegli, kvalitat\u012bvi....\" \/>\n<meta property=\"og:url\" content=\"https:\/\/1bedrift.no\/lv\/\" \/>\n<meta property=\"og:site_name\" content=\"1bedrift\" \/>\n<meta property=\"article:modified_time\" content=\"2024-04-11T08:11:09+00:00\" \/>\n<meta property=\"og:image\" content=\"https:\/\/1bedrift.no\/wp-content\/uploads\/2020\/09\/1bedrift-logo-square.png\" \/>\n\t<meta property=\"og:image:width\" content=\"400\" \/>\n\t<meta property=\"og:image:height\" content=\"400\" \/>\n\t<meta property=\"og:image:type\" content=\"image\/png\" \/>\n<meta name=\"twitter:card\" content=\"summary_large_image\" \/>\n<meta name=\"twitter:label1\" content=\"Est. reading time\" \/>\n\t<meta name=\"twitter:data1\" content=\"2 minutes\" \/>\n<script type=\"application\/ld+json\" class=\"yoast-schema-graph\">{\"@context\":\"https:\/\/schema.org\",\"@graph\":[{\"@type\":\"WebPage\",\"@id\":\"https:\/\/1bedrift.no\/lv\/\",\"url\":\"https:\/\/1bedrift.no\/lv\/\",\"name\":\"Pakalpojumi &#8226; 1bedrift\",\"isPartOf\":{\"@id\":\"https:\/\/1bedrift.no\/lv\/#website\"},\"datePublished\":\"2020-08-17T12:50:55+00:00\",\"dateModified\":\"2024-04-11T08:11:09+00:00\",\"breadcrumb\":{\"@id\":\"https:\/\/1bedrift.no\/lv\/#breadcrumb\"},\"inLanguage\":\"lv-LV\",\"potentialAction\":[{\"@type\":\"ReadAction\",\"target\":[\"https:\/\/1bedrift.no\/lv\/\"]}]},{\"@type\":\"BreadcrumbList\",\"@id\":\"https:\/\/1bedrift.no\/lv\/#breadcrumb\",\"itemListElement\":[{\"@type\":\"ListItem\",\"position\":1,\"name\":\"S\u0101kums\",\"item\":\"https:\/\/1bedrift.no\/lv\/\"},{\"@type\":\"ListItem\",\"position\":2,\"name\":\"Pakalpojumi\"}]},{\"@type\":\"WebSite\",\"@id\":\"https:\/\/1bedrift.no\/lv\/#website\",\"url\":\"https:\/\/1bedrift.no\/lv\/\",\"name\":\"1bedrift\",\"description\":\"Consulting and accounting services\",\"potentialAction\":[{\"@type\":\"SearchAction\",\"target\":{\"@type\":\"EntryPoint\",\"urlTemplate\":\"https:\/\/1bedrift.no\/lv\/?s={search_term_string}\"},\"query-input\":{\"@type\":\"PropertyValueSpecification\",\"valueRequired\":true,\"valueName\":\"search_term_string\"}}],\"inLanguage\":\"lv-LV\"}]}<\/script>\n<!-- \/ Yoast SEO plugin. -->","yoast_head_json":{"title":"Pakalpojumi &#8226; 1bedrift","robots":{"index":"index","follow":"follow","max-snippet":"max-snippet:-1","max-image-preview":"max-image-preview:large","max-video-preview":"max-video-preview:-1"},"canonical":"https:\/\/1bedrift.no\/lv\/","og_locale":"lv_LV","og_type":"article","og_title":"Pakalpojumi &#8226; 1bedrift","og_description":"M\u016aSU PAKALPOJUMI 1Bedrift.no ir unik\u0101la platforma, kas pal\u012bdz\u0113s re\u0123istr\u0113t savu uz\u0146\u0113mumu, k\u0101 ar\u012b noform\u0113t visas nepiecie\u0161am\u0101s izmai\u0146as sav\u0101 uz\u0146\u0113mum\u0101 \u0101tri, viegli, kvalitat\u012bvi....","og_url":"https:\/\/1bedrift.no\/lv\/","og_site_name":"1bedrift","article_modified_time":"2024-04-11T08:11:09+00:00","og_image":[{"width":400,"height":400,"url":"https:\/\/1bedrift.no\/wp-content\/uploads\/2020\/09\/1bedrift-logo-square.png","type":"image\/png"}],"twitter_card":"summary_large_image","twitter_misc":{"Est. reading time":"2 minutes"},"schema":{"@context":"https:\/\/schema.org","@graph":[{"@type":"WebPage","@id":"https:\/\/1bedrift.no\/lv\/","url":"https:\/\/1bedrift.no\/lv\/","name":"Pakalpojumi &#8226; 1bedrift","isPartOf":{"@id":"https:\/\/1bedrift.no\/lv\/#website"},"datePublished":"2020-08-17T12:50:55+00:00","dateModified":"2024-04-11T08:11:09+00:00","breadcrumb":{"@id":"https:\/\/1bedrift.no\/lv\/#breadcrumb"},"inLanguage":"lv-LV","potentialAction":[{"@type":"ReadAction","target":["https:\/\/1bedrift.no\/lv\/"]}]},{"@type":"BreadcrumbList","@id":"https:\/\/1bedrift.no\/lv\/#breadcrumb","itemListElement":[{"@type":"ListItem","position":1,"name":"S\u0101kums","item":"https:\/\/1bedrift.no\/lv\/"},{"@type":"ListItem","position":2,"name":"Pakalpojumi"}]},{"@type":"WebSite","@id":"https:\/\/1bedrift.no\/lv\/#website","url":"https:\/\/1bedrift.no\/lv\/","name":"1bedrift","description":"Consulting and accounting services","potentialAction":[{"@type":"SearchAction","target":{"@type":"EntryPoint","urlTemplate":"https:\/\/1bedrift.no\/lv\/?s={search_term_string}"},"query-input":{"@type":"PropertyValueSpecification","valueRequired":true,"valueName":"search_term_string"}}],"inLanguage":"lv-LV"}]}},"_links":{"self":[{"href":"https:\/\/1bedrift.no\/lv\/wp-json\/wp\/v2\/pages\/1254","targetHints":{"allow":["GET"]}}],"collection":[{"href":"https:\/\/1bedrift.no\/lv\/wp-json\/wp\/v2\/pages"}],"about":[{"href":"https:\/\/1bedrift.no\/lv\/wp-json\/wp\/v2\/types\/page"}],"author":[{"embeddable":true,"href":"https:\/\/1bedrift.no\/lv\/wp-json\/wp\/v2\/users\/1"}],"replies":[{"embeddable":true,"href":"https:\/\/1bedrift.no\/lv\/wp-json\/wp\/v2\/comments?post=1254"}],"version-history":[{"count":6,"href":"https:\/\/1bedrift.no\/lv\/wp-json\/wp\/v2\/pages\/1254\/revisions"}],"predecessor-version":[{"id":14400,"href":"https:\/\/1bedrift.no\/lv\/wp-json\/wp\/v2\/pages\/1254\/revisions\/14400"}],"wp:attachment":[{"href":"https:\/\/1bedrift.no\/lv\/wp-json\/wp\/v2\/media?parent=1254"}],"curies":[{"name":"wp","href":"https:\/\/api.w.org\/{rel}","templated":true}]}}