{"id":2395,"date":"2020-10-21T19:52:07","date_gmt":"2020-10-21T17:52:07","guid":{"rendered":"http:\/\/1bedrift.no\/?page_id=2395"},"modified":"2020-10-21T19:52:07","modified_gmt":"2020-10-21T17:52:07","slug":"privatuma-politika","status":"publish","type":"page","link":"https:\/\/1bedrift.no\/lv\/privatuma-politika\/","title":{"rendered":"Priv\u0101tuma politika"},"content":{"rendered":"<p>M\u0113s augstu v\u0113rt\u0113jam J\u016bsu konfidencialit\u0101ti, t\u0101p\u0113c m\u0113s maksim\u0101li nopietni izturamies pret J\u016bsu personisko inform\u0101ciju. Visa sav\u0101kt\u0101 personisk\u0101 inform\u0101cija tiek izmantota tikai projekta ietvaros, un pamatojoties uz sp\u0113k\u0101 eso\u0161o Norv\u0113\u0123ijas likumdo\u0161anu par konfidencialit\u0101ti.<\/p>\n<p>Zem\u0101k J\u016bs varat izlas\u012bt par inform\u0101cijas apkopo\u0161anas un apstr\u0101des procesu, k\u0101 ar\u012b ar inform\u0101cijas tipiem, kas glab\u0101jas 1Bedrift.no serveros<\/p>\n<p><span style=\"color: #ff0000;\"><strong>Izmantojot m\u016bsu servisu, J\u016bs piekr\u012btat personisk\u0101s inform\u0101cijas un datu trafika apstr\u0101dei un glab\u0101\u0161anai.<\/strong><\/span><\/p>\n<h2>K\u0101du inform\u0101ciju m\u0113s apkopojam un glab\u0101jam?<\/h2>\n<ul>\n<li>M\u0113s apkopojam inform\u0101ciju par Jums, k\u0101 par 1Bedrift.no klientu, ar m\u0113r\u0137i \u012bstenot J\u016bsu pas\u016bt\u012bto pakalpojumu. Bez t\u0101das inform\u0101cijas k\u0101: v\u0101rds, uzv\u0101rds, adrese, personiskie re\u0123istr\u0101cijas numuri, utt. m\u0113s nesp\u0113sim pal\u012bdz\u0113t Jums re\u0123istr\u0113t uz\u0146\u0113mumu vai veikt k\u0101das citas Jums nepiecie\u0161am\u0101s izmai\u0146as.<br \/>\nPerson\u012bg\u0101s inform\u0101cijas nodo\u0161ana mums ir br\u012bvpr\u0101t\u012bga, tom\u0113r j\u016bsu personas dati ir nepiecie\u0161ami pakalpojumu snieg\u0161anai, t\u0101 k\u0101 visiem re\u0123istr\u0101cijas dokumentiem oblig\u0101t\u0101 k\u0101rt\u012bb\u0101 j\u0101satur j\u016bsu personas dati.<\/li>\n<li>Inform\u0101cija par J\u016bsu ieg\u0101d\u0101tajiem pakalpojumiem, r\u0113\u0137inu un kv\u012b\u0161u kopijas, at\u013caujas m\u0101rketingam un jebk\u0101di kontakti ar m\u016bsu atbalsta noda\u013cu.<br \/>\n\u0160\u012b inform\u0101cija ir nepiecie\u0161ama, lai \u012bstenotu uz\u0146\u0113muma 1Bedrift.no AS iek\u0161\u0113jo gr\u0101matved\u012bbu, k\u0101 ar\u012b, lai uzlabotu m\u016bsu servisu, izmantojot klientu aktivit\u0101tes kontroli.<\/li>\n<li>M\u0113s apkopojam visu iesp\u0113jamo inform\u0101ciju par vietnes 1Bedrift.no izmanto\u0161anu, ieskaitot m\u0101jas lapas apmekl\u0113jumu aktivit\u0101tes \u017eurn\u0101lu, tehnisko inform\u0101ciju par ier\u012bci, no kuras J\u016bs apmekl\u0113j\u0101t vietni, apmekl\u0113juma datumu un laiku, opr\u0113t\u0101jsist\u0113mu un p\u0101rl\u016bku, IP adresi, ekr\u0101na izm\u0113ru utt., taj\u0101 skait\u0101 S\u012bkfailus.<br \/>\nMums nepiecie\u0161ama \u0161\u012b inform\u0101cija priek\u0161 marketologu darba, kas nodarbojas ar projekta 1Bedrift.no virz\u012b\u0161anu, un IT noda\u013cai, kas str\u0101d\u0101 pie m\u016bsu projekta uzlabo\u0161anas.<\/li>\n<li>Inform\u0101cija par J\u016bsu piek\u013cuvi sist\u0113mai.<br \/>\n\u0160\u012b inform\u0101cija nepiecie\u0161ama tehnisk\u0101 vai cita veida atbalsta \u012bsteno\u0161anai, ja Jums rodas k\u0101di jaut\u0101jumi.<\/li>\n<\/ul>\n<h2>Kam mums ir ties\u012bbas sniegt j\u016bsu person\u012bgo inform\u0101ciju?<\/h2>\n<p>Visa sav\u0101kt\u0101 inform\u0101cija ir konfidenci\u0101la un tiek izmantota tikai 1Bedrift.no pakalpojumu \u012bsteno\u0161anas ietvaros. Da\u017eos gad\u012bjumos mums ir j\u0101iesniedz J\u016bsu dati cit\u0101m organiz\u0101cij\u0101m, bet tikai, ja tas ir reglament\u0113ts ar sp\u0113k\u0101 eso\u0161o Norv\u0113\u0123ijas likumdo\u0161anu.<\/p>\n<p>Piem\u0113ram:<\/p>\n<ul>\n<li>re\u0123istr\u0101cijas pal\u0101tai J\u016bsu ieg\u0101d\u0101t\u0101 pakalpojuma snieg\u0161anai<\/li>\n<li>apak\u0161uz\u0146\u0113mumiem, kas sniedz mums savus pakalpojumus un produktus (piem\u0113ram, gr\u0101matved\u012bbas uz\u0146\u0113mums Norus Accounting AS nepiecie\u0161am\u012bbas gad\u012bjum\u0101 \u012bstenojot da\u017e\u0101das konsult\u0101cijas)<\/li>\n<li>sakar\u0101 ar 1Bedrift.no AS p\u0101rdo\u0161anu vai uz\u0146\u0113muma apvieno\u0161anos<\/li>\n<li>citos gad\u012bjumos, kas reglament\u0113ti ar likumdo\u0161anu, piem\u0113ram, p\u0113c tiesas vai citas ofici\u0101las instit\u016bcijas pras\u012bbas.<\/li>\n<\/ul>\n<p>M\u016bsu galvenais noteikums ir t\u0101ds, ka jebkura J\u016bsu sniegt\u0101 inform\u0101cija var tikt izmantota tikai ar m\u0113r\u0137i \u012bstenot J\u016bsu izv\u0113l\u0113tos pakalpojumus.<\/p>\n<p>1Bedrift.no veic visus nepiecie\u0161amos pas\u0101kumus, lai nodro\u0161in\u0101tu datu saglab\u0101\u0161anu. Visi uz\u0146\u0113muma 1Bdrift.no darbinieki, k\u0101 ar\u012b visi apak\u0161uz\u0146\u0113mumi paraksta vieno\u0161anos par jebk\u0101du ar m\u016bsu klientiem saist\u012btu datu neizplat\u012b\u0161anu, jo \u012bpa\u0161i \u0161ie noteikumi attiecas uz uz\u0146\u0113mumiem, kas atrodas \u0101rpus Norv\u0113\u0123ijas.<\/p>\n<h2>Cookie<\/h2>\n<p>1Bedrift.nr izmanto S\u012bkdatnes un citas l\u012bdz\u012bgas tehnolo\u0123ijas, lai noteiktu vietnes www.1bedrift.no vispopul\u0101r\u0101k\u0101s un apmekl\u0113t\u0101k\u0101s lapas.<br \/>\n\u0160\u012b inform\u0101cija tiek izmantota pakalpojumu anal\u012bzei un online-rekl\u0101mas t\u0101rgetingam.<\/p>\n<h2>Ko J\u016bs sa\u0146emat?<\/h2>\n<ul>\n<li>Jums ir ties\u012bbas uz piek\u013cuvi inform\u0101cijai, kas skar person\u012bgi J\u016bs<\/li>\n<li>J\u016bs varat piepras\u012bt dz\u0113st vai labotu jebkurus datus, kas attiecas uz Jums<\/li>\n<\/ul>\n<p>1Bedrift.no komanda\u00a0 uz\u0146emas pien\u0101kumu atbild\u0113t uz jebkuru pras\u012bbu, kas sa\u0146emta rakstiski vai pa e-pastu <a href=\"m&#97;&#x69;&#x6c;t&#111;&#x3a;&#x73;u&#112;&#x70;&#x6f;r&#116;&#x40;&#x31;b&#101;&#x64;&#x72;i&#102;&#116;&#x2e;&#x6e;o\">&#x73;u&#x70;&#112;o&#x72;&#116;&#x40;&#49;b&#x65;&#100;&#x72;&#105;f&#x74;&#46;&#x6e;&#x6f;<\/a> 30 darba dienu laik\u0101.<\/p>\n","protected":false},"excerpt":{"rendered":"<p>M\u0113s augstu v\u0113rt\u0113jam J\u016bsu konfidencialit\u0101ti, t\u0101p\u0113c m\u0113s maksim\u0101li nopietni izturamies pret J\u016bsu personisko inform\u0101ciju. Visa sav\u0101kt\u0101 personisk\u0101 inform\u0101cija tiek izmantota tikai projekta&#8230;<\/p>\n","protected":false},"author":1,"featured_media":0,"parent":0,"menu_order":0,"comment_status":"closed","ping_status":"closed","template":"","meta":{"_acf_changed":false,"footnotes":""},"class_list":["post-2395","page","type-page","status-publish","hentry"],"acf":[],"yoast_head":"<!-- This site is optimized with the Yoast SEO plugin v27.5 - https:\/\/yoast.com\/product\/yoast-seo-wordpress\/ -->\n<title>Priv\u0101tuma politika &#8226; 1bedrift<\/title>\n<meta name=\"robots\" content=\"index, follow, max-snippet:-1, max-image-preview:large, max-video-preview:-1\" \/>\n<link rel=\"canonical\" href=\"https:\/\/1bedrift.no\/lv\/privatuma-politika\/\" \/>\n<meta property=\"og:locale\" content=\"lv_LV\" \/>\n<meta property=\"og:type\" content=\"article\" \/>\n<meta property=\"og:title\" content=\"Priv\u0101tuma politika &#8226; 1bedrift\" \/>\n<meta property=\"og:description\" content=\"M\u0113s augstu v\u0113rt\u0113jam J\u016bsu konfidencialit\u0101ti, t\u0101p\u0113c m\u0113s maksim\u0101li nopietni izturamies pret J\u016bsu personisko inform\u0101ciju. Visa sav\u0101kt\u0101 personisk\u0101 inform\u0101cija tiek izmantota tikai projekta...\" \/>\n<meta property=\"og:url\" content=\"https:\/\/1bedrift.no\/lv\/privatuma-politika\/\" \/>\n<meta property=\"og:site_name\" content=\"1bedrift\" \/>\n<meta property=\"og:image\" content=\"https:\/\/1bedrift.no\/wp-content\/uploads\/2020\/09\/1bedrift-logo-square.png\" \/>\n\t<meta property=\"og:image:width\" content=\"400\" \/>\n\t<meta property=\"og:image:height\" content=\"400\" \/>\n\t<meta property=\"og:image:type\" content=\"image\/png\" \/>\n<meta name=\"twitter:card\" content=\"summary_large_image\" \/>\n<meta name=\"twitter:label1\" content=\"Est. reading time\" \/>\n\t<meta name=\"twitter:data1\" content=\"4 minutes\" \/>\n<script type=\"application\/ld+json\" class=\"yoast-schema-graph\">{\"@context\":\"https:\\\/\\\/schema.org\",\"@graph\":[{\"@type\":\"WebPage\",\"@id\":\"https:\\\/\\\/1bedrift.no\\\/lv\\\/privatuma-politika\\\/\",\"url\":\"https:\\\/\\\/1bedrift.no\\\/lv\\\/privatuma-politika\\\/\",\"name\":\"Priv\u0101tuma politika &#8226; 1bedrift\",\"isPartOf\":{\"@id\":\"https:\\\/\\\/1bedrift.no\\\/lv\\\/#website\"},\"datePublished\":\"2020-10-21T17:52:07+00:00\",\"breadcrumb\":{\"@id\":\"https:\\\/\\\/1bedrift.no\\\/lv\\\/privatuma-politika\\\/#breadcrumb\"},\"inLanguage\":\"lv-LV\",\"potentialAction\":[{\"@type\":\"ReadAction\",\"target\":[\"https:\\\/\\\/1bedrift.no\\\/lv\\\/privatuma-politika\\\/\"]}]},{\"@type\":\"BreadcrumbList\",\"@id\":\"https:\\\/\\\/1bedrift.no\\\/lv\\\/privatuma-politika\\\/#breadcrumb\",\"itemListElement\":[{\"@type\":\"ListItem\",\"position\":1,\"name\":\"S\u0101kums\",\"item\":\"https:\\\/\\\/1bedrift.no\\\/lv\\\/\"},{\"@type\":\"ListItem\",\"position\":2,\"name\":\"Priv\u0101tuma politika\"}]},{\"@type\":\"WebSite\",\"@id\":\"https:\\\/\\\/1bedrift.no\\\/lv\\\/#website\",\"url\":\"https:\\\/\\\/1bedrift.no\\\/lv\\\/\",\"name\":\"1bedrift\",\"description\":\"Consulting and accounting services\",\"potentialAction\":[{\"@type\":\"SearchAction\",\"target\":{\"@type\":\"EntryPoint\",\"urlTemplate\":\"https:\\\/\\\/1bedrift.no\\\/lv\\\/?s={search_term_string}\"},\"query-input\":{\"@type\":\"PropertyValueSpecification\",\"valueRequired\":true,\"valueName\":\"search_term_string\"}}],\"inLanguage\":\"lv-LV\"}]}<\/script>\n<!-- \/ Yoast SEO plugin. -->","yoast_head_json":{"title":"Priv\u0101tuma politika &#8226; 1bedrift","robots":{"index":"index","follow":"follow","max-snippet":"max-snippet:-1","max-image-preview":"max-image-preview:large","max-video-preview":"max-video-preview:-1"},"canonical":"https:\/\/1bedrift.no\/lv\/privatuma-politika\/","og_locale":"lv_LV","og_type":"article","og_title":"Priv\u0101tuma politika &#8226; 1bedrift","og_description":"M\u0113s augstu v\u0113rt\u0113jam J\u016bsu konfidencialit\u0101ti, t\u0101p\u0113c m\u0113s maksim\u0101li nopietni izturamies pret J\u016bsu personisko inform\u0101ciju. Visa sav\u0101kt\u0101 personisk\u0101 inform\u0101cija tiek izmantota tikai projekta...","og_url":"https:\/\/1bedrift.no\/lv\/privatuma-politika\/","og_site_name":"1bedrift","og_image":[{"width":400,"height":400,"url":"https:\/\/1bedrift.no\/wp-content\/uploads\/2020\/09\/1bedrift-logo-square.png","type":"image\/png"}],"twitter_card":"summary_large_image","twitter_misc":{"Est. reading time":"4 minutes"},"schema":{"@context":"https:\/\/schema.org","@graph":[{"@type":"WebPage","@id":"https:\/\/1bedrift.no\/lv\/privatuma-politika\/","url":"https:\/\/1bedrift.no\/lv\/privatuma-politika\/","name":"Priv\u0101tuma politika &#8226; 1bedrift","isPartOf":{"@id":"https:\/\/1bedrift.no\/lv\/#website"},"datePublished":"2020-10-21T17:52:07+00:00","breadcrumb":{"@id":"https:\/\/1bedrift.no\/lv\/privatuma-politika\/#breadcrumb"},"inLanguage":"lv-LV","potentialAction":[{"@type":"ReadAction","target":["https:\/\/1bedrift.no\/lv\/privatuma-politika\/"]}]},{"@type":"BreadcrumbList","@id":"https:\/\/1bedrift.no\/lv\/privatuma-politika\/#breadcrumb","itemListElement":[{"@type":"ListItem","position":1,"name":"S\u0101kums","item":"https:\/\/1bedrift.no\/lv\/"},{"@type":"ListItem","position":2,"name":"Priv\u0101tuma politika"}]},{"@type":"WebSite","@id":"https:\/\/1bedrift.no\/lv\/#website","url":"https:\/\/1bedrift.no\/lv\/","name":"1bedrift","description":"Consulting and accounting services","potentialAction":[{"@type":"SearchAction","target":{"@type":"EntryPoint","urlTemplate":"https:\/\/1bedrift.no\/lv\/?s={search_term_string}"},"query-input":{"@type":"PropertyValueSpecification","valueRequired":true,"valueName":"search_term_string"}}],"inLanguage":"lv-LV"}]}},"_links":{"self":[{"href":"https:\/\/1bedrift.no\/lv\/wp-json\/wp\/v2\/pages\/2395","targetHints":{"allow":["GET"]}}],"collection":[{"href":"https:\/\/1bedrift.no\/lv\/wp-json\/wp\/v2\/pages"}],"about":[{"href":"https:\/\/1bedrift.no\/lv\/wp-json\/wp\/v2\/types\/page"}],"author":[{"embeddable":true,"href":"https:\/\/1bedrift.no\/lv\/wp-json\/wp\/v2\/users\/1"}],"replies":[{"embeddable":true,"href":"https:\/\/1bedrift.no\/lv\/wp-json\/wp\/v2\/comments?post=2395"}],"version-history":[{"count":1,"href":"https:\/\/1bedrift.no\/lv\/wp-json\/wp\/v2\/pages\/2395\/revisions"}],"predecessor-version":[{"id":2396,"href":"https:\/\/1bedrift.no\/lv\/wp-json\/wp\/v2\/pages\/2395\/revisions\/2396"}],"wp:attachment":[{"href":"https:\/\/1bedrift.no\/lv\/wp-json\/wp\/v2\/media?parent=2395"}],"curies":[{"name":"wp","href":"https:\/\/api.w.org\/{rel}","templated":true}]}}