{"id":2411,"date":"2020-10-27T01:42:34","date_gmt":"2020-10-27T00:42:34","guid":{"rendered":"http:\/\/1bedrift.no\/?page_id=2411"},"modified":"2024-04-11T10:33:15","modified_gmt":"2024-04-11T08:33:15","slug":"par-mums","status":"publish","type":"page","link":"https:\/\/1bedrift.no\/lv\/par-mums\/","title":{"rendered":"Par mums"},"content":{"rendered":"<div id=\"pl-2411\"  class=\"panel-layout\" ><div id=\"pg-2411-0\"  class=\"panel-grid panel-no-style\" ><div id=\"pgc-2411-0-0\"  class=\"panel-grid-cell\" ><div id=\"panel-2411-0-0-0\" class=\"so-panel widget widget_page-hero-about-widget panel-first-child\" data-index=\"0\" ><div\n\t\t\t\n\t\t\tclass=\"so-widget-page-hero-about-widget so-widget-page-hero-about-widget-base\"\n\t\t\t\n\t\t>\t\t<style>\r\n\t\t\t.page-hero {\r\n\t\t\t\tbackground-image: url('https:\/\/1b&#101;&#100;&#114;&#105;&#102;&#116;&#46;&#x6e;&#x6f;&#x2f;&#x77;&#x70;&#x2d;&#x63;&#x6f;&#x6e;tent&#47;&#117;&#112;&#108;&#111;&#97;&#100;&#x73;&#x2f;&#x32;&#x30;&#x32;&#x30;&#x2f;&#x30;&#x34;\/Hea&#100;&#101;&#114;&#95;&#66;&#71;&#95;&#x61;&#x62;&#x6f;&#x75;&#x74;&#x5f;&#x75;&#x73;&#x40;2x-1&#45;&#49;&#50;&#48;&#48;&#120;&#55;&#x31;&#x39;&#x2e;&#x6a;&#x70;&#x67;');\r\n\t\t\t}\r\n\r\n\t\t\t@media screen and (min-width: 1200px) {\r\n\t\t\t\t.page-hero {\r\n\t\t\t\t\tbackground-image: url('https:&#47;&#x2f;1&#98;&#x65;&#100;&#x72;i&#102;&#x74;&#46;&#x6e;&#x6f;&#47;&#x77;p&#45;&#x63;o&#x6e;&#x74;&#101;&#x6e;t&#47;&#x75;&#112;&#x6c;o&#97;&#x64;s&#47;&#x32;&#48;&#x32;0&#47;&#x30;4&#x2f;&#x48;&#101;&#x61;d&#101;&#x72;_&#x42;&#x47;&#95;&#x61;b&#111;&#x75;&#116;&#x5f;u&#115;&#x40;2&#x78;&#x2d;&#49;&#x2d;s&#99;&#x61;l&#x65;&#x64;&#46;&#x6a;p&#103;');\r\n\t\t\t\t}\r\n\t\t\t}\r\n\t\t<\/style>\r\n\t\r\n<div class=\"tilt-block tilt-block--bottom\">\r\n\t<div class=\"page-hero page-hero--about\">\r\n\t\t<div class=\"row align-center\">\r\n\t\t\t<div class=\"small-12 column\">\r\n\t\t\t\t<div class=\"page-hero__content\">\r\n\t\t\t\t\t<h1 class=\"page-hero__heading title-underline-white title-underline-white--left\">\r\n\t\t\t\t\t\tPar mums\t\t\t\t\t<\/h1>\r\n\r\n\t\t\t\t\t<div class=\"page-hero__subheading\">\r\n\t\t\t\t\t\t<p>Projekts 1Bedrift.no <strong>ir pirm\u0101 Norv\u0113\u0123ij\u0101<\/strong> un vien\u012bg\u0101 sava veida vietne, kas dod iesp\u0113ju \u0101rvalstu uz\u0146\u0113m\u0113jiem <strong>vienk\u0101r\u0161ot, pa\u0101trin\u0101t<\/strong> un, kas nav mazsvar\u012bgi,<strong> padar\u012bt l\u0113t\u0101kus<\/strong> re\u0123istr\u0101cijas procesus Norv\u0113\u0123ij\u0101.<\/p>\n<p><strong>Viss, kas jums j\u0101dara, tas ir:<\/strong><\/p>\n<ul>\n<li>J\u0101aizpilda nelielu un viegli saprotamu sh\u0113mu,<strong> izmantojot Jums \u0113rtu interfeisa valodu.<\/strong><\/li>\n<li>J\u0101nos\u016bta m\u016bsu speci\u0101listiem parakst\u012btus platformas 1Bedrift.no autom\u0101tiski izveidotus dokumentus.<\/li>\n<li>Visu p\u0101r\u0113jo m\u0113s izdar\u012bsim J\u016bsu viet\u0101.<\/li>\n<\/ul>\n<p>Projekts rad\u012bts, \u0146emot v\u0113r\u0101 ilggad\u0113ju darba pieredzi ar \u0101rvalstu uz\u0146\u0113mumiem Norv\u0113\u0123ijas teritorij\u0101.<\/p>\n\t\t\t\t\t<\/div>\r\n\r\n\t\t\t\t\t\t\t\t\t\t\t<div class=\"page-hero__about-image\">\r\n\t\t\t\t\t\t\t<img decoding=\"async\" src=\"https:\/\/1bedrift.no\/wp-content\/uploads\/2020\/04\/about-us-map.svg\" srcset=\"\" alt=\"\">\r\n\t\t\t\t\t\t<\/div>\r\n\t\t\t\t\t\t\t\t\t<\/div>\r\n\t\t\t<\/div>\r\n\t\t<\/div>\r\n\t<\/div>\r\n<\/div><\/div><\/div><div id=\"panel-2411-0-0-1\" class=\"so-panel widget widget_norus-integration-widget\" data-index=\"1\" ><div\n\t\t\t\n\t\t\tclass=\"so-widget-norus-integration-widget so-widget-norus-integration-widget-base\"\n\t\t\t\n\t\t>\r\n<div class=\"tilt-block tilt-block--top-bottom tilt-block--move-up\">\r\n\t<div class=\"norus-integration\">\r\n\t\t<div class=\"tilt-block__padding-holder\">\r\n\t\t\t<div class=\"row align-center\">\r\n\t\t\t\t<div class=\"small-12 medium-10 large-9 column\">\r\n\t\t\t\t\t<div class=\"norus-integration__logos\">\r\n\t\t\t\t\t\t<div class=\"norus-integration__logo\"\r\n\t\t\t\t\t\t\t style=\"background-image: url('https:\/\/1bedrift.no\/wp-content\/uploads\/2020\/04\/1bedrift-logo-dark.svg')\"><\/div>\r\n\r\n\t\t\t\t\t\t<div class=\"norus-integration__arrow norus-integration__arrow--large show-for-medium\"><\/div>\r\n\t\t\t\t\t\t<div class=\"norus-integration__arrow norus-integration__arrow--small hide-for-medium\"><\/div>\r\n\r\n\t\t\t\t\t\t<div class=\"norus-integration__logo\"\r\n\t\t\t\t\t\t\t style=\"background-image: url('https:\/\/1bedrift.no\/wp-content\/uploads\/2020\/04\/Norus-logo-500x216.png')\"><\/div>\r\n\t\t\t\t\t<\/div>\r\n\r\n\t\t\t\t\t<div class=\"norus-integration__content\">\r\n\t\t\t\t\t\t<p>1Bedrift.no ir unik\u0101la platforma, ko izstr\u0101d\u0101ju\u0161i uz\u0146\u0113muma <a href=\"https:\/\/norus-regnskap.no\/lv\/\">Norus Accounting AS<\/a> vado\u0161ie konsultanti, kas specializ\u0113jas gr\u0101matved\u012bbas uzskait\u0113 Norv\u0113\u0123ij\u0101, visu \u012bpa\u0161umu formu juridisku personu nodok\u013cu pavad\u012b\u0161an\u0101, no re\u0123istr\u0101cijas l\u012bdz to likvid\u0113\u0161anai.<\/p>\n<p>J\u016bs vienm\u0113r varat v\u0113rsties p\u0113c profesion\u0101las pal\u012bdz\u012bbas vai konsult\u0101cijas pie m\u016bsu speci\u0101listiem..<\/p>\n\t\t\t\t\t<\/div>\r\n\r\n\t\t\t\t\t<div class=\"text-center\">\r\n\t\t\t\t\t\t<a href=\"https:\/\/norus-regnskap.no\/\" class=\"norus-integration__button button button--blue\">\r\n\t\t\t\t\t\t\tSkat\u012bt vair\u0101k\t\t\t\t\t\t<\/a>\r\n\t\t\t\t\t<\/div>\r\n\t\t\t\t<\/div>\r\n\t\t\t<\/div>\r\n\t\t<\/div>\r\n\t<\/div>\r\n<\/div><\/div><\/div><div id=\"panel-2411-0-0-2\" class=\"so-panel widget widget_team-widget panel-last-child\" data-index=\"2\" ><div\n\t\t\t\n\t\t\tclass=\"so-widget-team-widget so-widget-team-widget-base\"\n\t\t\t\n\t\t>\r\n<div class=\"our-team\">\r\n\t<div class=\"row\">\r\n\t\t<div class=\"column text-center\">\r\n\t\t\t<h2 class=\"our-team__heading heading-h2\">\r\n\t\t\t\tM\u016bsu komanda\t\t\t<\/h2>\r\n\t\t<\/div>\r\n\t<\/div>\r\n\r\n\t<div class=\"our-team-grid\">\r\n\t\t<div class=\"row\">\r\n\t\t\t\t\t\t\t<div class=\"small-12 medium-6 large-4 column\">\r\n\t\t\t\t\t<div class=\"member-card\">\r\n\t\t\t\t\t\t<div class=\"member-card__image\" style=\"background-image:url(https:\/\/1bedrift.no\/wp-content\/uploads\/2022\/10\/agne-lavickiene-400x500.jpg)\"><\/div>\r\n\r\n\t\t\t\t\t\t<h3 class=\"member-card__name\" data-mh=\"member-card__name\">\r\n\t\t\t\t\t\t\tAgne Lavickiene\t\t\t\t\t\t<\/h3>\r\n\r\n\t\t\t\t\t\t<p class=\"member-card__description\">\r\n\t\t\t\t\t\t\t\u0122ener\u0101ldirektors, m\u0101rketinga speci\u0101lists\t\t\t\t\t\t<\/p>\r\n\t\t\t\t\t<\/div>\r\n\t\t\t\t<\/div>\r\n\t\t\t\t\t\t\t<div class=\"small-12 medium-6 large-4 column\">\r\n\t\t\t\t\t<div class=\"member-card\">\r\n\t\t\t\t\t\t<div class=\"member-card__image\" style=\"background-image:url(https:\/\/1bedrift.no\/wp-content\/uploads\/2020\/12\/alexey-don.jpg)\"><\/div>\r\n\r\n\t\t\t\t\t\t<h3 class=\"member-card__name\" data-mh=\"member-card__name\">\r\n\t\t\t\t\t\t\tAlexey Don\t\t\t\t\t\t<\/h3>\r\n\r\n\t\t\t\t\t\t<p class=\"member-card__description\">\r\n\t\t\t\t\t\t\tPublic accountant, lawyer. Member of  the Accounting Norway Association \t\t\t\t\t\t<\/p>\r\n\t\t\t\t\t<\/div>\r\n\t\t\t\t<\/div>\r\n\t\t\t\t\t\t\t<div class=\"small-12 medium-6 large-4 column\">\r\n\t\t\t\t\t<div class=\"member-card\">\r\n\t\t\t\t\t\t<div class=\"member-card__image\" style=\"background-image:url(https:\/\/1bedrift.no\/wp-content\/uploads\/2020\/04\/sandra-latotinaite-400x500.jpg)\"><\/div>\r\n\r\n\t\t\t\t\t\t<h3 class=\"member-card__name\" data-mh=\"member-card__name\">\r\n\t\t\t\t\t\t\tSandra Latotinaite\t\t\t\t\t\t<\/h3>\r\n\r\n\t\t\t\t\t\t<p class=\"member-card__description\">\r\n\t\t\t\t\t\t\tAdvokat. Member of the Norwegian Bar Association\t\t\t\t\t\t<\/p>\r\n\t\t\t\t\t<\/div>\r\n\t\t\t\t<\/div>\r\n\t\t\t\t\t<\/div>\r\n\t<\/div>\r\n<\/div><\/div><\/div><\/div><\/div><\/div>","protected":false},"excerpt":{"rendered":"<p>Par mums Projekts 1Bedrift.no ir pirm\u0101 Norv\u0113\u0123ij\u0101 un vien\u012bg\u0101 sava veida vietne, kas dod iesp\u0113ju \u0101rvalstu uz\u0146\u0113m\u0113jiem vienk\u0101r\u0161ot, pa\u0101trin\u0101t un, kas nav&#8230;<\/p>\n","protected":false},"author":1,"featured_media":0,"parent":0,"menu_order":0,"comment_status":"closed","ping_status":"closed","template":"","meta":{"_acf_changed":false,"footnotes":""},"class_list":["post-2411","page","type-page","status-publish","hentry"],"acf":[],"yoast_head":"<!-- This site is optimized with the Yoast SEO plugin v25.6 - https:\/\/yoast.com\/wordpress\/plugins\/seo\/ -->\n<title>Par mums &#8226; 1bedrift<\/title>\n<meta name=\"robots\" content=\"index, follow, max-snippet:-1, max-image-preview:large, max-video-preview:-1\" \/>\n<link rel=\"canonical\" href=\"https:\/\/1bedrift.no\/lv\/par-mums\/\" \/>\n<meta property=\"og:locale\" content=\"lv_LV\" \/>\n<meta property=\"og:type\" content=\"article\" \/>\n<meta property=\"og:title\" content=\"Par mums &#8226; 1bedrift\" \/>\n<meta property=\"og:description\" content=\"Par mums Projekts 1Bedrift.no ir pirm\u0101 Norv\u0113\u0123ij\u0101 un vien\u012bg\u0101 sava veida vietne, kas dod iesp\u0113ju \u0101rvalstu uz\u0146\u0113m\u0113jiem vienk\u0101r\u0161ot, pa\u0101trin\u0101t un, kas nav...\" \/>\n<meta property=\"og:url\" content=\"https:\/\/1bedrift.no\/lv\/par-mums\/\" \/>\n<meta property=\"og:site_name\" content=\"1bedrift\" \/>\n<meta property=\"article:modified_time\" content=\"2024-04-11T08:33:15+00:00\" \/>\n<meta property=\"og:image\" content=\"https:\/\/1bedrift.no\/wp-content\/uploads\/2020\/09\/1bedrift-logo-square.png\" \/>\n\t<meta property=\"og:image:width\" content=\"400\" \/>\n\t<meta property=\"og:image:height\" content=\"400\" \/>\n\t<meta property=\"og:image:type\" content=\"image\/png\" \/>\n<meta name=\"twitter:card\" content=\"summary_large_image\" \/>\n<meta name=\"twitter:label1\" content=\"Est. reading time\" \/>\n\t<meta name=\"twitter:data1\" content=\"3 minutes\" \/>\n<script type=\"application\/ld+json\" class=\"yoast-schema-graph\">{\"@context\":\"https:\/\/schema.org\",\"@graph\":[{\"@type\":\"WebPage\",\"@id\":\"https:\/\/1bedrift.no\/lv\/par-mums\/\",\"url\":\"https:\/\/1bedrift.no\/lv\/par-mums\/\",\"name\":\"Par mums &#8226; 1bedrift\",\"isPartOf\":{\"@id\":\"https:\/\/1bedrift.no\/lv\/#website\"},\"datePublished\":\"2020-10-27T00:42:34+00:00\",\"dateModified\":\"2024-04-11T08:33:15+00:00\",\"breadcrumb\":{\"@id\":\"https:\/\/1bedrift.no\/lv\/par-mums\/#breadcrumb\"},\"inLanguage\":\"lv-LV\",\"potentialAction\":[{\"@type\":\"ReadAction\",\"target\":[\"https:\/\/1bedrift.no\/lv\/par-mums\/\"]}]},{\"@type\":\"BreadcrumbList\",\"@id\":\"https:\/\/1bedrift.no\/lv\/par-mums\/#breadcrumb\",\"itemListElement\":[{\"@type\":\"ListItem\",\"position\":1,\"name\":\"S\u0101kums\",\"item\":\"https:\/\/1bedrift.no\/lv\/\"},{\"@type\":\"ListItem\",\"position\":2,\"name\":\"Par mums\"}]},{\"@type\":\"WebSite\",\"@id\":\"https:\/\/1bedrift.no\/lv\/#website\",\"url\":\"https:\/\/1bedrift.no\/lv\/\",\"name\":\"1bedrift\",\"description\":\"Consulting and accounting services\",\"potentialAction\":[{\"@type\":\"SearchAction\",\"target\":{\"@type\":\"EntryPoint\",\"urlTemplate\":\"https:\/\/1bedrift.no\/lv\/?s={search_term_string}\"},\"query-input\":{\"@type\":\"PropertyValueSpecification\",\"valueRequired\":true,\"valueName\":\"search_term_string\"}}],\"inLanguage\":\"lv-LV\"}]}<\/script>\n<!-- \/ Yoast SEO plugin. -->","yoast_head_json":{"title":"Par mums &#8226; 1bedrift","robots":{"index":"index","follow":"follow","max-snippet":"max-snippet:-1","max-image-preview":"max-image-preview:large","max-video-preview":"max-video-preview:-1"},"canonical":"https:\/\/1bedrift.no\/lv\/par-mums\/","og_locale":"lv_LV","og_type":"article","og_title":"Par mums &#8226; 1bedrift","og_description":"Par mums Projekts 1Bedrift.no ir pirm\u0101 Norv\u0113\u0123ij\u0101 un vien\u012bg\u0101 sava veida vietne, kas dod iesp\u0113ju \u0101rvalstu uz\u0146\u0113m\u0113jiem vienk\u0101r\u0161ot, pa\u0101trin\u0101t un, kas nav...","og_url":"https:\/\/1bedrift.no\/lv\/par-mums\/","og_site_name":"1bedrift","article_modified_time":"2024-04-11T08:33:15+00:00","og_image":[{"width":400,"height":400,"url":"https:\/\/1bedrift.no\/wp-content\/uploads\/2020\/09\/1bedrift-logo-square.png","type":"image\/png"}],"twitter_card":"summary_large_image","twitter_misc":{"Est. reading time":"3 minutes"},"schema":{"@context":"https:\/\/schema.org","@graph":[{"@type":"WebPage","@id":"https:\/\/1bedrift.no\/lv\/par-mums\/","url":"https:\/\/1bedrift.no\/lv\/par-mums\/","name":"Par mums &#8226; 1bedrift","isPartOf":{"@id":"https:\/\/1bedrift.no\/lv\/#website"},"datePublished":"2020-10-27T00:42:34+00:00","dateModified":"2024-04-11T08:33:15+00:00","breadcrumb":{"@id":"https:\/\/1bedrift.no\/lv\/par-mums\/#breadcrumb"},"inLanguage":"lv-LV","potentialAction":[{"@type":"ReadAction","target":["https:\/\/1bedrift.no\/lv\/par-mums\/"]}]},{"@type":"BreadcrumbList","@id":"https:\/\/1bedrift.no\/lv\/par-mums\/#breadcrumb","itemListElement":[{"@type":"ListItem","position":1,"name":"S\u0101kums","item":"https:\/\/1bedrift.no\/lv\/"},{"@type":"ListItem","position":2,"name":"Par mums"}]},{"@type":"WebSite","@id":"https:\/\/1bedrift.no\/lv\/#website","url":"https:\/\/1bedrift.no\/lv\/","name":"1bedrift","description":"Consulting and accounting services","potentialAction":[{"@type":"SearchAction","target":{"@type":"EntryPoint","urlTemplate":"https:\/\/1bedrift.no\/lv\/?s={search_term_string}"},"query-input":{"@type":"PropertyValueSpecification","valueRequired":true,"valueName":"search_term_string"}}],"inLanguage":"lv-LV"}]}},"_links":{"self":[{"href":"https:\/\/1bedrift.no\/lv\/wp-json\/wp\/v2\/pages\/2411","targetHints":{"allow":["GET"]}}],"collection":[{"href":"https:\/\/1bedrift.no\/lv\/wp-json\/wp\/v2\/pages"}],"about":[{"href":"https:\/\/1bedrift.no\/lv\/wp-json\/wp\/v2\/types\/page"}],"author":[{"embeddable":true,"href":"https:\/\/1bedrift.no\/lv\/wp-json\/wp\/v2\/users\/1"}],"replies":[{"embeddable":true,"href":"https:\/\/1bedrift.no\/lv\/wp-json\/wp\/v2\/comments?post=2411"}],"version-history":[{"count":5,"href":"https:\/\/1bedrift.no\/lv\/wp-json\/wp\/v2\/pages\/2411\/revisions"}],"predecessor-version":[{"id":14413,"href":"https:\/\/1bedrift.no\/lv\/wp-json\/wp\/v2\/pages\/2411\/revisions\/14413"}],"wp:attachment":[{"href":"https:\/\/1bedrift.no\/lv\/wp-json\/wp\/v2\/media?parent=2411"}],"curies":[{"name":"wp","href":"https:\/\/api.w.org\/{rel}","templated":true}]}}