{"id":1256,"date":"2020-08-17T12:44:53","date_gmt":"2020-08-17T12:44:53","guid":{"rendered":"http:\/\/1bedrift.no\/?page_id=1256"},"modified":"2024-04-11T10:11:20","modified_gmt":"2024-04-11T08:11:20","slug":"nachalo","status":"publish","type":"page","link":"https:\/\/1bedrift.no\/pl\/","title":{"rendered":"Us\u0142ugi"},"content":{"rendered":"<div id=\"pl-1256\"  class=\"panel-layout\" ><div id=\"pg-1256-0\"  class=\"panel-grid panel-no-style\" ><div id=\"pgc-1256-0-0\"  class=\"panel-grid-cell\" ><div id=\"panel-1256-0-0-0\" class=\"so-panel widget widget_services-widget panel-first-child panel-last-child\" data-index=\"0\" ><div\n\t\t\t\n\t\t\tclass=\"so-widget-services-widget so-widget-services-widget-base\"\n\t\t\t\n\t\t>\r\n<div class=\"tilt-block tilt-block--bottom\">\r\n\t<div class=\"services-landing tilt-block__padding-holder\">\r\n\r\n\t\t\t\t<style>\r\n\t\t\t.page-hero {\r\n\t\t\t\tbackground-image: url('https:\/&#47;&#x31;&#x62;e&#100;&#x72;&#x69;f&#116;&#46;&#x6e;&#x6f;\/&#119;&#x70;&#x2d;c&#111;&#x6e;&#x74;e&#110;&#116;&#x2f;&#x75;p&#108;&#x6f;&#x61;d&#115;&#x2f;&#x32;0&#50;&#48;&#x2f;&#x30;4&#47;&#x48;&#x65;a&#100;&#x65;&#x72;_&#66;&#71;&#x5f;&#x48;o&#109;&#x65;&#x40;2&#120;&#x2d;&#x31;-&#49;&#50;&#x30;&#x30;x&#51;&#x32;&#x39;&#46;&#106;&#x70;&#x67;');\r\n\t\t\t}\r\n\r\n\t\t\t@media screen and (min-width: 1200px) {\r\n\t\t\t\t.page-hero {\r\n\t\t\t\t\tbackground-image: url('https:\/\/&#49;&#98;&#x65;&#x64;&#x72;&#x69;ft&#46;&#110;&#x6f;&#x2f;&#x77;&#x70;-c&#111;&#110;&#116;&#x65;&#x6e;&#x74;&#x2f;up&#108;&#111;&#x61;&#x64;&#x73;&#x2f;20&#50;&#48;&#x2f;&#x30;&#x34;&#x2f;He&#97;&#100;&#101;&#x72;&#x5f;&#x42;&#x47;_H&#111;&#109;&#x65;&#x40;&#x32;&#x78;-1&#45;&#115;&#x63;&#x61;&#x6c;&#x65;d&#46;&#106;&#112;&#103;');\r\n\t\t\t\t}\r\n\t\t\t}\r\n\t\t<\/style>\r\n\t\r\n<div class=\"tilt-block tilt-block--bottom\">\r\n\t<div class=\"page-hero page-hero--services\">\r\n\t\t<div class=\"row align-center\">\r\n\t\t\t<div class=\"small-12 large-8 column text-center\">\r\n\t\t\t\t<div class=\"page-hero__content\">\r\n\t\t\t\t\t<h1 class=\"page-hero__heading\">\r\n\t\t\t\t\t\tNASZE US\u0141UGI\t\t\t\t\t<\/h1>\r\n\r\n\t\t\t\t\t<div class=\"page-hero__subheading\">\r\n\t\t\t\t\t\t<p>1Bedrift.no to unikalna platforma, kt\u00f3ra pomo\u017ce Ci zarejestrowa\u0107 swoj\u0105\u00a0 firm\u0119, jak r\u00f3wnie\u017c za\u0142atwi\u0107 wszelkie niezb\u0119dne zmiany w swoim przedsi\u0119biorstwie szybko, \u0142atwo, skutecznie i samodzielnie.<\/p>\n<p>U\u017cywaj swojego ojczystego lub wygodnego dla Ciebie j\u0119zyka interfejsu do za\u0142atwienia\u00a0 dokument\u00f3w. Otrzymasz wynik ko\u0144cowy w formacie oficjalnie wymaganym w Norwegii.<\/p>\n<p>Platforma zosta\u0142a stworzona przez ekspert\u00f3w z <a href=\"https:\/\/norus-regnskap.no\/\">Norus Accounting AS<\/a>.<\/p>\n\t\t\t\t\t<\/div>\r\n\t\t\t\t<\/div>\r\n\t\t\t<\/div>\r\n\t\t<\/div>\r\n\t<\/div>\r\n<\/div>\r\n\r\n\t\t<div class=\"services-grid\">\r\n\r\n\t\t\t<div class=\"row\">\r\n\t\t\t\t\t\t\t\t\t<div class=\"small-12 medium-6 large-4 column services-grid__item\">\r\n\t\t\t\t\t\t<div class=\"service-card \">\r\n\t\t\t\t\t\t\t<a href=\"https:\/\/1bedrift.no\/pl\/produkt\/podanie-firmie-adresu-prawnego-i-lub-pocztowego\/\" class=\"service-card__image\"\r\n\t\t\t\t\t\t\t   style=\"background-image:url(https:\/\/1bedrift.no\/wp-content\/uploads\/2020\/04\/Virtual_adress.png)\"><\/a>\r\n\r\n\t\t\t\t\t\t\t<h3 class=\"service-card__title\" data-mh=\"service-card__title\">\r\n\t\t\t\t\t\t\t\t<a href=\"https:\/\/1bedrift.no\/pl\/produkt\/podanie-firmie-adresu-prawnego-i-lub-pocztowego\/\">\r\n\t\t\t\t\t\t\t\t\tPodanie firmie adresu prawnego i \/ lub pocztowego\t\t\t\t\t\t\t\t<\/a>\r\n\t\t\t\t\t\t\t<\/h3>\r\n\r\n\t\t\t\t\t\t\t<p class=\"service-card__description\" data-mh=\"service-card__description\">\r\n\t\t\t\t\t\t\t\t\t\t\t\t\t\t\t<\/p>\r\n\r\n\t\t\t\t\t\t\t<a href=\"https:\/\/1bedrift.no\/pl\/produkt\/podanie-firmie-adresu-prawnego-i-lub-pocztowego\/\" class=\"service-card__link\">\r\n\t\t\t\t\t\t\t\tWi\u0119cej szczeg\u00f3\u0142\u00f3w\t\t\t\t\t\t\t\t<svg xmlns=\"http:\/\/www.w3.org\/2000\/svg\" width=\"22\" height=\"12\" viewBox=\"0 0 22 12\"><path d=\"M1 7c-.1 0-.3 0-.4-.1-.1 0-.2-.1-.3-.2C.1 6.6 0 6.3 0 6c0-.3.1-.5.3-.7.1-.1.2-.1.3-.2.2-.1.5-.1.8 0 .1 0 .2.1.3.2.2.2.3.5.3.7 0 .3-.1.5-.3.7l-.3.3H1z\" fill=\"#ff5512\"\/><path d=\"M21.7 5.3L16.8.4c-.4-.4-1-.4-1.4 0-.4.4-.4 1 0 1.4L18.6 5H4.5c-.6 0-1 .4-1 1s.4 1 1 1h14.1l-3.2 3.2c-.4.4-.4 1 0 1.4.2.2.5.3.7.3.2 0 .5-.1.7-.3l4.9-4.9c.4-.3.4-1 0-1.4z\" fill=\"#2177d6\"\/><\/svg>\n\t\t\t\t\t\t\t<\/a>\r\n\t\t\t\t\t\t<\/div>\r\n\t\t\t\t\t<\/div>\r\n\t\t\t\t\t\t\t\t\t<div class=\"small-12 medium-6 large-4 column services-grid__item\">\r\n\t\t\t\t\t\t<div class=\"service-card \">\r\n\t\t\t\t\t\t\t<a href=\"https:\/\/1bedrift.no\/pl\/produkt\/uzyskanie-juz-zarejestrowanej-i-gotowej-do-dzialania-firmy\/\" class=\"service-card__image\"\r\n\t\t\t\t\t\t\t   style=\"background-image:url(https:\/\/1bedrift.no\/wp-content\/uploads\/2020\/04\/Sale_of_companies.png)\"><\/a>\r\n\r\n\t\t\t\t\t\t\t<h3 class=\"service-card__title\" data-mh=\"service-card__title\">\r\n\t\t\t\t\t\t\t\t<a href=\"https:\/\/1bedrift.no\/pl\/produkt\/uzyskanie-juz-zarejestrowanej-i-gotowej-do-dzialania-firmy\/\">\r\n\t\t\t\t\t\t\t\t\tUzyskanie ju\u017c zarejestrowanej i gotowej do dzia\u0142ania firmy\t\t\t\t\t\t\t\t<\/a>\r\n\t\t\t\t\t\t\t<\/h3>\r\n\r\n\t\t\t\t\t\t\t<p class=\"service-card__description\" data-mh=\"service-card__description\">\r\n\t\t\t\t\t\t\t\t\t\t\t\t\t\t\t<\/p>\r\n\r\n\t\t\t\t\t\t\t<a href=\"https:\/\/1bedrift.no\/pl\/produkt\/uzyskanie-juz-zarejestrowanej-i-gotowej-do-dzialania-firmy\/\" class=\"service-card__link\">\r\n\t\t\t\t\t\t\t\tWi\u0119cej szczeg\u00f3\u0142\u00f3w\t\t\t\t\t\t\t\t<svg xmlns=\"http:\/\/www.w3.org\/2000\/svg\" width=\"22\" height=\"12\" viewBox=\"0 0 22 12\"><path d=\"M1 7c-.1 0-.3 0-.4-.1-.1 0-.2-.1-.3-.2C.1 6.6 0 6.3 0 6c0-.3.1-.5.3-.7.1-.1.2-.1.3-.2.2-.1.5-.1.8 0 .1 0 .2.1.3.2.2.2.3.5.3.7 0 .3-.1.5-.3.7l-.3.3H1z\" fill=\"#ff5512\"\/><path d=\"M21.7 5.3L16.8.4c-.4-.4-1-.4-1.4 0-.4.4-.4 1 0 1.4L18.6 5H4.5c-.6 0-1 .4-1 1s.4 1 1 1h14.1l-3.2 3.2c-.4.4-.4 1 0 1.4.2.2.5.3.7.3.2 0 .5-.1.7-.3l4.9-4.9c.4-.3.4-1 0-1.4z\" fill=\"#2177d6\"\/><\/svg>\n\t\t\t\t\t\t\t<\/a>\r\n\t\t\t\t\t\t<\/div>\r\n\t\t\t\t\t<\/div>\r\n\t\t\t\t\t\t\t\t\t<div class=\"small-12 medium-6 large-4 column services-grid__item\">\r\n\t\t\t\t\t\t<div class=\"service-card \">\r\n\t\t\t\t\t\t\t<a href=\"https:\/\/1bedrift.no\/pl\/produkt\/rejestracja-spolki-akcyjnej-as\/\" class=\"service-card__image\"\r\n\t\t\t\t\t\t\t   style=\"background-image:url(https:\/\/1bedrift.no\/wp-content\/uploads\/2020\/04\/AS_registration.png)\"><\/a>\r\n\r\n\t\t\t\t\t\t\t<h3 class=\"service-card__title\" data-mh=\"service-card__title\">\r\n\t\t\t\t\t\t\t\t<a href=\"https:\/\/1bedrift.no\/pl\/produkt\/rejestracja-spolki-akcyjnej-as\/\">\r\n\t\t\t\t\t\t\t\t\tRejestracja sp\u00f3\u0142ki akcyjnej (AS)\t\t\t\t\t\t\t\t<\/a>\r\n\t\t\t\t\t\t\t<\/h3>\r\n\r\n\t\t\t\t\t\t\t<p class=\"service-card__description\" data-mh=\"service-card__description\">\r\n\t\t\t\t\t\t\t\t\t\t\t\t\t\t\t<\/p>\r\n\r\n\t\t\t\t\t\t\t<a href=\"https:\/\/1bedrift.no\/pl\/produkt\/rejestracja-spolki-akcyjnej-as\/\" class=\"service-card__link\">\r\n\t\t\t\t\t\t\t\tWi\u0119cej szczeg\u00f3\u0142\u00f3w\t\t\t\t\t\t\t\t<svg xmlns=\"http:\/\/www.w3.org\/2000\/svg\" width=\"22\" height=\"12\" viewBox=\"0 0 22 12\"><path d=\"M1 7c-.1 0-.3 0-.4-.1-.1 0-.2-.1-.3-.2C.1 6.6 0 6.3 0 6c0-.3.1-.5.3-.7.1-.1.2-.1.3-.2.2-.1.5-.1.8 0 .1 0 .2.1.3.2.2.2.3.5.3.7 0 .3-.1.5-.3.7l-.3.3H1z\" fill=\"#ff5512\"\/><path d=\"M21.7 5.3L16.8.4c-.4-.4-1-.4-1.4 0-.4.4-.4 1 0 1.4L18.6 5H4.5c-.6 0-1 .4-1 1s.4 1 1 1h14.1l-3.2 3.2c-.4.4-.4 1 0 1.4.2.2.5.3.7.3.2 0 .5-.1.7-.3l4.9-4.9c.4-.3.4-1 0-1.4z\" fill=\"#2177d6\"\/><\/svg>\n\t\t\t\t\t\t\t<\/a>\r\n\t\t\t\t\t\t<\/div>\r\n\t\t\t\t\t<\/div>\r\n\t\t\t\t\t\t\t\t\t<div class=\"small-12 medium-6 large-4 column services-grid__item\">\r\n\t\t\t\t\t\t<div class=\"service-card \">\r\n\t\t\t\t\t\t\t<a href=\"https:\/\/1bedrift.no\/pl\/produkt\/rejestracja-oddzialu-firmy-zagranicznej-w-norwegii-nuf\/\" class=\"service-card__image\"\r\n\t\t\t\t\t\t\t   style=\"background-image:url(https:\/\/1bedrift.no\/wp-content\/uploads\/2020\/04\/NUF_registration.png)\"><\/a>\r\n\r\n\t\t\t\t\t\t\t<h3 class=\"service-card__title\" data-mh=\"service-card__title\">\r\n\t\t\t\t\t\t\t\t<a href=\"https:\/\/1bedrift.no\/pl\/produkt\/rejestracja-oddzialu-firmy-zagranicznej-w-norwegii-nuf\/\">\r\n\t\t\t\t\t\t\t\t\tRejestracja oddzia\u0142u firmy zagranicznej w Norwegii (NUF)\t\t\t\t\t\t\t\t<\/a>\r\n\t\t\t\t\t\t\t<\/h3>\r\n\r\n\t\t\t\t\t\t\t<p class=\"service-card__description\" data-mh=\"service-card__description\">\r\n\t\t\t\t\t\t\t\t\t\t\t\t\t\t\t<\/p>\r\n\r\n\t\t\t\t\t\t\t<a href=\"https:\/\/1bedrift.no\/pl\/produkt\/rejestracja-oddzialu-firmy-zagranicznej-w-norwegii-nuf\/\" class=\"service-card__link\">\r\n\t\t\t\t\t\t\t\tWi\u0119cej szczeg\u00f3\u0142\u00f3w\t\t\t\t\t\t\t\t<svg xmlns=\"http:\/\/www.w3.org\/2000\/svg\" width=\"22\" height=\"12\" viewBox=\"0 0 22 12\"><path d=\"M1 7c-.1 0-.3 0-.4-.1-.1 0-.2-.1-.3-.2C.1 6.6 0 6.3 0 6c0-.3.1-.5.3-.7.1-.1.2-.1.3-.2.2-.1.5-.1.8 0 .1 0 .2.1.3.2.2.2.3.5.3.7 0 .3-.1.5-.3.7l-.3.3H1z\" fill=\"#ff5512\"\/><path d=\"M21.7 5.3L16.8.4c-.4-.4-1-.4-1.4 0-.4.4-.4 1 0 1.4L18.6 5H4.5c-.6 0-1 .4-1 1s.4 1 1 1h14.1l-3.2 3.2c-.4.4-.4 1 0 1.4.2.2.5.3.7.3.2 0 .5-.1.7-.3l4.9-4.9c.4-.3.4-1 0-1.4z\" fill=\"#2177d6\"\/><\/svg>\n\t\t\t\t\t\t\t<\/a>\r\n\t\t\t\t\t\t<\/div>\r\n\t\t\t\t\t<\/div>\r\n\t\t\t\t\t\t\t\t\t<div class=\"small-12 medium-6 large-4 column services-grid__item\">\r\n\t\t\t\t\t\t<div class=\"service-card \">\r\n\t\t\t\t\t\t\t<a href=\"https:\/\/1bedrift.no\/pl\/produkt\/rejestracja-holdingu\/\" class=\"service-card__image\"\r\n\t\t\t\t\t\t\t   style=\"background-image:url(https:\/\/1bedrift.no\/wp-content\/uploads\/2020\/04\/Holding_registration.png)\"><\/a>\r\n\r\n\t\t\t\t\t\t\t<h3 class=\"service-card__title\" data-mh=\"service-card__title\">\r\n\t\t\t\t\t\t\t\t<a href=\"https:\/\/1bedrift.no\/pl\/produkt\/rejestracja-holdingu\/\">\r\n\t\t\t\t\t\t\t\t\tRejestracja holdingu\t\t\t\t\t\t\t\t<\/a>\r\n\t\t\t\t\t\t\t<\/h3>\r\n\r\n\t\t\t\t\t\t\t<p class=\"service-card__description\" data-mh=\"service-card__description\">\r\n\t\t\t\t\t\t\t\t\t\t\t\t\t\t\t<\/p>\r\n\r\n\t\t\t\t\t\t\t<a href=\"https:\/\/1bedrift.no\/pl\/produkt\/rejestracja-holdingu\/\" class=\"service-card__link\">\r\n\t\t\t\t\t\t\t\tWi\u0119cej szczeg\u00f3\u0142\u00f3w\t\t\t\t\t\t\t\t<svg xmlns=\"http:\/\/www.w3.org\/2000\/svg\" width=\"22\" height=\"12\" viewBox=\"0 0 22 12\"><path d=\"M1 7c-.1 0-.3 0-.4-.1-.1 0-.2-.1-.3-.2C.1 6.6 0 6.3 0 6c0-.3.1-.5.3-.7.1-.1.2-.1.3-.2.2-.1.5-.1.8 0 .1 0 .2.1.3.2.2.2.3.5.3.7 0 .3-.1.5-.3.7l-.3.3H1z\" fill=\"#ff5512\"\/><path d=\"M21.7 5.3L16.8.4c-.4-.4-1-.4-1.4 0-.4.4-.4 1 0 1.4L18.6 5H4.5c-.6 0-1 .4-1 1s.4 1 1 1h14.1l-3.2 3.2c-.4.4-.4 1 0 1.4.2.2.5.3.7.3.2 0 .5-.1.7-.3l4.9-4.9c.4-.3.4-1 0-1.4z\" fill=\"#2177d6\"\/><\/svg>\n\t\t\t\t\t\t\t<\/a>\r\n\t\t\t\t\t\t<\/div>\r\n\t\t\t\t\t<\/div>\r\n\t\t\t\t\t\t\t\t\t<div class=\"small-12 medium-6 large-4 column services-grid__item\">\r\n\t\t\t\t\t\t<div class=\"service-card \">\r\n\t\t\t\t\t\t\t<a href=\"https:\/\/1bedrift.no\/pl\/produkt\/rejestracja-przedsiebiorstwa-prywatnego-enk\/\" class=\"service-card__image\"\r\n\t\t\t\t\t\t\t   style=\"background-image:url(https:\/\/1bedrift.no\/wp-content\/uploads\/2020\/04\/EPF_registration.png)\"><\/a>\r\n\r\n\t\t\t\t\t\t\t<h3 class=\"service-card__title\" data-mh=\"service-card__title\">\r\n\t\t\t\t\t\t\t\t<a href=\"https:\/\/1bedrift.no\/pl\/produkt\/rejestracja-przedsiebiorstwa-prywatnego-enk\/\">\r\n\t\t\t\t\t\t\t\t\tRejestracja przedsi\u0119biorstwa prywatnego (ENK)\t\t\t\t\t\t\t\t<\/a>\r\n\t\t\t\t\t\t\t<\/h3>\r\n\r\n\t\t\t\t\t\t\t<p class=\"service-card__description\" data-mh=\"service-card__description\">\r\n\t\t\t\t\t\t\t\t\t\t\t\t\t\t\t<\/p>\r\n\r\n\t\t\t\t\t\t\t<a href=\"https:\/\/1bedrift.no\/pl\/produkt\/rejestracja-przedsiebiorstwa-prywatnego-enk\/\" class=\"service-card__link\">\r\n\t\t\t\t\t\t\t\tWi\u0119cej szczeg\u00f3\u0142\u00f3w\t\t\t\t\t\t\t\t<svg xmlns=\"http:\/\/www.w3.org\/2000\/svg\" width=\"22\" height=\"12\" viewBox=\"0 0 22 12\"><path d=\"M1 7c-.1 0-.3 0-.4-.1-.1 0-.2-.1-.3-.2C.1 6.6 0 6.3 0 6c0-.3.1-.5.3-.7.1-.1.2-.1.3-.2.2-.1.5-.1.8 0 .1 0 .2.1.3.2.2.2.3.5.3.7 0 .3-.1.5-.3.7l-.3.3H1z\" fill=\"#ff5512\"\/><path d=\"M21.7 5.3L16.8.4c-.4-.4-1-.4-1.4 0-.4.4-.4 1 0 1.4L18.6 5H4.5c-.6 0-1 .4-1 1s.4 1 1 1h14.1l-3.2 3.2c-.4.4-.4 1 0 1.4.2.2.5.3.7.3.2 0 .5-.1.7-.3l4.9-4.9c.4-.3.4-1 0-1.4z\" fill=\"#2177d6\"\/><\/svg>\n\t\t\t\t\t\t\t<\/a>\r\n\t\t\t\t\t\t<\/div>\r\n\t\t\t\t\t<\/div>\r\n\t\t\t\t\r\n\t\t\t\t<div class=\"small-12 large-4 column\"><\/div>\r\n\r\n\t\t\t\t<div class=\"small-12 large-8 column\">\r\n\t\t\t\t\t<div class=\"services-grid-contacts\">\r\n\r\n\t\t\t\t\t\t<h3 class=\"services-grid-contacts__heading title-underline-blue title-underline-blue--right\">\r\n\t\t\t\t\t\t\tSKONTAKTUJ SI\u0118 Z NAMI\t\t\t\t\t\t<\/h3>\r\n\r\n\t\t\t\t\t\t<div class=\"services-grid-contacts__subheading\">\r\n\t\t\t\t\t\t\t<p>Ch\u0119tnie pomo\u017cemy i doradzimy we wszystkich sprawach.<\/p>\n\t\t\t\t\t\t<\/div>\r\n\r\n\t\t\t\t\t\t<div class=\"services-grid-contacts__items\">\r\n\t\t\t\t\t\t\t\r\n\r\n\t\t\t\t\t\t\t\r\n\t\t\t\t\t\t\t\t<a href=\"m&#97;&#x69;&#x6c;t&#111;&#x3a;&#x73;u&#112;&#112;&#x6f;&#x72;t&#64;&#x31;&#x62;e&#100;&#x72;&#x69;f&#116;&#46;&#x6e;&#x6f;\"\r\n\t\t\t\t\t\t\t\t   class=\"services-grid-contacts__item services-grid-contacts__item--email\">\r\n\t\t\t\t\t\t\t\t\tsupp&#111;&#114;&#116;&#64;&#49;&#98;&#101;&#x64;&#x72;&#x69;&#x66;&#x74;&#x2e;&#x6e;&#x6f;\t\t\t\t\t\t\t\t<\/a>\r\n\r\n\t\t\t\t\t\t\t\t\t\t\t\t\t\t<\/div>\r\n\t\t\t\t\t<\/div>\r\n\t\t\t\t<\/div>\r\n\t\t\t<\/div>\r\n\t\t<\/div>\r\n\t<\/div>\r\n<\/div>\r\n\r\n<script>\r\n    jQuery(function ($) {\r\n        $('.services-grid__view-more').on('click', function () {\r\n            $(this).remove();\r\n            $('.services-grid').addClass('services-grid--view-more');\r\n        });\r\n    })\r\n<\/script>\r\n<\/div><\/div><\/div><\/div><\/div>","protected":false},"excerpt":{"rendered":"<p>NASZE US\u0141UGI 1Bedrift.no to unikalna platforma, kt\u00f3ra pomo\u017ce Ci zarejestrowa\u0107 swoj\u0105\u00a0 firm\u0119, jak r\u00f3wnie\u017c za\u0142atwi\u0107 wszelkie niezb\u0119dne zmiany w swoim przedsi\u0119biorstwie szybko,&#8230;<\/p>\n","protected":false},"author":1,"featured_media":0,"parent":0,"menu_order":0,"comment_status":"closed","ping_status":"closed","template":"","meta":{"_acf_changed":false,"footnotes":""},"class_list":["post-1256","page","type-page","status-publish","hentry"],"acf":[],"yoast_head":"<!-- This site is optimized with the Yoast SEO plugin v25.6 - https:\/\/yoast.com\/wordpress\/plugins\/seo\/ -->\n<title>Us\u0142ugi &#8226; 1bedrift<\/title>\n<meta name=\"robots\" content=\"index, follow, max-snippet:-1, max-image-preview:large, max-video-preview:-1\" \/>\n<link rel=\"canonical\" href=\"https:\/\/1bedrift.no\/pl\/\" \/>\n<meta property=\"og:locale\" content=\"pl_PL\" \/>\n<meta property=\"og:type\" content=\"article\" \/>\n<meta property=\"og:title\" content=\"Us\u0142ugi &#8226; 1bedrift\" \/>\n<meta property=\"og:description\" content=\"NASZE US\u0141UGI 1Bedrift.no to unikalna platforma, kt\u00f3ra pomo\u017ce Ci zarejestrowa\u0107 swoj\u0105\u00a0 firm\u0119, jak r\u00f3wnie\u017c za\u0142atwi\u0107 wszelkie niezb\u0119dne zmiany w swoim przedsi\u0119biorstwie szybko,...\" \/>\n<meta property=\"og:url\" content=\"https:\/\/1bedrift.no\/pl\/\" \/>\n<meta property=\"og:site_name\" content=\"1bedrift\" \/>\n<meta property=\"article:modified_time\" content=\"2024-04-11T08:11:20+00:00\" \/>\n<meta property=\"og:image\" content=\"https:\/\/1bedrift.no\/wp-content\/uploads\/2020\/09\/1bedrift-logo-square.png\" \/>\n\t<meta property=\"og:image:width\" content=\"400\" \/>\n\t<meta property=\"og:image:height\" content=\"400\" \/>\n\t<meta property=\"og:image:type\" content=\"image\/png\" \/>\n<meta name=\"twitter:card\" content=\"summary_large_image\" \/>\n<meta name=\"twitter:label1\" content=\"Szacowany czas czytania\" \/>\n\t<meta name=\"twitter:data1\" content=\"2 minuty\" \/>\n<script type=\"application\/ld+json\" class=\"yoast-schema-graph\">{\"@context\":\"https:\/\/schema.org\",\"@graph\":[{\"@type\":\"WebPage\",\"@id\":\"https:\/\/1bedrift.no\/pl\/\",\"url\":\"https:\/\/1bedrift.no\/pl\/\",\"name\":\"Us\u0142ugi &#8226; 1bedrift\",\"isPartOf\":{\"@id\":\"https:\/\/1bedrift.no\/pl\/#website\"},\"datePublished\":\"2020-08-17T12:44:53+00:00\",\"dateModified\":\"2024-04-11T08:11:20+00:00\",\"breadcrumb\":{\"@id\":\"https:\/\/1bedrift.no\/pl\/#breadcrumb\"},\"inLanguage\":\"pl-PL\",\"potentialAction\":[{\"@type\":\"ReadAction\",\"target\":[\"https:\/\/1bedrift.no\/pl\/\"]}]},{\"@type\":\"BreadcrumbList\",\"@id\":\"https:\/\/1bedrift.no\/pl\/#breadcrumb\",\"itemListElement\":[{\"@type\":\"ListItem\",\"position\":1,\"name\":\"Do strony g\u0142\u00f3wnej\",\"item\":\"https:\/\/1bedrift.no\/pl\/\"},{\"@type\":\"ListItem\",\"position\":2,\"name\":\"Us\u0142ugi\"}]},{\"@type\":\"WebSite\",\"@id\":\"https:\/\/1bedrift.no\/pl\/#website\",\"url\":\"https:\/\/1bedrift.no\/pl\/\",\"name\":\"1bedrift\",\"description\":\"Consulting and accounting services\",\"potentialAction\":[{\"@type\":\"SearchAction\",\"target\":{\"@type\":\"EntryPoint\",\"urlTemplate\":\"https:\/\/1bedrift.no\/pl\/?s={search_term_string}\"},\"query-input\":{\"@type\":\"PropertyValueSpecification\",\"valueRequired\":true,\"valueName\":\"search_term_string\"}}],\"inLanguage\":\"pl-PL\"}]}<\/script>\n<!-- \/ Yoast SEO plugin. -->","yoast_head_json":{"title":"Us\u0142ugi &#8226; 1bedrift","robots":{"index":"index","follow":"follow","max-snippet":"max-snippet:-1","max-image-preview":"max-image-preview:large","max-video-preview":"max-video-preview:-1"},"canonical":"https:\/\/1bedrift.no\/pl\/","og_locale":"pl_PL","og_type":"article","og_title":"Us\u0142ugi &#8226; 1bedrift","og_description":"NASZE US\u0141UGI 1Bedrift.no to unikalna platforma, kt\u00f3ra pomo\u017ce Ci zarejestrowa\u0107 swoj\u0105\u00a0 firm\u0119, jak r\u00f3wnie\u017c za\u0142atwi\u0107 wszelkie niezb\u0119dne zmiany w swoim przedsi\u0119biorstwie szybko,...","og_url":"https:\/\/1bedrift.no\/pl\/","og_site_name":"1bedrift","article_modified_time":"2024-04-11T08:11:20+00:00","og_image":[{"width":400,"height":400,"url":"https:\/\/1bedrift.no\/wp-content\/uploads\/2020\/09\/1bedrift-logo-square.png","type":"image\/png"}],"twitter_card":"summary_large_image","twitter_misc":{"Szacowany czas czytania":"2 minuty"},"schema":{"@context":"https:\/\/schema.org","@graph":[{"@type":"WebPage","@id":"https:\/\/1bedrift.no\/pl\/","url":"https:\/\/1bedrift.no\/pl\/","name":"Us\u0142ugi &#8226; 1bedrift","isPartOf":{"@id":"https:\/\/1bedrift.no\/pl\/#website"},"datePublished":"2020-08-17T12:44:53+00:00","dateModified":"2024-04-11T08:11:20+00:00","breadcrumb":{"@id":"https:\/\/1bedrift.no\/pl\/#breadcrumb"},"inLanguage":"pl-PL","potentialAction":[{"@type":"ReadAction","target":["https:\/\/1bedrift.no\/pl\/"]}]},{"@type":"BreadcrumbList","@id":"https:\/\/1bedrift.no\/pl\/#breadcrumb","itemListElement":[{"@type":"ListItem","position":1,"name":"Do strony g\u0142\u00f3wnej","item":"https:\/\/1bedrift.no\/pl\/"},{"@type":"ListItem","position":2,"name":"Us\u0142ugi"}]},{"@type":"WebSite","@id":"https:\/\/1bedrift.no\/pl\/#website","url":"https:\/\/1bedrift.no\/pl\/","name":"1bedrift","description":"Consulting and accounting services","potentialAction":[{"@type":"SearchAction","target":{"@type":"EntryPoint","urlTemplate":"https:\/\/1bedrift.no\/pl\/?s={search_term_string}"},"query-input":{"@type":"PropertyValueSpecification","valueRequired":true,"valueName":"search_term_string"}}],"inLanguage":"pl-PL"}]}},"_links":{"self":[{"href":"https:\/\/1bedrift.no\/pl\/wp-json\/wp\/v2\/pages\/1256","targetHints":{"allow":["GET"]}}],"collection":[{"href":"https:\/\/1bedrift.no\/pl\/wp-json\/wp\/v2\/pages"}],"about":[{"href":"https:\/\/1bedrift.no\/pl\/wp-json\/wp\/v2\/types\/page"}],"author":[{"embeddable":true,"href":"https:\/\/1bedrift.no\/pl\/wp-json\/wp\/v2\/users\/1"}],"replies":[{"embeddable":true,"href":"https:\/\/1bedrift.no\/pl\/wp-json\/wp\/v2\/comments?post=1256"}],"version-history":[{"count":5,"href":"https:\/\/1bedrift.no\/pl\/wp-json\/wp\/v2\/pages\/1256\/revisions"}],"predecessor-version":[{"id":14402,"href":"https:\/\/1bedrift.no\/pl\/wp-json\/wp\/v2\/pages\/1256\/revisions\/14402"}],"wp:attachment":[{"href":"https:\/\/1bedrift.no\/pl\/wp-json\/wp\/v2\/media?parent=1256"}],"curies":[{"name":"wp","href":"https:\/\/api.w.org\/{rel}","templated":true}]}}