{"id":2799,"date":"2020-12-07T22:35:18","date_gmt":"2020-12-07T21:35:18","guid":{"rendered":"http:\/\/1bedrift.no\/?page_id=2799"},"modified":"2020-12-14T22:09:20","modified_gmt":"2020-12-14T21:09:20","slug":"polityka-prywatnosci","status":"publish","type":"page","link":"https:\/\/1bedrift.no\/pl\/polityka-prywatnosci\/","title":{"rendered":"Polityka prywatno\u015bci"},"content":{"rendered":"<p>Zobowi\u0105zujemy si\u0119 chroni\u0107 i szanowa\u0107 Twoj\u0105 prywatno\u015b\u0107, dlatego traktujemy ochron\u0119 Twoich danych osobowych tak powa\u017cnie, jak to tylko mo\u017cliwe. Wszystkie dane osobowe zgromadzone przez 1bedrift.no s\u0105 wykorzystywane wy\u0142\u0105cznie w ramach projektu i zgodnie z obowi\u0105zuj\u0105cymi norweskimi przepisami dotycz\u0105cymi prywatno\u015bci.<\/p>\n<p>Poni\u017cej mo\u017cesz przeczyta\u0107 o tym, jak post\u0119pujemy z Twoimi danymi oraz jakie informacje s\u0105 przechowywane na serwerach 1Bedrift.no<\/p>\n<p><span style=\"color: #ff0000;\"><strong>Korzystaj\u0105c z naszych us\u0142ug, zgadzasz si\u0119 na przetwarzanie i przechowywanie swoich danych osobowych i informacji o danych ruchu internetowego.<\/strong><\/span><\/p>\n<h2>Jakie dane osobowe s\u0105 gromadzone i jak s\u0105 wykorzystywane?<\/h2>\n<ul>\n<li>Zbieramy informacje o Tobie jako kliencie 1Bedrift.no w celu \u015bwiadcenia zam\u00f3wionej przez Ciebie us\u0142ugi. Bez posiadania przez nas danych osobowych, takich jak: imi\u0119 i nazwisko, adresy, prywatne numery rejestracyjne i tak dalej nie b\u0119dziemy w stanie pom\u00f3c Ci zarejestrowa\u0107 firmy ani przeprowadzi\u0107 \u017cadnych innych zmian lub dzia\u0142a\u0144, kt\u00f3rych potrzebujesz.<br \/>\nPrzekazanie nam informacji osobowych jest dobrowolne, ale r\u00f3wnie\u017c dane osobowe s\u0105 absolutnie nam potrzebne do \u015bwiadczenia us\u0142ug, poniewa\u017c wszystkie dokumenty rejestracyjne, musz\u0105 je zawiera\u0107.<\/li>\n<li>Informacje o zakupionych przez Ciebie us\u0142ugach, kopiach faktur i pokwitowa\u0144, pozwoleniach marketingowych i wszelkich kontaktach z naszym dzia\u0142em wsparcia.<br \/>\nPotrzebujemy tych informacji, aby przeprowadzi\u0107 wewn\u0119trzne rozliczenie 1Bedrift.no AS, a tak\u017ce w celu ulepszenia naszych us\u0142ug poprzez monitorowanie aktywno\u015bci klient\u00f3w.<\/li>\n<li>Gromadzimy maksymalnie szczeg\u00f3\u0142owe informacje na temat korzystania z witryny 1Bedrift.no takie jak dziennika aktywno\u015bci zwiedzania strony, informacje techniczne o urz\u0105dzeniu kt\u00f3rego u\u017cywa\u0142e\u015b, czas i dat\u0119 wizyty system operacyjny i przegl\u0105dark\u0119, IP-adres, wielko\u015b\u0107 ekranu i tak dalej, w tym za pomoc\u0105 plik\u00f3w cookie.<br \/>\nPotrzebujemy tych informacji do pracy marketerzy, kt\u00f3rzy promuj\u0105 projekt 1Bedrift.no, i dla dzia\u0142u IT, kt\u00f3ry pracuje nad ulepszeniem naszego projektu.<\/li>\n<li>Informacje o Twoim dost\u0119pie do systemu.<br \/>\nInformacje te s\u0105 niezb\u0119dne do realizacji wsparcia technicznego lub innego podczas pojawienia si\u0119 Ciebie jakichkolwiek pyta\u0144.<\/li>\n<\/ul>\n<h2>Komu mo\u017cemy udost\u0119pnia\u0107 Twoje dane osobowe?<\/h2>\n<p>Wszystkie zebrane informacje s\u0105 poufne i wykorzystywane wy\u0142\u0105cznie przy realizacji us\u0142ug 1Bedrift.no, ale w niekt\u00f3rych przypadkach jeste\u015bmy zobowi\u0105zani do przekazania Twoich danych innym organizacjom, ale tylko wtedy, gdy jest to regulowane przez obowi\u0105zuj\u0105ce ustawodawstwo Norwegii.<\/p>\n<p>Na przyk\u0142ad:<\/p>\n<ul>\n<li>do izby rejestracyjnej w celu realizacji \u015bwiadczenia zakupionej przez Ciebie us\u0142ugi<\/li>\n<li>podwykonawcom, kt\u00f3rzy dostarczaj\u0105 nam swoje us\u0142ugi i produkty (na przyk\u0142ad, firma ksi\u0119gowa <a href=\"https:\/\/norus-regnskap.no\/\">Norus Accounting AS<\/a>, je\u015bli konieczne jest przeprowadzenie r\u00f3\u017cnych konsultacji)<\/li>\n<li>W zwi\u0105zku ze sprzeda\u017c\u0105 1Bedrift.no AS lub fuzji sp\u00f3\u0142ek<\/li>\n<li>W innych przypadkach przewidzianych przez prawo, na przyk\u0142ad, na \u017c\u0105danie s\u0105du lub innych organ\u00f3w urz\u0119dowych.<\/li>\n<\/ul>\n<p>Podstawow\u0105 zasad\u0105 jest to, \u017ce wszelkie podane przez Ciebie informacje mog\u0105 by\u0107 wykorzystane wy\u0142\u0105cznie w celu \u015bwiadczenia wybranych przez Ciebie us\u0142ug.<\/p>\n<p>1Bedrift.no podejmuje specjalne \u015brodki ostro\u017cno\u015bci, aby zapewni\u0107 zapisanie Twoich danych. Wszyscy pracownicy firmy 1Bedrift.no, jak r\u00f3wnie\u017c wszyscy podwykonawcy podpisali umow\u0119 o nieujawnianiu jakichkolwiek danych dotycz\u0105cych naszych klient\u00f3w, w szczeg\u00f3lno\u015bci te zasady dotycz\u0105 firm spoza Norwegii.<\/p>\n<h2>Pliki cookies<\/h2>\n<p>1Bedrift.no wykorzystuje pliki cookies i inne podobne technologie w celu identyfikacji najpopularniejszych us\u0142ug i najcz\u0119\u015bciej odwiedzanych stron w serwisie www.1bedrift.no<br \/>\nInformacje te s\u0105 wykorzystywane przez nas, na przyk\u0142ad, do analizy us\u0142ug i targetingu reklam w Internecie.<\/p>\n<h2>Co mo\u017cesz robi\u0107?<\/h2>\n<ul>\n<li>Masz prawo dost\u0119pu do informacji, kt\u00f3re Ci\u0119 dotycz\u0105<\/li>\n<li>Mo\u017cesz za\u017c\u0105da\u0107 usuni\u0119cia lub poprawienia wszelkich danych, kt\u00f3re Ci\u0119 dotycz\u0105<\/li>\n<\/ul>\n<p>Zesp\u00f3\u0142 1Bedrift.no zobowi\u0105zuje si\u0119 do odpowiadania na jakiekolwiek skargi otrzymane na pi\u015bmie lub za po\u015brednictwem poczty elektronicznej <a href=\"&#x6d;&#x61;&#105;l&#x74;&#x6f;&#58;su&#x70;&#x70;&#111;r&#x74;&#x40;&#49;&#98;e&#x64;&#x72;&#105;f&#x74;&#x2e;&#110;&#111;\">&#x73;&#117;p&#x70;&#111;r&#x74;&#x40;&#49;&#x62;&#x65;&#100;r&#x69;&#102;t&#x2e;&#x6e;&#111;<\/a> w ci\u0105gu 30 dni roboczych.<\/p>\n","protected":false},"excerpt":{"rendered":"<p>Zobowi\u0105zujemy si\u0119 chroni\u0107 i szanowa\u0107 Twoj\u0105 prywatno\u015b\u0107, dlatego traktujemy ochron\u0119 Twoich danych osobowych tak powa\u017cnie, jak to tylko mo\u017cliwe. Wszystkie dane osobowe&#8230;<\/p>\n","protected":false},"author":1,"featured_media":0,"parent":0,"menu_order":0,"comment_status":"closed","ping_status":"closed","template":"","meta":{"_acf_changed":false,"footnotes":""},"class_list":["post-2799","page","type-page","status-publish","hentry"],"acf":[],"yoast_head":"<!-- This site is optimized with the Yoast SEO plugin v25.6 - https:\/\/yoast.com\/wordpress\/plugins\/seo\/ -->\n<title>Polityka prywatno\u015bci &#8226; 1bedrift<\/title>\n<meta name=\"robots\" content=\"index, follow, max-snippet:-1, max-image-preview:large, max-video-preview:-1\" \/>\n<link rel=\"canonical\" href=\"https:\/\/1bedrift.no\/pl\/polityka-prywatnosci\/\" \/>\n<meta property=\"og:locale\" content=\"pl_PL\" \/>\n<meta property=\"og:type\" content=\"article\" \/>\n<meta property=\"og:title\" content=\"Polityka prywatno\u015bci &#8226; 1bedrift\" \/>\n<meta property=\"og:description\" content=\"Zobowi\u0105zujemy si\u0119 chroni\u0107 i szanowa\u0107 Twoj\u0105 prywatno\u015b\u0107, dlatego traktujemy ochron\u0119 Twoich danych osobowych tak powa\u017cnie, jak to tylko mo\u017cliwe. Wszystkie dane osobowe...\" \/>\n<meta property=\"og:url\" content=\"https:\/\/1bedrift.no\/pl\/polityka-prywatnosci\/\" \/>\n<meta property=\"og:site_name\" content=\"1bedrift\" \/>\n<meta property=\"article:modified_time\" content=\"2020-12-14T21:09:20+00:00\" \/>\n<meta property=\"og:image\" content=\"https:\/\/1bedrift.no\/wp-content\/uploads\/2020\/09\/1bedrift-logo-square.png\" \/>\n\t<meta property=\"og:image:width\" content=\"400\" \/>\n\t<meta property=\"og:image:height\" content=\"400\" \/>\n\t<meta property=\"og:image:type\" content=\"image\/png\" \/>\n<meta name=\"twitter:card\" content=\"summary_large_image\" \/>\n<meta name=\"twitter:label1\" content=\"Szacowany czas czytania\" \/>\n\t<meta name=\"twitter:data1\" content=\"3 minuty\" \/>\n<script type=\"application\/ld+json\" class=\"yoast-schema-graph\">{\"@context\":\"https:\/\/schema.org\",\"@graph\":[{\"@type\":\"WebPage\",\"@id\":\"https:\/\/1bedrift.no\/pl\/polityka-prywatnosci\/\",\"url\":\"https:\/\/1bedrift.no\/pl\/polityka-prywatnosci\/\",\"name\":\"Polityka prywatno\u015bci &#8226; 1bedrift\",\"isPartOf\":{\"@id\":\"https:\/\/1bedrift.no\/pl\/#website\"},\"datePublished\":\"2020-12-07T21:35:18+00:00\",\"dateModified\":\"2020-12-14T21:09:20+00:00\",\"breadcrumb\":{\"@id\":\"https:\/\/1bedrift.no\/pl\/polityka-prywatnosci\/#breadcrumb\"},\"inLanguage\":\"pl-PL\",\"potentialAction\":[{\"@type\":\"ReadAction\",\"target\":[\"https:\/\/1bedrift.no\/pl\/polityka-prywatnosci\/\"]}]},{\"@type\":\"BreadcrumbList\",\"@id\":\"https:\/\/1bedrift.no\/pl\/polityka-prywatnosci\/#breadcrumb\",\"itemListElement\":[{\"@type\":\"ListItem\",\"position\":1,\"name\":\"Do strony g\u0142\u00f3wnej\",\"item\":\"https:\/\/1bedrift.no\/pl\/\"},{\"@type\":\"ListItem\",\"position\":2,\"name\":\"Polityka prywatno\u015bci\"}]},{\"@type\":\"WebSite\",\"@id\":\"https:\/\/1bedrift.no\/pl\/#website\",\"url\":\"https:\/\/1bedrift.no\/pl\/\",\"name\":\"1bedrift\",\"description\":\"Consulting and accounting services\",\"potentialAction\":[{\"@type\":\"SearchAction\",\"target\":{\"@type\":\"EntryPoint\",\"urlTemplate\":\"https:\/\/1bedrift.no\/pl\/?s={search_term_string}\"},\"query-input\":{\"@type\":\"PropertyValueSpecification\",\"valueRequired\":true,\"valueName\":\"search_term_string\"}}],\"inLanguage\":\"pl-PL\"}]}<\/script>\n<!-- \/ Yoast SEO plugin. -->","yoast_head_json":{"title":"Polityka prywatno\u015bci &#8226; 1bedrift","robots":{"index":"index","follow":"follow","max-snippet":"max-snippet:-1","max-image-preview":"max-image-preview:large","max-video-preview":"max-video-preview:-1"},"canonical":"https:\/\/1bedrift.no\/pl\/polityka-prywatnosci\/","og_locale":"pl_PL","og_type":"article","og_title":"Polityka prywatno\u015bci &#8226; 1bedrift","og_description":"Zobowi\u0105zujemy si\u0119 chroni\u0107 i szanowa\u0107 Twoj\u0105 prywatno\u015b\u0107, dlatego traktujemy ochron\u0119 Twoich danych osobowych tak powa\u017cnie, jak to tylko mo\u017cliwe. Wszystkie dane osobowe...","og_url":"https:\/\/1bedrift.no\/pl\/polityka-prywatnosci\/","og_site_name":"1bedrift","article_modified_time":"2020-12-14T21:09:20+00:00","og_image":[{"width":400,"height":400,"url":"https:\/\/1bedrift.no\/wp-content\/uploads\/2020\/09\/1bedrift-logo-square.png","type":"image\/png"}],"twitter_card":"summary_large_image","twitter_misc":{"Szacowany czas czytania":"3 minuty"},"schema":{"@context":"https:\/\/schema.org","@graph":[{"@type":"WebPage","@id":"https:\/\/1bedrift.no\/pl\/polityka-prywatnosci\/","url":"https:\/\/1bedrift.no\/pl\/polityka-prywatnosci\/","name":"Polityka prywatno\u015bci &#8226; 1bedrift","isPartOf":{"@id":"https:\/\/1bedrift.no\/pl\/#website"},"datePublished":"2020-12-07T21:35:18+00:00","dateModified":"2020-12-14T21:09:20+00:00","breadcrumb":{"@id":"https:\/\/1bedrift.no\/pl\/polityka-prywatnosci\/#breadcrumb"},"inLanguage":"pl-PL","potentialAction":[{"@type":"ReadAction","target":["https:\/\/1bedrift.no\/pl\/polityka-prywatnosci\/"]}]},{"@type":"BreadcrumbList","@id":"https:\/\/1bedrift.no\/pl\/polityka-prywatnosci\/#breadcrumb","itemListElement":[{"@type":"ListItem","position":1,"name":"Do strony g\u0142\u00f3wnej","item":"https:\/\/1bedrift.no\/pl\/"},{"@type":"ListItem","position":2,"name":"Polityka prywatno\u015bci"}]},{"@type":"WebSite","@id":"https:\/\/1bedrift.no\/pl\/#website","url":"https:\/\/1bedrift.no\/pl\/","name":"1bedrift","description":"Consulting and accounting services","potentialAction":[{"@type":"SearchAction","target":{"@type":"EntryPoint","urlTemplate":"https:\/\/1bedrift.no\/pl\/?s={search_term_string}"},"query-input":{"@type":"PropertyValueSpecification","valueRequired":true,"valueName":"search_term_string"}}],"inLanguage":"pl-PL"}]}},"_links":{"self":[{"href":"https:\/\/1bedrift.no\/pl\/wp-json\/wp\/v2\/pages\/2799","targetHints":{"allow":["GET"]}}],"collection":[{"href":"https:\/\/1bedrift.no\/pl\/wp-json\/wp\/v2\/pages"}],"about":[{"href":"https:\/\/1bedrift.no\/pl\/wp-json\/wp\/v2\/types\/page"}],"author":[{"embeddable":true,"href":"https:\/\/1bedrift.no\/pl\/wp-json\/wp\/v2\/users\/1"}],"replies":[{"embeddable":true,"href":"https:\/\/1bedrift.no\/pl\/wp-json\/wp\/v2\/comments?post=2799"}],"version-history":[{"count":3,"href":"https:\/\/1bedrift.no\/pl\/wp-json\/wp\/v2\/pages\/2799\/revisions"}],"predecessor-version":[{"id":3067,"href":"https:\/\/1bedrift.no\/pl\/wp-json\/wp\/v2\/pages\/2799\/revisions\/3067"}],"wp:attachment":[{"href":"https:\/\/1bedrift.no\/pl\/wp-json\/wp\/v2\/media?parent=2799"}],"curies":[{"name":"wp","href":"https:\/\/api.w.org\/{rel}","templated":true}]}}