{"id":2803,"date":"2020-12-07T23:03:41","date_gmt":"2020-12-07T22:03:41","guid":{"rendered":"http:\/\/1bedrift.no\/?page_id=2803"},"modified":"2024-04-11T10:33:47","modified_gmt":"2024-04-11T08:33:47","slug":"o-nas","status":"publish","type":"page","link":"https:\/\/1bedrift.no\/pl\/o-nas\/","title":{"rendered":"O nas"},"content":{"rendered":"<div id=\"pl-2803\"  class=\"panel-layout\" ><div id=\"pg-2803-0\"  class=\"panel-grid panel-no-style\" ><div id=\"pgc-2803-0-0\"  class=\"panel-grid-cell\" ><div id=\"panel-2803-0-0-0\" class=\"so-panel widget widget_page-hero-about-widget panel-first-child\" data-index=\"0\" ><div\n\t\t\t\n\t\t\tclass=\"so-widget-page-hero-about-widget so-widget-page-hero-about-widget-base\"\n\t\t\t\n\t\t>\t\t<style>\r\n\t\t\t.page-hero {\r\n\t\t\t\tbackground-image: url('https:\/&#47;&#x31;&#x62;e&#100;&#114;&#x69;&#x66;t&#46;&#110;&#x6f;&#x2f;w&#112;&#x2d;&#x63;&#x6f;n&#116;&#x65;&#x6e;t&#47;&#117;&#x70;&#x6c;o&#97;&#100;&#x73;&#x2f;2&#48;&#x32;&#x30;&#x2f;0&#52;&#x2f;&#x48;ea&#100;&#x65;&#x72;_&#66;&#71;&#x5f;&#x61;b&#111;&#117;&#x74;&#x5f;u&#115;&#x40;&#x32;x-&#49;&#x2d;&#x31;2&#48;&#48;&#x78;&#x37;1&#57;&#46;&#x6a;&#x70;g');\r\n\t\t\t}\r\n\r\n\t\t\t@media screen and (min-width: 1200px) {\r\n\t\t\t\t.page-hero {\r\n\t\t\t\t\tbackground-image: url('https:\/\/&#49;&#98;&#101;&#x64;&#x72;&#x69;&#x66;t&#46;&#110;&#111;&#47;&#x77;&#x70;&#x2d;&#x63;on&#116;&#101;&#110;&#x74;&#x2f;&#x75;&#x70;lo&#97;&#100;&#115;&#x2f;&#x32;&#x30;&#x32;0\/&#48;&#52;&#47;&#x48;&#x65;&#x61;&#x64;er&#95;&#66;&#71;&#x5f;&#x61;&#x62;&#x6f;ut&#95;&#117;&#115;&#x40;&#x32;&#x78;&#x2d;1-&#115;&#99;&#97;&#x6c;&#x65;&#x64;&#x2e;jp&#103;');\r\n\t\t\t\t}\r\n\t\t\t}\r\n\t\t<\/style>\r\n\t\r\n<div class=\"tilt-block tilt-block--bottom\">\r\n\t<div class=\"page-hero page-hero--about\">\r\n\t\t<div class=\"row align-center\">\r\n\t\t\t<div class=\"small-12 column\">\r\n\t\t\t\t<div class=\"page-hero__content\">\r\n\t\t\t\t\t<h1 class=\"page-hero__heading title-underline-white title-underline-white--left\">\r\n\t\t\t\t\t\tO nas\t\t\t\t\t<\/h1>\r\n\r\n\t\t\t\t\t<div class=\"page-hero__subheading\">\r\n\t\t\t\t\t\t<p>Projekt 1Bedrift.no jest <strong>pierwszym w Norwegii<\/strong> i jedyna w swoim rodzaju platforma, jaka umo\u017cliwia dla przedsi\u0119biorc\u00f3w zagranicznych <strong>uproszczenie, przyspieszenie<\/strong> i, co wa\u017cne, <strong>obni\u017cenie kosztu<\/strong> proces\u00f3w rejestracji w Norwegii.<\/p>\n<p>Wszystko, co musisz zrobi\u0107, to:<\/p>\n<ul>\n<li>wype\u0142nij ma\u0142y i \u0142atwy do zrozumienia schemat, <strong>u\u017cywaj\u0105c wygodnego dla Ciebie j\u0119zyka interfejsu<\/strong>.<\/li>\n<li>wy\u015blij naszym specjalistom podpisane dokumenty i wygenerowane automatycznie przez 1Bedrift.no.<\/li>\n<li>Reszt\u0119 zrobimy za Ciebie.<\/li>\n<\/ul>\n<p>Projekt powsta\u0142 z uwzgl\u0119dnieniem wieloletniego do\u015bwiadczenia we wsp\u00f3\u0142pracy z firmami zagranicznymi na terytorium Norwegii.<\/p>\n\t\t\t\t\t<\/div>\r\n\r\n\t\t\t\t\t\t\t\t\t\t\t<div class=\"page-hero__about-image\">\r\n\t\t\t\t\t\t\t<img decoding=\"async\" src=\"https:\/\/1bedrift.no\/wp-content\/uploads\/2020\/04\/about-us-map.svg\" srcset=\"\" alt=\"\">\r\n\t\t\t\t\t\t<\/div>\r\n\t\t\t\t\t\t\t\t\t<\/div>\r\n\t\t\t<\/div>\r\n\t\t<\/div>\r\n\t<\/div>\r\n<\/div><\/div><\/div><div id=\"panel-2803-0-0-1\" class=\"so-panel widget widget_norus-integration-widget\" data-index=\"1\" ><div\n\t\t\t\n\t\t\tclass=\"so-widget-norus-integration-widget so-widget-norus-integration-widget-base\"\n\t\t\t\n\t\t>\r\n<div class=\"tilt-block tilt-block--top-bottom tilt-block--move-up\">\r\n\t<div class=\"norus-integration\">\r\n\t\t<div class=\"tilt-block__padding-holder\">\r\n\t\t\t<div class=\"row align-center\">\r\n\t\t\t\t<div class=\"small-12 medium-10 large-9 column\">\r\n\t\t\t\t\t<div class=\"norus-integration__logos\">\r\n\t\t\t\t\t\t<div class=\"norus-integration__logo\"\r\n\t\t\t\t\t\t\t style=\"background-image: url('https:\/\/1bedrift.no\/wp-content\/uploads\/2020\/04\/1bedrift-logo-dark.svg')\"><\/div>\r\n\r\n\t\t\t\t\t\t<div class=\"norus-integration__arrow norus-integration__arrow--large show-for-medium\"><\/div>\r\n\t\t\t\t\t\t<div class=\"norus-integration__arrow norus-integration__arrow--small hide-for-medium\"><\/div>\r\n\r\n\t\t\t\t\t\t<div class=\"norus-integration__logo\"\r\n\t\t\t\t\t\t\t style=\"background-image: url('https:\/\/1bedrift.no\/wp-content\/uploads\/2020\/04\/Norus-logo-500x216.png')\"><\/div>\r\n\t\t\t\t\t<\/div>\r\n\r\n\t\t\t\t\t<div class=\"norus-integration__content\">\r\n\t\t\t\t\t\t<p>1Bedrift.no to unikalna platforma opracowana przez wiod\u0105cych konsultant\u00f3w firmy <a href=\"https:\/\/norus-regnskap.no\">Norus Accounting AS<\/a>, kt\u00f3ra specjalizuje si\u0119 w ksi\u0119gowo\u015bci w Norwegii, zapewnieniu wsparcia podatkowego dla os\u00f3b prawnych wszystkich form w\u0142asno\u015bci, od rejestracji po ich likwidacj\u0119.<\/p>\n<p>Zawsze mo\u017cesz skorzysta\u0107 z fachowej pomocy lub porady naszych specjalist\u00f3w.<\/p>\n\t\t\t\t\t<\/div>\r\n\r\n\t\t\t\t\t<div class=\"text-center\">\r\n\t\t\t\t\t\t<a href=\"https:\/\/norus-regnskap.no\/\" class=\"norus-integration__button button button--blue\">\r\n\t\t\t\t\t\t\tZobacz wi\u0119cej\t\t\t\t\t\t<\/a>\r\n\t\t\t\t\t<\/div>\r\n\t\t\t\t<\/div>\r\n\t\t\t<\/div>\r\n\t\t<\/div>\r\n\t<\/div>\r\n<\/div><\/div><\/div><div id=\"panel-2803-0-0-2\" class=\"so-panel widget widget_team-widget panel-last-child\" data-index=\"2\" ><div\n\t\t\t\n\t\t\tclass=\"so-widget-team-widget so-widget-team-widget-base\"\n\t\t\t\n\t\t>\r\n<div class=\"our-team\">\r\n\t<div class=\"row\">\r\n\t\t<div class=\"column text-center\">\r\n\t\t\t<h2 class=\"our-team__heading heading-h2\">\r\n\t\t\t\tNasz zesp\u00f3\u0142\t\t\t<\/h2>\r\n\t\t<\/div>\r\n\t<\/div>\r\n\r\n\t<div class=\"our-team-grid\">\r\n\t\t<div class=\"row\">\r\n\t\t\t\t\t\t\t<div class=\"small-12 medium-6 large-4 column\">\r\n\t\t\t\t\t<div class=\"member-card\">\r\n\t\t\t\t\t\t<div class=\"member-card__image\" style=\"background-image:url(https:\/\/1bedrift.no\/wp-content\/uploads\/2022\/10\/agne-lavickiene-400x500.jpg)\"><\/div>\r\n\r\n\t\t\t\t\t\t<h3 class=\"member-card__name\" data-mh=\"member-card__name\">\r\n\t\t\t\t\t\t\tAgne Lavickiene\t\t\t\t\t\t<\/h3>\r\n\r\n\t\t\t\t\t\t<p class=\"member-card__description\">\r\n\t\t\t\t\t\t\tDyrektor generalny,\r\nspecjalista ds. marketingu\t\t\t\t\t\t<\/p>\r\n\t\t\t\t\t<\/div>\r\n\t\t\t\t<\/div>\r\n\t\t\t\t\t<\/div>\r\n\t<\/div>\r\n<\/div><\/div><\/div><\/div><\/div><\/div>","protected":false},"excerpt":{"rendered":"<p>O nas Projekt 1Bedrift.no jest pierwszym w Norwegii i jedyna w swoim rodzaju platforma, jaka umo\u017cliwia dla przedsi\u0119biorc\u00f3w zagranicznych uproszczenie, przyspieszenie i,&#8230;<\/p>\n","protected":false},"author":1,"featured_media":0,"parent":0,"menu_order":0,"comment_status":"closed","ping_status":"closed","template":"","meta":{"_acf_changed":false,"footnotes":""},"class_list":["post-2803","page","type-page","status-publish","hentry"],"acf":[],"yoast_head":"<!-- This site is optimized with the Yoast SEO plugin v25.6 - https:\/\/yoast.com\/wordpress\/plugins\/seo\/ -->\n<title>O nas &#8226; 1bedrift<\/title>\n<meta name=\"robots\" content=\"index, follow, max-snippet:-1, max-image-preview:large, max-video-preview:-1\" \/>\n<link rel=\"canonical\" href=\"https:\/\/1bedrift.no\/pl\/o-nas\/\" \/>\n<meta property=\"og:locale\" content=\"pl_PL\" \/>\n<meta property=\"og:type\" content=\"article\" \/>\n<meta property=\"og:title\" content=\"O nas &#8226; 1bedrift\" \/>\n<meta property=\"og:description\" content=\"O nas Projekt 1Bedrift.no jest pierwszym w Norwegii i jedyna w swoim rodzaju platforma, jaka umo\u017cliwia dla przedsi\u0119biorc\u00f3w zagranicznych uproszczenie, przyspieszenie i,...\" \/>\n<meta property=\"og:url\" content=\"https:\/\/1bedrift.no\/pl\/o-nas\/\" \/>\n<meta property=\"og:site_name\" content=\"1bedrift\" \/>\n<meta property=\"article:modified_time\" content=\"2024-04-11T08:33:47+00:00\" \/>\n<meta property=\"og:image\" content=\"https:\/\/1bedrift.no\/wp-content\/uploads\/2020\/09\/1bedrift-logo-square.png\" \/>\n\t<meta property=\"og:image:width\" content=\"400\" \/>\n\t<meta property=\"og:image:height\" content=\"400\" \/>\n\t<meta property=\"og:image:type\" content=\"image\/png\" \/>\n<meta name=\"twitter:card\" content=\"summary_large_image\" \/>\n<meta name=\"twitter:label1\" content=\"Szacowany czas czytania\" \/>\n\t<meta name=\"twitter:data1\" content=\"2 minuty\" \/>\n<script type=\"application\/ld+json\" class=\"yoast-schema-graph\">{\"@context\":\"https:\/\/schema.org\",\"@graph\":[{\"@type\":\"WebPage\",\"@id\":\"https:\/\/1bedrift.no\/pl\/o-nas\/\",\"url\":\"https:\/\/1bedrift.no\/pl\/o-nas\/\",\"name\":\"O nas &#8226; 1bedrift\",\"isPartOf\":{\"@id\":\"https:\/\/1bedrift.no\/pl\/#website\"},\"datePublished\":\"2020-12-07T22:03:41+00:00\",\"dateModified\":\"2024-04-11T08:33:47+00:00\",\"breadcrumb\":{\"@id\":\"https:\/\/1bedrift.no\/pl\/o-nas\/#breadcrumb\"},\"inLanguage\":\"pl-PL\",\"potentialAction\":[{\"@type\":\"ReadAction\",\"target\":[\"https:\/\/1bedrift.no\/pl\/o-nas\/\"]}]},{\"@type\":\"BreadcrumbList\",\"@id\":\"https:\/\/1bedrift.no\/pl\/o-nas\/#breadcrumb\",\"itemListElement\":[{\"@type\":\"ListItem\",\"position\":1,\"name\":\"Do strony g\u0142\u00f3wnej\",\"item\":\"https:\/\/1bedrift.no\/pl\/\"},{\"@type\":\"ListItem\",\"position\":2,\"name\":\"O nas\"}]},{\"@type\":\"WebSite\",\"@id\":\"https:\/\/1bedrift.no\/pl\/#website\",\"url\":\"https:\/\/1bedrift.no\/pl\/\",\"name\":\"1bedrift\",\"description\":\"Consulting and accounting services\",\"potentialAction\":[{\"@type\":\"SearchAction\",\"target\":{\"@type\":\"EntryPoint\",\"urlTemplate\":\"https:\/\/1bedrift.no\/pl\/?s={search_term_string}\"},\"query-input\":{\"@type\":\"PropertyValueSpecification\",\"valueRequired\":true,\"valueName\":\"search_term_string\"}}],\"inLanguage\":\"pl-PL\"}]}<\/script>\n<!-- \/ Yoast SEO plugin. -->","yoast_head_json":{"title":"O nas &#8226; 1bedrift","robots":{"index":"index","follow":"follow","max-snippet":"max-snippet:-1","max-image-preview":"max-image-preview:large","max-video-preview":"max-video-preview:-1"},"canonical":"https:\/\/1bedrift.no\/pl\/o-nas\/","og_locale":"pl_PL","og_type":"article","og_title":"O nas &#8226; 1bedrift","og_description":"O nas Projekt 1Bedrift.no jest pierwszym w Norwegii i jedyna w swoim rodzaju platforma, jaka umo\u017cliwia dla przedsi\u0119biorc\u00f3w zagranicznych uproszczenie, przyspieszenie i,...","og_url":"https:\/\/1bedrift.no\/pl\/o-nas\/","og_site_name":"1bedrift","article_modified_time":"2024-04-11T08:33:47+00:00","og_image":[{"width":400,"height":400,"url":"https:\/\/1bedrift.no\/wp-content\/uploads\/2020\/09\/1bedrift-logo-square.png","type":"image\/png"}],"twitter_card":"summary_large_image","twitter_misc":{"Szacowany czas czytania":"2 minuty"},"schema":{"@context":"https:\/\/schema.org","@graph":[{"@type":"WebPage","@id":"https:\/\/1bedrift.no\/pl\/o-nas\/","url":"https:\/\/1bedrift.no\/pl\/o-nas\/","name":"O nas &#8226; 1bedrift","isPartOf":{"@id":"https:\/\/1bedrift.no\/pl\/#website"},"datePublished":"2020-12-07T22:03:41+00:00","dateModified":"2024-04-11T08:33:47+00:00","breadcrumb":{"@id":"https:\/\/1bedrift.no\/pl\/o-nas\/#breadcrumb"},"inLanguage":"pl-PL","potentialAction":[{"@type":"ReadAction","target":["https:\/\/1bedrift.no\/pl\/o-nas\/"]}]},{"@type":"BreadcrumbList","@id":"https:\/\/1bedrift.no\/pl\/o-nas\/#breadcrumb","itemListElement":[{"@type":"ListItem","position":1,"name":"Do strony g\u0142\u00f3wnej","item":"https:\/\/1bedrift.no\/pl\/"},{"@type":"ListItem","position":2,"name":"O nas"}]},{"@type":"WebSite","@id":"https:\/\/1bedrift.no\/pl\/#website","url":"https:\/\/1bedrift.no\/pl\/","name":"1bedrift","description":"Consulting and accounting services","potentialAction":[{"@type":"SearchAction","target":{"@type":"EntryPoint","urlTemplate":"https:\/\/1bedrift.no\/pl\/?s={search_term_string}"},"query-input":{"@type":"PropertyValueSpecification","valueRequired":true,"valueName":"search_term_string"}}],"inLanguage":"pl-PL"}]}},"_links":{"self":[{"href":"https:\/\/1bedrift.no\/pl\/wp-json\/wp\/v2\/pages\/2803","targetHints":{"allow":["GET"]}}],"collection":[{"href":"https:\/\/1bedrift.no\/pl\/wp-json\/wp\/v2\/pages"}],"about":[{"href":"https:\/\/1bedrift.no\/pl\/wp-json\/wp\/v2\/types\/page"}],"author":[{"embeddable":true,"href":"https:\/\/1bedrift.no\/pl\/wp-json\/wp\/v2\/users\/1"}],"replies":[{"embeddable":true,"href":"https:\/\/1bedrift.no\/pl\/wp-json\/wp\/v2\/comments?post=2803"}],"version-history":[{"count":4,"href":"https:\/\/1bedrift.no\/pl\/wp-json\/wp\/v2\/pages\/2803\/revisions"}],"predecessor-version":[{"id":14415,"href":"https:\/\/1bedrift.no\/pl\/wp-json\/wp\/v2\/pages\/2803\/revisions\/14415"}],"wp:attachment":[{"href":"https:\/\/1bedrift.no\/pl\/wp-json\/wp\/v2\/media?parent=2803"}],"curies":[{"name":"wp","href":"https:\/\/api.w.org\/{rel}","templated":true}]}}