{"id":3141,"date":"2020-12-23T18:40:12","date_gmt":"2020-12-23T17:40:12","guid":{"rendered":"http:\/\/1bedrift.no\/?page_id=3141"},"modified":"2024-04-11T10:34:05","modified_gmt":"2024-04-11T08:34:05","slug":"despre-noi","status":"publish","type":"page","link":"https:\/\/1bedrift.no\/ro\/despre-noi\/","title":{"rendered":"Despre noi"},"content":{"rendered":"<div id=\"pl-3141\"  class=\"panel-layout\" ><div id=\"pg-3141-0\"  class=\"panel-grid panel-no-style\" ><div id=\"pgc-3141-0-0\"  class=\"panel-grid-cell\" ><div id=\"panel-3141-0-0-0\" class=\"so-panel widget widget_page-hero-about-widget panel-first-child\" data-index=\"0\" ><div\n\t\t\t\n\t\t\tclass=\"so-widget-page-hero-about-widget so-widget-page-hero-about-widget-base\"\n\t\t\t\n\t\t>\t\t<style>\r\n\t\t\t.page-hero {\r\n\t\t\t\tbackground-image: url('https:&#x2f;&#x2f;&#49;b&#x65;&#x64;&#114;&#105;f&#x74;&#x2e;&#110;&#111;\/&#x77;&#x70;&#45;co&#x6e;&#x74;&#101;n&#x74;&#x2f;&#117;&#112;l&#x6f;&#x61;&#100;&#115;\/&#x32;&#x30;&#50;0\/&#x30;&#x34;&#47;H&#x65;&#x61;&#100;&#101;r&#x5f;&#x42;&#71;&#95;a&#x62;&#x6f;&#117;t_&#x75;&#x73;&#64;2&#x78;&#x2d;&#x31;&#45;1&#x32;&#x30;&#48;&#120;7&#x31;&#x39;&#46;&#106;p&#x67;');\r\n\t\t\t}\r\n\r\n\t\t\t@media screen and (min-width: 1200px) {\r\n\t\t\t\t.page-hero {\r\n\t\t\t\t\tbackground-image: url('https:\/&#47;&#x31;&#x62;e&#100;&#114;&#x69;&#x66;t&#46;&#110;&#x6f;&#x2f;w&#112;&#x2d;&#x63;&#x6f;n&#116;&#x65;&#x6e;t&#47;&#117;&#x70;&#x6c;o&#97;&#100;&#x73;&#x2f;2&#48;&#x32;&#x30;&#x2f;0&#52;&#x2f;&#x48;ea&#100;&#x65;&#x72;_&#66;&#71;&#x5f;&#x61;b&#111;&#117;&#x74;&#x5f;u&#115;&#x40;&#x32;x-&#49;&#x2d;&#x73;c&#97;&#108;&#x65;&#x64;&#46;&#106;&#112;&#x67;');\r\n\t\t\t\t}\r\n\t\t\t}\r\n\t\t<\/style>\r\n\t\r\n<div class=\"tilt-block tilt-block--bottom\">\r\n\t<div class=\"page-hero page-hero--about\">\r\n\t\t<div class=\"row align-center\">\r\n\t\t\t<div class=\"small-12 column\">\r\n\t\t\t\t<div class=\"page-hero__content\">\r\n\t\t\t\t\t<h1 class=\"page-hero__heading title-underline-white title-underline-white--left\">\r\n\t\t\t\t\t\tDespre noi\t\t\t\t\t<\/h1>\r\n\r\n\t\t\t\t\t<div class=\"page-hero__subheading\">\r\n\t\t\t\t\t\t<p>Proiectul 1Bedrift.no este <strong>prima platform\u0103 din Norvegia<\/strong> \u0219i doar una de acest gen, care permite antreprenorilor str\u0103ini s\u0103 simplifice, s\u0103 accelereze \u0219i, nu este pu\u021bin important, s\u0103 atenueze procesele de \u00eenregistrare din Norvegia.<\/p>\n<p><strong>Tot ce trebuie s\u0103 face\u021bi este s\u0103:<\/strong><\/p>\n<ul>\n<li>completa\u021bi un circuit mic \u0219i u\u0219or de \u00een\u021beles, folosind \u00een acela\u0219i timp un limbaj de interfa\u021b\u0103 u\u0219or de utilizat.<\/li>\n<li>trimite tehnicienilor no\u0219tri documentele semnate generate automat 1Bedrift.no.<\/li>\n<li>Vom face restul pentru tine.<\/li>\n<\/ul>\n<p>Proiectul a fost creat \u021bin\u00e2nd cont de mul\u021bi ani de experien\u021b\u0103 cu companii str\u0103ine pe teritoriul Norvegiei.<\/p>\n\t\t\t\t\t<\/div>\r\n\r\n\t\t\t\t\t\t\t\t\t\t\t<div class=\"page-hero__about-image\">\r\n\t\t\t\t\t\t\t<img decoding=\"async\" src=\"https:\/\/1bedrift.no\/wp-content\/uploads\/2020\/04\/about-us-map.svg\" srcset=\"\" alt=\"\">\r\n\t\t\t\t\t\t<\/div>\r\n\t\t\t\t\t\t\t\t\t<\/div>\r\n\t\t\t<\/div>\r\n\t\t<\/div>\r\n\t<\/div>\r\n<\/div><\/div><\/div><div id=\"panel-3141-0-0-1\" class=\"so-panel widget widget_norus-integration-widget\" data-index=\"1\" ><div\n\t\t\t\n\t\t\tclass=\"so-widget-norus-integration-widget so-widget-norus-integration-widget-base\"\n\t\t\t\n\t\t>\r\n<div class=\"tilt-block tilt-block--top-bottom tilt-block--move-up\">\r\n\t<div class=\"norus-integration\">\r\n\t\t<div class=\"tilt-block__padding-holder\">\r\n\t\t\t<div class=\"row align-center\">\r\n\t\t\t\t<div class=\"small-12 medium-10 large-9 column\">\r\n\t\t\t\t\t<div class=\"norus-integration__logos\">\r\n\t\t\t\t\t\t<div class=\"norus-integration__logo\"\r\n\t\t\t\t\t\t\t style=\"background-image: url('https:\/\/1bedrift.no\/wp-content\/uploads\/2020\/04\/1bedrift-logo-dark.svg')\"><\/div>\r\n\r\n\t\t\t\t\t\t<div class=\"norus-integration__arrow norus-integration__arrow--large show-for-medium\"><\/div>\r\n\t\t\t\t\t\t<div class=\"norus-integration__arrow norus-integration__arrow--small hide-for-medium\"><\/div>\r\n\r\n\t\t\t\t\t\t<div class=\"norus-integration__logo\"\r\n\t\t\t\t\t\t\t style=\"background-image: url('https:\/\/1bedrift.no\/wp-content\/uploads\/2020\/04\/Norus-logo-500x216.png')\"><\/div>\r\n\t\t\t\t\t<\/div>\r\n\r\n\t\t\t\t\t<div class=\"norus-integration__content\">\r\n\t\t\t\t\t\t<p>1Bedrift.no este o platform\u0103 unic\u0103 dezvoltat\u0103 de consultan\u021bi de renume de la <a href=\"https:\/\/norus-regnskap.no\/ro\/\">Norus Accounting AS<\/a>, specializat\u0103 \u00een contabilitate \u00een Norvegia, suport fiscal pentru persoane juridice de toate formele de proprietate, de la \u00eenregistrare la lichidare.<\/p>\n<p>Pute\u021bi solicita \u00eentotdeauna ajutor profesional sau sfaturi de la speciali\u0219tii no\u0219tri.<\/p>\n\t\t\t\t\t<\/div>\r\n\r\n\t\t\t\t\t<div class=\"text-center\">\r\n\t\t\t\t\t\t<a href=\"https:\/\/norus-regnskap.no\/\" class=\"norus-integration__button button button--blue\">\r\n\t\t\t\t\t\t\tVezi mai mult\t\t\t\t\t\t<\/a>\r\n\t\t\t\t\t<\/div>\r\n\t\t\t\t<\/div>\r\n\t\t\t<\/div>\r\n\t\t<\/div>\r\n\t<\/div>\r\n<\/div><\/div><\/div><div id=\"panel-3141-0-0-2\" class=\"so-panel widget widget_team-widget panel-last-child\" data-index=\"2\" ><div\n\t\t\t\n\t\t\tclass=\"so-widget-team-widget so-widget-team-widget-base\"\n\t\t\t\n\t\t>\r\n<div class=\"our-team\">\r\n\t<div class=\"row\">\r\n\t\t<div class=\"column text-center\">\r\n\t\t\t<h2 class=\"our-team__heading heading-h2\">\r\n\t\t\t\tEchipa noastr\u0103\t\t\t<\/h2>\r\n\t\t<\/div>\r\n\t<\/div>\r\n\r\n\t<div class=\"our-team-grid\">\r\n\t\t<div class=\"row\">\r\n\t\t\t\t\t\t\t<div class=\"small-12 medium-6 large-4 column\">\r\n\t\t\t\t\t<div class=\"member-card\">\r\n\t\t\t\t\t\t<div class=\"member-card__image\" style=\"background-image:url(https:\/\/1bedrift.no\/wp-content\/uploads\/2022\/10\/agne-lavickiene-400x500.jpg)\"><\/div>\r\n\r\n\t\t\t\t\t\t<h3 class=\"member-card__name\" data-mh=\"member-card__name\">\r\n\t\t\t\t\t\t\tAgne Lavickiene\t\t\t\t\t\t<\/h3>\r\n\r\n\t\t\t\t\t\t<p class=\"member-card__description\">\r\n\t\t\t\t\t\t\tDirector general, specialist \u00een marketing\t\t\t\t\t\t<\/p>\r\n\t\t\t\t\t<\/div>\r\n\t\t\t\t<\/div>\r\n\t\t\t\t\t<\/div>\r\n\t<\/div>\r\n<\/div><\/div><\/div><\/div><\/div><\/div>","protected":false},"excerpt":{"rendered":"<p>Despre noi Proiectul 1Bedrift.no este prima platform\u0103 din Norvegia \u0219i doar una de acest gen, care permite antreprenorilor str\u0103ini s\u0103 simplifice, s\u0103&#8230;<\/p>\n","protected":false},"author":1,"featured_media":0,"parent":0,"menu_order":0,"comment_status":"closed","ping_status":"closed","template":"","meta":{"_acf_changed":false,"footnotes":""},"class_list":["post-3141","page","type-page","status-publish","hentry"],"acf":[],"yoast_head":"<!-- This site is optimized with the Yoast SEO plugin v27.5 - https:\/\/yoast.com\/product\/yoast-seo-wordpress\/ -->\n<title>Despre noi &#8226; 1bedrift<\/title>\n<meta name=\"robots\" content=\"index, follow, max-snippet:-1, max-image-preview:large, max-video-preview:-1\" \/>\n<link rel=\"canonical\" href=\"https:\/\/1bedrift.no\/ro\/despre-noi\/\" \/>\n<meta property=\"og:locale\" content=\"ro_RO\" \/>\n<meta property=\"og:type\" content=\"article\" \/>\n<meta property=\"og:title\" content=\"Despre noi &#8226; 1bedrift\" \/>\n<meta property=\"og:description\" content=\"Despre noi Proiectul 1Bedrift.no este prima platform\u0103 din Norvegia \u0219i doar una de acest gen, care permite antreprenorilor str\u0103ini s\u0103 simplifice, s\u0103...\" \/>\n<meta property=\"og:url\" content=\"https:\/\/1bedrift.no\/ro\/despre-noi\/\" \/>\n<meta property=\"og:site_name\" content=\"1bedrift\" \/>\n<meta property=\"article:modified_time\" content=\"2024-04-11T08:34:05+00:00\" \/>\n<meta property=\"og:image\" content=\"https:\/\/1bedrift.no\/wp-content\/uploads\/2020\/09\/1bedrift-logo-square.png\" \/>\n\t<meta property=\"og:image:width\" content=\"400\" \/>\n\t<meta property=\"og:image:height\" content=\"400\" \/>\n\t<meta property=\"og:image:type\" content=\"image\/png\" \/>\n<meta name=\"twitter:card\" content=\"summary_large_image\" \/>\n<meta name=\"twitter:label1\" content=\"Timp estimat pentru citire\" \/>\n\t<meta name=\"twitter:data1\" content=\"3 minute\" \/>\n<script type=\"application\/ld+json\" class=\"yoast-schema-graph\">{\"@context\":\"https:\\\/\\\/schema.org\",\"@graph\":[{\"@type\":\"WebPage\",\"@id\":\"https:\\\/\\\/1bedrift.no\\\/ro\\\/despre-noi\\\/\",\"url\":\"https:\\\/\\\/1bedrift.no\\\/ro\\\/despre-noi\\\/\",\"name\":\"Despre noi &#8226; 1bedrift\",\"isPartOf\":{\"@id\":\"https:\\\/\\\/1bedrift.no\\\/ro\\\/#website\"},\"datePublished\":\"2020-12-23T17:40:12+00:00\",\"dateModified\":\"2024-04-11T08:34:05+00:00\",\"breadcrumb\":{\"@id\":\"https:\\\/\\\/1bedrift.no\\\/ro\\\/despre-noi\\\/#breadcrumb\"},\"inLanguage\":\"ro-RO\",\"potentialAction\":[{\"@type\":\"ReadAction\",\"target\":[\"https:\\\/\\\/1bedrift.no\\\/ro\\\/despre-noi\\\/\"]}]},{\"@type\":\"BreadcrumbList\",\"@id\":\"https:\\\/\\\/1bedrift.no\\\/ro\\\/despre-noi\\\/#breadcrumb\",\"itemListElement\":[{\"@type\":\"ListItem\",\"position\":1,\"name\":\"Acas\u0103\",\"item\":\"https:\\\/\\\/1bedrift.no\\\/ro\\\/\"},{\"@type\":\"ListItem\",\"position\":2,\"name\":\"Despre noi\"}]},{\"@type\":\"WebSite\",\"@id\":\"https:\\\/\\\/1bedrift.no\\\/ro\\\/#website\",\"url\":\"https:\\\/\\\/1bedrift.no\\\/ro\\\/\",\"name\":\"1bedrift\",\"description\":\"Consulting and accounting services\",\"potentialAction\":[{\"@type\":\"SearchAction\",\"target\":{\"@type\":\"EntryPoint\",\"urlTemplate\":\"https:\\\/\\\/1bedrift.no\\\/ro\\\/?s={search_term_string}\"},\"query-input\":{\"@type\":\"PropertyValueSpecification\",\"valueRequired\":true,\"valueName\":\"search_term_string\"}}],\"inLanguage\":\"ro-RO\"}]}<\/script>\n<!-- \/ Yoast SEO plugin. -->","yoast_head_json":{"title":"Despre noi &#8226; 1bedrift","robots":{"index":"index","follow":"follow","max-snippet":"max-snippet:-1","max-image-preview":"max-image-preview:large","max-video-preview":"max-video-preview:-1"},"canonical":"https:\/\/1bedrift.no\/ro\/despre-noi\/","og_locale":"ro_RO","og_type":"article","og_title":"Despre noi &#8226; 1bedrift","og_description":"Despre noi Proiectul 1Bedrift.no este prima platform\u0103 din Norvegia \u0219i doar una de acest gen, care permite antreprenorilor str\u0103ini s\u0103 simplifice, s\u0103...","og_url":"https:\/\/1bedrift.no\/ro\/despre-noi\/","og_site_name":"1bedrift","article_modified_time":"2024-04-11T08:34:05+00:00","og_image":[{"width":400,"height":400,"url":"https:\/\/1bedrift.no\/wp-content\/uploads\/2020\/09\/1bedrift-logo-square.png","type":"image\/png"}],"twitter_card":"summary_large_image","twitter_misc":{"Timp estimat pentru citire":"3 minute"},"schema":{"@context":"https:\/\/schema.org","@graph":[{"@type":"WebPage","@id":"https:\/\/1bedrift.no\/ro\/despre-noi\/","url":"https:\/\/1bedrift.no\/ro\/despre-noi\/","name":"Despre noi &#8226; 1bedrift","isPartOf":{"@id":"https:\/\/1bedrift.no\/ro\/#website"},"datePublished":"2020-12-23T17:40:12+00:00","dateModified":"2024-04-11T08:34:05+00:00","breadcrumb":{"@id":"https:\/\/1bedrift.no\/ro\/despre-noi\/#breadcrumb"},"inLanguage":"ro-RO","potentialAction":[{"@type":"ReadAction","target":["https:\/\/1bedrift.no\/ro\/despre-noi\/"]}]},{"@type":"BreadcrumbList","@id":"https:\/\/1bedrift.no\/ro\/despre-noi\/#breadcrumb","itemListElement":[{"@type":"ListItem","position":1,"name":"Acas\u0103","item":"https:\/\/1bedrift.no\/ro\/"},{"@type":"ListItem","position":2,"name":"Despre noi"}]},{"@type":"WebSite","@id":"https:\/\/1bedrift.no\/ro\/#website","url":"https:\/\/1bedrift.no\/ro\/","name":"1bedrift","description":"Consulting and accounting services","potentialAction":[{"@type":"SearchAction","target":{"@type":"EntryPoint","urlTemplate":"https:\/\/1bedrift.no\/ro\/?s={search_term_string}"},"query-input":{"@type":"PropertyValueSpecification","valueRequired":true,"valueName":"search_term_string"}}],"inLanguage":"ro-RO"}]}},"_links":{"self":[{"href":"https:\/\/1bedrift.no\/ro\/wp-json\/wp\/v2\/pages\/3141","targetHints":{"allow":["GET"]}}],"collection":[{"href":"https:\/\/1bedrift.no\/ro\/wp-json\/wp\/v2\/pages"}],"about":[{"href":"https:\/\/1bedrift.no\/ro\/wp-json\/wp\/v2\/types\/page"}],"author":[{"embeddable":true,"href":"https:\/\/1bedrift.no\/ro\/wp-json\/wp\/v2\/users\/1"}],"replies":[{"embeddable":true,"href":"https:\/\/1bedrift.no\/ro\/wp-json\/wp\/v2\/comments?post=3141"}],"version-history":[{"count":4,"href":"https:\/\/1bedrift.no\/ro\/wp-json\/wp\/v2\/pages\/3141\/revisions"}],"predecessor-version":[{"id":14416,"href":"https:\/\/1bedrift.no\/ro\/wp-json\/wp\/v2\/pages\/3141\/revisions\/14416"}],"wp:attachment":[{"href":"https:\/\/1bedrift.no\/ro\/wp-json\/wp\/v2\/media?parent=3141"}],"curies":[{"name":"wp","href":"https:\/\/api.w.org\/{rel}","templated":true}]}}